{"id":22830,"date":"2020-02-26T12:15:28","date_gmt":"2020-02-26T11:15:28","guid":{"rendered":"https:\/\/rpg-berlin.de\/rpg\/?page_id=22830"},"modified":"2022-02-02T09:56:33","modified_gmt":"2022-02-02T08:56:33","slug":"faerun-1492-tz","status":"publish","type":"page","link":"https:\/\/rpg-berlin.de\/rpg\/faerun-1492-tz\/","title":{"rendered":"Karten"},"content":{"rendered":"[et_pb_section fb_built=&#8220;1&#8243; admin_label=&#8220;section&#8220; _builder_version=&#8220;4.14.7&#8243; background_color=&#8220;#020202&#8243; global_colors_info=&#8220;{}&#8220; custom_padding=&#8220;||||false|false&#8220;][et_pb_row column_structure=&#8220;2_3,1_3&#8243; admin_label=&#8220;Title Area&#8220; _builder_version=&#8220;4.14.7&#8243; background_image=&#8220;https:\/\/rpg-berlin.de\/rpg\/wp-content\/uploads\/2022\/02\/Karten.webp&#8220; min_height=&#8220;269.4px&#8220; custom_padding=&#8220;||0px|||&#8220; hover_enabled=&#8220;0&#8243; box_shadow_style=&#8220;preset1&#8243; box_shadow_vertical=&#8220;41px&#8220; box_shadow_blur=&#8220;50px&#8220; box_shadow_color=&#8220;#000000&#8243; box_shadow_position=&#8220;inner&#8220; locked=&#8220;off&#8220; global_colors_info=&#8220;{}&#8220; sticky_enabled=&#8220;0&#8243; title_text=&#8220;Karten&#8220; background_size=&#8220;contain&#8220; background_position=&#8220;top_right&#8220;][et_pb_column type=&#8220;2_3&#8243; _builder_version=&#8220;4.14.7&#8243; _module_preset=&#8220;default&#8220; global_colors_info=&#8220;{}&#8220;][et_pb_text admin_label=&#8220;Title&#8220; _builder_version=&#8220;4.14.7&#8243; text_font=&#8220;Poppins||||||||&#8220; text_font_size=&#8220;16px&#8220; text_line_height=&#8220;1.8em&#8220; header_font=&#8220;Roboto Condensed||||||||&#8220; header_line_height=&#8220;1.2em&#8220; header_2_font=&#8220;Roboto Condensed|600|||||||&#8220; header_2_text_align=&#8220;center&#8220; header_2_font_size=&#8220;36px&#8220; header_2_line_height=&#8220;1.4em&#8220; background_color=&#8220;rgba(0,0,0,0.66)&#8220; text_orientation=&#8220;center&#8220; max_width=&#8220;550px&#8220; module_alignment=&#8220;center&#8220; custom_margin=&#8220;|10px|10px||false|false&#8220; custom_padding=&#8220;|20px|9px|20px|false|false&#8220; animation_style=&#8220;slide&#8220; animation_direction=&#8220;top&#8220; animation_intensity_slide=&#8220;10%&#8220; animation_starting_opacity=&#8220;100%&#8220; box_shadow_style=&#8220;preset2&#8243; box_shadow_color=&#8220;rgba(0,0,0,0.73)&#8220; inline_fonts=&#8220;Roboto Condensed,Roboto&#8220; global_colors_info=&#8220;{}&#8220;]<h1><span style=\"color: #e02b20; font-size: x-large;\"><span style=\"font-family: Roboto Condensed; font-weight: normal;\">Karten<\/span><br \/><\/span><\/h1>\n<p style=\"text-align: center;\"><span style=\"color: #ffffff; font-family: Roboto Condensed; font-weight: normal; font-size: small;\">Hier findet der ein oder andere Abenteurer ein paar n\u00fctzliche Karten, f\u00fcr das n\u00e4chste Abenteuer. <br \/><\/span><\/p>[\/et_pb_text][\/et_pb_column][et_pb_column type=&#8220;1_3&#8243; _builder_version=&#8220;3.25&#8243; custom_padding=&#8220;|||&#8220; global_colors_info=&#8220;{}&#8220; custom_padding__hover=&#8220;|||&#8220;][\/et_pb_column][\/et_pb_row][et_pb_row admin_label=&#8220;row&#8220; _builder_version=&#8220;4.14.7&#8243; background_color=&#8220;rgba(221,0,0,0.53)&#8220; background_size=&#8220;initial&#8220; background_position=&#8220;top_left&#8220; background_repeat=&#8220;repeat&#8220; hover_enabled=&#8220;0&#8243; box_shadow_style=&#8220;preset1&#8243; box_shadow_blur=&#8220;80px&#8220; box_shadow_spread=&#8220;21px&#8220; box_shadow_color=&#8220;#E02B20&#8243; global_colors_info=&#8220;{}&#8220; sticky_enabled=&#8220;0&#8243;][et_pb_column type=&#8220;4_4&#8243; _builder_version=&#8220;3.25&#8243; custom_padding=&#8220;|||&#8220; global_colors_info=&#8220;{}&#8220; custom_padding__hover=&#8220;|||&#8220;][et_pb_text admin_label=&#8220;Text&#8220; _builder_version=&#8220;4.14.7&#8243; text_font=&#8220;Roboto Condensed||||||||&#8220; background_size=&#8220;initial&#8220; background_position=&#8220;top_left&#8220; background_repeat=&#8220;repeat&#8220; box_shadow_style=&#8220;preset2&#8243; box_shadow_color=&#8220;#020000&#8243; global_colors_info=&#8220;{}&#8220;]<p><\/p>\n<h2 class=\"wp-block-heading\" style=\"text-align: center;\"><\/h2>\n<p><\/p>\n<p><\/p>\n<h3 class=\"wp-block-heading\" style=\"text-align: center;\"><span style=\"color: #ffffff;\">Faer\u00fbn 1492 TZ (aktuell)<\/span><\/h3>\n<p style=\"text-align: center;\"><span style=\"color: #ffffff;\"><\/span><\/p>\n<p style=\"text-align: center;\"><span style=\"color: #ffffff;\"><\/span><\/p>\n<figure class=\"wp-block-image size-large\" style=\"text-align: center;\"><a href=\"https:\/\/i0.wp.com\/rpg-berlin.de\/rpg\/wp-content\/uploads\/map\/Faer%C3%BBn.jpg?ssl=1\"><img data-recalc-dims=\"1\" decoding=\"async\" width=\"600\" height=\"343\" src=\"https:\/\/i0.wp.com\/rpg-berlin.de\/rpg\/wp-content\/uploads\/2020\/02\/Faer%C3%BBn-1492.jpg?resize=600%2C343&#038;ssl=1\" alt=\"\" class=\"wp-image-22829\" srcset=\"https:\/\/i0.wp.com\/rpg-berlin.de\/rpg\/wp-content\/uploads\/2020\/02\/Faer%C3%BBn-1492.jpg?w=600&amp;ssl=1 600w, https:\/\/i0.wp.com\/rpg-berlin.de\/rpg\/wp-content\/uploads\/2020\/02\/Faer%C3%BBn-1492.jpg?resize=300%2C172&amp;ssl=1 300w\" sizes=\"(max-width: 600px) 100vw, 600px\" \/><\/a><\/p>\n<p>&nbsp;<\/p>\n<p>&nbsp;<\/p>\n<p>&nbsp;<\/p>\n<figcaption><span style=\"color: #ffffff;\">Durch klicken auf die Karte, wird diese in voller Gr\u00f6\u00dfe angezeigt<\/span><\/figcaption>\n<\/figure>\n<p style=\"text-align: center;\"><span style=\"color: #ffffff;\"><\/span><\/p>\n<p style=\"text-align: center;\"><span style=\"color: #ffffff;\"><\/span><\/p>\n<h3 class=\"wp-block-heading\" style=\"text-align: center;\"><span style=\"color: #ffffff;\">Faer\u00fbn 1479 TZ<\/span><\/h3>\n<p style=\"text-align: center;\"><span style=\"color: #ffffff;\"><\/span><\/p>\n<p style=\"text-align: center;\"><span style=\"color: #ffffff;\"><\/span><\/p>\n<figure class=\"wp-block-image size-large\" style=\"text-align: center;\"><a href=\"https:\/\/i0.wp.com\/rpg-berlin.de\/rpg\/wp-content\/uploads\/map\/Faer%C3%BBn_1479TZ.jpg?ssl=1\"><img data-recalc-dims=\"1\" decoding=\"async\" width=\"600\" height=\"421\" src=\"https:\/\/i0.wp.com\/rpg-berlin.de\/rpg\/wp-content\/uploads\/2020\/02\/Faerun_Map_1479DR.jpg?resize=600%2C421&#038;ssl=1\" alt=\"\" class=\"wp-image-22954\" srcset=\"https:\/\/i0.wp.com\/rpg-berlin.de\/rpg\/wp-content\/uploads\/2020\/02\/Faerun_Map_1479DR.jpg?w=600&amp;ssl=1 600w, https:\/\/i0.wp.com\/rpg-berlin.de\/rpg\/wp-content\/uploads\/2020\/02\/Faerun_Map_1479DR.jpg?resize=300%2C211&amp;ssl=1 300w\" sizes=\"(max-width: 600px) 100vw, 600px\" \/><\/a><\/p>\n<p>&nbsp;<\/p>\n<p>&nbsp;<\/p>\n<p>&nbsp;<\/p>\n<figcaption><span style=\"color: #ffffff;\">Durch klicken auf die Karte, wird diese in voller Gr\u00f6\u00dfe angezeigt<\/span><\/figcaption>\n<\/figure>\n<p style=\"text-align: center;\"><span style=\"color: #ffffff;\"><\/span><\/p>\n<p style=\"text-align: center;\"><span style=\"color: #ffffff;\"><\/span><\/p>\n<h3 class=\"wp-block-heading\" style=\"text-align: center;\"><span style=\"color: #ffffff;\">Faer\u00fbn 1374 TZ<\/span><\/h3>\n<p style=\"text-align: center;\"><span style=\"color: #ffffff;\"><\/span><\/p>\n<p style=\"text-align: center;\"><span style=\"color: #ffffff;\"><\/span><\/p>\n<figure class=\"wp-block-image size-large\" style=\"text-align: center;\"><span style=\"color: #ffffff;\"><a href=\"https:\/\/i0.wp.com\/rpg-berlin.de\/rpg\/wp-content\/uploads\/map\/Faer%C3%BBn_1374TZ.jpg?ssl=1\" style=\"color: #ffffff;\"><img data-recalc-dims=\"1\" decoding=\"async\" width=\"600\" height=\"401\" src=\"https:\/\/i0.wp.com\/rpg-berlin.de\/rpg\/wp-content\/uploads\/2020\/02\/FRposterLarge_150.jpg?resize=600%2C401&#038;ssl=1\" alt=\"\" class=\"wp-image-22956\" srcset=\"https:\/\/i0.wp.com\/rpg-berlin.de\/rpg\/wp-content\/uploads\/2020\/02\/FRposterLarge_150.jpg?w=600&amp;ssl=1 600w, https:\/\/i0.wp.com\/rpg-berlin.de\/rpg\/wp-content\/uploads\/2020\/02\/FRposterLarge_150.jpg?resize=300%2C201&amp;ssl=1 300w\" sizes=\"(max-width: 600px) 100vw, 600px\" \/><\/a><\/span><\/p>\n<p><span style=\"color: #ffffff;\">\u00a0<\/span><\/p>\n<p><span style=\"color: #ffffff;\">\u00a0<\/span><\/p>\n<p><span style=\"color: #ffffff;\">\u00a0<\/span><\/p>\n<figcaption><span style=\"color: #ffffff;\">Durch klicken auf die Karte, wird diese in voller Gr\u00f6\u00dfe angezeigt<\/span><\/figcaption>\n<\/figure>\n<p><\/p>[\/et_pb_text][\/et_pb_column][\/et_pb_row][\/et_pb_section]","protected":false},"excerpt":{"rendered":"<p>Faer\u00fbn 1492 TZ<\/p>\n","protected":false},"author":1,"featured_media":0,"parent":0,"menu_order":0,"comment_status":"closed","ping_status":"closed","template":"","meta":{"_et_pb_use_builder":"on","_et_pb_old_content":"<!-- wp:heading -->\n<h2>Karten<\/h2>\n<!-- \/wp:heading -->\n\n<!-- wp:heading {\"level\":3} -->\n<h3>Faer\u00fbn 1492 TZ (aktuell)<\/h3>\n<!-- \/wp:heading -->\n\n<!-- wp:image {\"id\":22829,\"sizeSlug\":\"large\",\"linkDestination\":\"custom\"} -->\n<figure class=\"wp-block-image size-large\"><a href=\"https:\/\/rpg-berlin.de\/rpg\/wp-content\/uploads\/map\/Faer%C3%BBn.jpg\"><img src=\"https:\/\/rpg-berlin.de\/rpg\/wp-content\/uploads\/2020\/02\/Faer\u00fbn-1492.jpg\" alt=\"\" class=\"wp-image-22829\"\/><\/a><figcaption>Durch klicken auf die Karte, wird diese in voller Gr\u00f6\u00dfe angezeigt<\/figcaption><\/figure>\n<!-- \/wp:image -->\n\n<!-- wp:heading {\"level\":3} -->\n<h3>Faer\u00fbn 1479 TZ<\/h3>\n<!-- \/wp:heading -->\n\n<!-- wp:image {\"id\":22954,\"sizeSlug\":\"large\",\"linkDestination\":\"custom\"} -->\n<figure class=\"wp-block-image size-large\"><a href=\"https:\/\/rpg-berlin.de\/rpg\/wp-content\/uploads\/map\/Faer\u00fbn_1479TZ.jpg\"><img src=\"https:\/\/rpg-berlin.de\/rpg\/wp-content\/uploads\/2020\/02\/Faerun_Map_1479DR.jpg\" alt=\"\" class=\"wp-image-22954\"\/><\/a><figcaption> Durch klicken auf die Karte, wird diese in voller Gr\u00f6\u00dfe angezeigt <\/figcaption><\/figure>\n<!-- \/wp:image -->\n\n<!-- wp:heading {\"level\":3} -->\n<h3>Faer\u00fbn 1374 TZ<\/h3>\n<!-- \/wp:heading -->\n\n<!-- wp:image {\"id\":22956,\"sizeSlug\":\"large\",\"linkDestination\":\"custom\"} -->\n<figure class=\"wp-block-image size-large\"><a href=\"https:\/\/rpg-berlin.de\/rpg\/wp-content\/uploads\/map\/Faer%C3%BBn_1374TZ.jpg\"><img src=\"https:\/\/rpg-berlin.de\/rpg\/wp-content\/uploads\/2020\/02\/FRposterLarge_150.jpg\" alt=\"\" class=\"wp-image-22956\"\/><\/a><figcaption>  Durch klicken auf die Karte, wird diese in voller Gr\u00f6\u00dfe angezeigt  <\/figcaption><\/figure>\n<!-- \/wp:image -->","_et_gb_content_width":"","jetpack_post_was_ever_published":false,"footnotes":""},"class_list":["post-22830","page","type-page","status-publish","hentry"],"yoast_head":"<!-- This site is optimized with the Yoast SEO plugin v27.3 - https:\/\/yoast.com\/product\/yoast-seo-wordpress\/ -->\n<title>Karten - RPG-Berlin.de<\/title>\n<meta name=\"robots\" content=\"index, follow, max-snippet:-1, max-image-preview:large, max-video-preview:-1\" \/>\n<link rel=\"canonical\" href=\"https:\/\/rpg-berlin.de\/rpg\/faerun-1492-tz\/\" \/>\n<meta property=\"og:locale\" content=\"de_DE\" \/>\n<meta property=\"og:type\" content=\"article\" \/>\n<meta property=\"og:title\" content=\"Karten - RPG-Berlin.de\" \/>\n<meta property=\"og:description\" content=\"Faer\u00fbn 1492 TZ\" \/>\n<meta property=\"og:url\" content=\"https:\/\/rpg-berlin.de\/rpg\/faerun-1492-tz\/\" \/>\n<meta property=\"og:site_name\" content=\"RPG-Berlin.de\" \/>\n<meta property=\"article:publisher\" content=\"https:\/\/www.facebook.com\/rpg.berlin\/\" \/>\n<meta property=\"article:modified_time\" content=\"2022-02-02T08:56:33+00:00\" \/>\n<meta property=\"og:image\" content=\"https:\/\/rpg-berlin.de\/rpg\/wp-content\/uploads\/2020\/02\/Faer\u00fbn-1492.jpg\" \/>\n<meta name=\"twitter:card\" content=\"summary_large_image\" \/>\n<meta name=\"twitter:label1\" content=\"Gesch\u00e4tzte Lesezeit\" \/>\n\t<meta name=\"twitter:data1\" content=\"2\u00a0Minuten\" \/>\n<script type=\"application\/ld+json\" class=\"yoast-schema-graph\">{\"@context\":\"https:\\\/\\\/schema.org\",\"@graph\":[{\"@type\":\"WebPage\",\"@id\":\"https:\\\/\\\/rpg-berlin.de\\\/rpg\\\/faerun-1492-tz\\\/\",\"url\":\"https:\\\/\\\/rpg-berlin.de\\\/rpg\\\/faerun-1492-tz\\\/\",\"name\":\"Karten - RPG-Berlin.de\",\"isPartOf\":{\"@id\":\"https:\\\/\\\/rpg-berlin.de\\\/rpg\\\/#website\"},\"primaryImageOfPage\":{\"@id\":\"https:\\\/\\\/rpg-berlin.de\\\/rpg\\\/faerun-1492-tz\\\/#primaryimage\"},\"image\":{\"@id\":\"https:\\\/\\\/rpg-berlin.de\\\/rpg\\\/faerun-1492-tz\\\/#primaryimage\"},\"thumbnailUrl\":\"https:\\\/\\\/rpg-berlin.de\\\/rpg\\\/wp-content\\\/uploads\\\/2020\\\/02\\\/Faerun_Map_1479DR.jpg\",\"datePublished\":\"2020-02-26T11:15:28+00:00\",\"dateModified\":\"2022-02-02T08:56:33+00:00\",\"breadcrumb\":{\"@id\":\"https:\\\/\\\/rpg-berlin.de\\\/rpg\\\/faerun-1492-tz\\\/#breadcrumb\"},\"inLanguage\":\"de\",\"potentialAction\":[{\"@type\":\"ReadAction\",\"target\":[\"https:\\\/\\\/rpg-berlin.de\\\/rpg\\\/faerun-1492-tz\\\/\"]}]},{\"@type\":\"ImageObject\",\"inLanguage\":\"de\",\"@id\":\"https:\\\/\\\/rpg-berlin.de\\\/rpg\\\/faerun-1492-tz\\\/#primaryimage\",\"url\":\"https:\\\/\\\/i0.wp.com\\\/rpg-berlin.de\\\/rpg\\\/wp-content\\\/uploads\\\/2020\\\/02\\\/Faerun_Map_1479DR.jpg?fit=600%2C421&ssl=1\",\"contentUrl\":\"https:\\\/\\\/i0.wp.com\\\/rpg-berlin.de\\\/rpg\\\/wp-content\\\/uploads\\\/2020\\\/02\\\/Faerun_Map_1479DR.jpg?fit=600%2C421&ssl=1\",\"width\":600,\"height\":421},{\"@type\":\"BreadcrumbList\",\"@id\":\"https:\\\/\\\/rpg-berlin.de\\\/rpg\\\/faerun-1492-tz\\\/#breadcrumb\",\"itemListElement\":[{\"@type\":\"ListItem\",\"position\":1,\"name\":\"Startseite\",\"item\":\"https:\\\/\\\/rpg-berlin.de\\\/rpg\\\/\"},{\"@type\":\"ListItem\",\"position\":2,\"name\":\"Karten\"}]},{\"@type\":\"WebSite\",\"@id\":\"https:\\\/\\\/rpg-berlin.de\\\/rpg\\\/#website\",\"url\":\"https:\\\/\\\/rpg-berlin.de\\\/rpg\\\/\",\"name\":\"RPG-Berlin.de\",\"description\":\"Blog mehrerer D&amp;D 5e Rollenspielergruppen\",\"publisher\":{\"@id\":\"https:\\\/\\\/rpg-berlin.de\\\/rpg\\\/#organization\"},\"potentialAction\":[{\"@type\":\"SearchAction\",\"target\":{\"@type\":\"EntryPoint\",\"urlTemplate\":\"https:\\\/\\\/rpg-berlin.de\\\/rpg\\\/?s={search_term_string}\"},\"query-input\":{\"@type\":\"PropertyValueSpecification\",\"valueRequired\":true,\"valueName\":\"search_term_string\"}}],\"inLanguage\":\"de\"},{\"@type\":\"Organization\",\"@id\":\"https:\\\/\\\/rpg-berlin.de\\\/rpg\\\/#organization\",\"name\":\"RPG-Berlin.de\",\"url\":\"https:\\\/\\\/rpg-berlin.de\\\/rpg\\\/\",\"logo\":{\"@type\":\"ImageObject\",\"inLanguage\":\"de\",\"@id\":\"https:\\\/\\\/rpg-berlin.de\\\/rpg\\\/#\\\/schema\\\/logo\\\/image\\\/\",\"url\":\"https:\\\/\\\/i0.wp.com\\\/rpg-berlin.de\\\/rpg\\\/wp-content\\\/uploads\\\/2019\\\/05\\\/cropped-Ogma4.png?fit=95%2C95&ssl=1\",\"contentUrl\":\"https:\\\/\\\/i0.wp.com\\\/rpg-berlin.de\\\/rpg\\\/wp-content\\\/uploads\\\/2019\\\/05\\\/cropped-Ogma4.png?fit=95%2C95&ssl=1\",\"width\":95,\"height\":95,\"caption\":\"RPG-Berlin.de\"},\"image\":{\"@id\":\"https:\\\/\\\/rpg-berlin.de\\\/rpg\\\/#\\\/schema\\\/logo\\\/image\\\/\"},\"sameAs\":[\"https:\\\/\\\/www.facebook.com\\\/rpg.berlin\\\/\"]}]}<\/script>\n<!-- \/ Yoast SEO plugin. -->","yoast_head_json":{"title":"Karten - RPG-Berlin.de","robots":{"index":"index","follow":"follow","max-snippet":"max-snippet:-1","max-image-preview":"max-image-preview:large","max-video-preview":"max-video-preview:-1"},"canonical":"https:\/\/rpg-berlin.de\/rpg\/faerun-1492-tz\/","og_locale":"de_DE","og_type":"article","og_title":"Karten - RPG-Berlin.de","og_description":"Faer\u00fbn 1492 TZ","og_url":"https:\/\/rpg-berlin.de\/rpg\/faerun-1492-tz\/","og_site_name":"RPG-Berlin.de","article_publisher":"https:\/\/www.facebook.com\/rpg.berlin\/","article_modified_time":"2022-02-02T08:56:33+00:00","og_image":[{"url":"https:\/\/rpg-berlin.de\/rpg\/wp-content\/uploads\/2020\/02\/Faer\u00fbn-1492.jpg","type":"","width":"","height":""}],"twitter_card":"summary_large_image","twitter_misc":{"Gesch\u00e4tzte Lesezeit":"2\u00a0Minuten"},"schema":{"@context":"https:\/\/schema.org","@graph":[{"@type":"WebPage","@id":"https:\/\/rpg-berlin.de\/rpg\/faerun-1492-tz\/","url":"https:\/\/rpg-berlin.de\/rpg\/faerun-1492-tz\/","name":"Karten - RPG-Berlin.de","isPartOf":{"@id":"https:\/\/rpg-berlin.de\/rpg\/#website"},"primaryImageOfPage":{"@id":"https:\/\/rpg-berlin.de\/rpg\/faerun-1492-tz\/#primaryimage"},"image":{"@id":"https:\/\/rpg-berlin.de\/rpg\/faerun-1492-tz\/#primaryimage"},"thumbnailUrl":"https:\/\/rpg-berlin.de\/rpg\/wp-content\/uploads\/2020\/02\/Faerun_Map_1479DR.jpg","datePublished":"2020-02-26T11:15:28+00:00","dateModified":"2022-02-02T08:56:33+00:00","breadcrumb":{"@id":"https:\/\/rpg-berlin.de\/rpg\/faerun-1492-tz\/#breadcrumb"},"inLanguage":"de","potentialAction":[{"@type":"ReadAction","target":["https:\/\/rpg-berlin.de\/rpg\/faerun-1492-tz\/"]}]},{"@type":"ImageObject","inLanguage":"de","@id":"https:\/\/rpg-berlin.de\/rpg\/faerun-1492-tz\/#primaryimage","url":"https:\/\/i0.wp.com\/rpg-berlin.de\/rpg\/wp-content\/uploads\/2020\/02\/Faerun_Map_1479DR.jpg?fit=600%2C421&ssl=1","contentUrl":"https:\/\/i0.wp.com\/rpg-berlin.de\/rpg\/wp-content\/uploads\/2020\/02\/Faerun_Map_1479DR.jpg?fit=600%2C421&ssl=1","width":600,"height":421},{"@type":"BreadcrumbList","@id":"https:\/\/rpg-berlin.de\/rpg\/faerun-1492-tz\/#breadcrumb","itemListElement":[{"@type":"ListItem","position":1,"name":"Startseite","item":"https:\/\/rpg-berlin.de\/rpg\/"},{"@type":"ListItem","position":2,"name":"Karten"}]},{"@type":"WebSite","@id":"https:\/\/rpg-berlin.de\/rpg\/#website","url":"https:\/\/rpg-berlin.de\/rpg\/","name":"RPG-Berlin.de","description":"Blog mehrerer D&amp;D 5e Rollenspielergruppen","publisher":{"@id":"https:\/\/rpg-berlin.de\/rpg\/#organization"},"potentialAction":[{"@type":"SearchAction","target":{"@type":"EntryPoint","urlTemplate":"https:\/\/rpg-berlin.de\/rpg\/?s={search_term_string}"},"query-input":{"@type":"PropertyValueSpecification","valueRequired":true,"valueName":"search_term_string"}}],"inLanguage":"de"},{"@type":"Organization","@id":"https:\/\/rpg-berlin.de\/rpg\/#organization","name":"RPG-Berlin.de","url":"https:\/\/rpg-berlin.de\/rpg\/","logo":{"@type":"ImageObject","inLanguage":"de","@id":"https:\/\/rpg-berlin.de\/rpg\/#\/schema\/logo\/image\/","url":"https:\/\/i0.wp.com\/rpg-berlin.de\/rpg\/wp-content\/uploads\/2019\/05\/cropped-Ogma4.png?fit=95%2C95&ssl=1","contentUrl":"https:\/\/i0.wp.com\/rpg-berlin.de\/rpg\/wp-content\/uploads\/2019\/05\/cropped-Ogma4.png?fit=95%2C95&ssl=1","width":95,"height":95,"caption":"RPG-Berlin.de"},"image":{"@id":"https:\/\/rpg-berlin.de\/rpg\/#\/schema\/logo\/image\/"},"sameAs":["https:\/\/www.facebook.com\/rpg.berlin\/"]}]}},"jetpack_sharing_enabled":true,"jetpack_shortlink":"https:\/\/wp.me\/P4p3r6-5We","_links":{"self":[{"href":"https:\/\/rpg-berlin.de\/rpg\/wp-json\/wp\/v2\/pages\/22830","targetHints":{"allow":["GET"]}}],"collection":[{"href":"https:\/\/rpg-berlin.de\/rpg\/wp-json\/wp\/v2\/pages"}],"about":[{"href":"https:\/\/rpg-berlin.de\/rpg\/wp-json\/wp\/v2\/types\/page"}],"author":[{"embeddable":true,"href":"https:\/\/rpg-berlin.de\/rpg\/wp-json\/wp\/v2\/users\/1"}],"replies":[{"embeddable":true,"href":"https:\/\/rpg-berlin.de\/rpg\/wp-json\/wp\/v2\/comments?post=22830"}],"version-history":[{"count":0,"href":"https:\/\/rpg-berlin.de\/rpg\/wp-json\/wp\/v2\/pages\/22830\/revisions"}],"wp:attachment":[{"href":"https:\/\/rpg-berlin.de\/rpg\/wp-json\/wp\/v2\/media?parent=22830"}],"curies":[{"name":"wp","href":"https:\/\/api.w.org\/{rel}","templated":true}]}}