{"id":22375,"date":"2020-01-28T23:15:48","date_gmt":"2020-01-28T22:15:48","guid":{"rendered":"https:\/\/rpg-berlin.de\/rpg\/?page_id=22375"},"modified":"2020-02-04T14:11:14","modified_gmt":"2020-02-04T13:11:14","slug":"nscs-und-fraktionen","status":"publish","type":"page","link":"https:\/\/rpg-berlin.de\/rpg\/nscs-und-fraktionen\/","title":{"rendered":"Karten, NSCs, G\u00f6tter und Fraktionen"},"content":{"rendered":"\n<h2 class=\"wp-block-heading\">Karten, NSCs, G\u00f6tter und Fraktionen <\/h2>\n\n\n\n<h3 class=\"wp-block-heading\">Map<\/h3>\n\n\n\n<figure class=\"wp-block-image size-full\"><img data-recalc-dims=\"1\" decoding=\"async\" width=\"443\" height=\"600\" src=\"https:\/\/i0.wp.com\/rpg-berlin.de\/rpg\/wp-content\/uploads\/2020\/01\/Chult.jpg?resize=443%2C600&#038;ssl=1\" alt=\"Chult\" class=\"wp-image-22409\" srcset=\"https:\/\/i0.wp.com\/rpg-berlin.de\/rpg\/wp-content\/uploads\/2020\/01\/Chult.jpg?w=443&amp;ssl=1 443w, https:\/\/i0.wp.com\/rpg-berlin.de\/rpg\/wp-content\/uploads\/2020\/01\/Chult.jpg?resize=222%2C300&amp;ssl=1 222w\" sizes=\"(max-width: 443px) 100vw, 443px\" \/><figcaption>Chult<\/figcaption><\/figure>\n\n\n\n<div style=\"height:100px\" aria-hidden=\"true\" class=\"wp-block-spacer\"><\/div>\n\n\n\n<hr class=\"wp-block-separator\"\/>\n\n\n\n<h3 class=\"wp-block-heading\">NSCs<\/h3>\n\n\n\n<h4 class=\"wp-block-heading\">Syndra Silvane<\/h4>\n\n\n\n<div class=\"wp-block-image\"><figure class=\"alignleft size-thumbnail\"><img data-recalc-dims=\"1\" decoding=\"async\" width=\"150\" height=\"150\" src=\"https:\/\/i0.wp.com\/rpg-berlin.de\/rpg\/wp-content\/uploads\/2020\/01\/Syndra-Silvane.png?resize=150%2C150&#038;ssl=1\" alt=\"\" class=\"wp-image-22396\" srcset=\"https:\/\/i0.wp.com\/rpg-berlin.de\/rpg\/wp-content\/uploads\/2020\/01\/Syndra-Silvane.png?resize=150%2C150&amp;ssl=1 150w, https:\/\/i0.wp.com\/rpg-berlin.de\/rpg\/wp-content\/uploads\/2020\/01\/Syndra-Silvane.png?resize=270%2C270&amp;ssl=1 270w, https:\/\/i0.wp.com\/rpg-berlin.de\/rpg\/wp-content\/uploads\/2020\/01\/Syndra-Silvane.png?resize=230%2C230&amp;ssl=1 230w, https:\/\/i0.wp.com\/rpg-berlin.de\/rpg\/wp-content\/uploads\/2020\/01\/Syndra-Silvane.png?zoom=3&amp;resize=150%2C150&amp;ssl=1 450w\" sizes=\"(max-width: 150px) 100vw, 150px\" \/><\/figure><\/div>\n\n\n\n<p>Syndra Silvane ist eine Abenteurerin im Ruhestand. Sie ist au\u00dferdem eine H\u00e4ndlerin und Ermagerin mit einem gutem Ruf. Sie beauftragt einen Teil der Gruppe sich dem R\u00e4tsel des Todesfluches anzunehmen. Sie gibt den Charakteren noch folgende Infos mit, bevor sie sich zusammen mit Ihnen zum Hafen von Nyanzaru teleportier:<\/p>\n\n\n\n<p>&#8222;Ich war vor vielen Jahren selbst eine Abenteurerin. Ich bin einmal gestorben und wurde von den Toten erweckt. Mit diesem Teil meines Lebens habe ich aber schon lange abgeschlossen.&#8220; <\/p>\n\n\n\n<p>&#8222;Der Todesfluch, von dem ihr geh\u00f6rt habt, betrifft auch mich. Ich wei\u00df nicht, wie lange mir noch bleibt. Die Kleriker k\u00f6nnen mir nicht helfen. Sie r\u00e4tseln dar\u00fcber, was vorgefallen ist.&#8220; <\/p>\n\n\n\n<p>&#8222;Meine Kontaktleute bei den Harfnern haben herausgefunden, dass die Ursache des Todesfluchs ein nekromantisches Artefakt ist, das als Seelenf\u00e4nger bezeichnet wird. Sie sagen, dass sich der Seelenf\u00e4nger irgendwo in Chult befindet.&#8220; <\/p>\n\n\n\n<p>&#8222;Chult ist eine Halbinsel, die von Bergen umringt und von Dschungeln \u00fcberwuchert ist. Gigantische Reptilien, wilde Goblins und zahllose Untote suchen die Ruinen und Dschungel heim. Es war schon immer fast unm\u00f6glich, das Land zu kartographieren, und nur ein mehrere Kilometer breiter Streifen an der K\u00fcste ist erforscht.&#8220; <\/p>\n\n\n\n<p>&#8222;Ich habe Dutzende Seefahrerkarten, Logb\u00fccher und Entdeckertageb\u00fccher zusammengetragen und versucht, eine so aktuelle Karte Chults wie m\u00f6glich zu erstellen. Ich stelle sie euch zur Verf\u00fcgung, wenn ihr meinen Auftrag annehmt.&#8220; <\/p>\n\n\n\n<p>&#8222;Wenn ihr zum Aufbruch bereit seid, werde ich uns alle nach Nyanzaruhafen teleportieren, die einzige gr\u00f6\u00dfere Siedlung in Chult. Ich bin dort zuvor schon \u00f6fter gewesen, also sind die Chancen f\u00fcr einen Zwischenfall gering. Sobald wir dort sind, bleibe ich bei einem Freund namens Wakanga O&#8217;tamu. Er ist einer der sieben H\u00e4ndlerprinzen, die \u00fcber die Stadt herrschen.&#8220; <\/p>\n\n\n\n<div style=\"height:100px\" aria-hidden=\"true\" class=\"wp-block-spacer\"><\/div>\n\n\n\n<hr class=\"wp-block-separator\"\/>\n\n\n\n<h4 class=\"wp-block-heading\">Wakanga Otamu (H\u00e4ndlerprinz)<\/h4>\n\n\n\n<div class=\"wp-block-image\"><figure class=\"alignleft size-thumbnail\"><img data-recalc-dims=\"1\" decoding=\"async\" width=\"150\" height=\"150\" src=\"https:\/\/i0.wp.com\/rpg-berlin.de\/rpg\/wp-content\/uploads\/2020\/01\/wakanga-1.png?resize=150%2C150&#038;ssl=1\" alt=\"\" class=\"wp-image-22397\" srcset=\"https:\/\/i0.wp.com\/rpg-berlin.de\/rpg\/wp-content\/uploads\/2020\/01\/wakanga-1.png?resize=150%2C150&amp;ssl=1 150w, https:\/\/i0.wp.com\/rpg-berlin.de\/rpg\/wp-content\/uploads\/2020\/01\/wakanga-1.png?resize=270%2C270&amp;ssl=1 270w, https:\/\/i0.wp.com\/rpg-berlin.de\/rpg\/wp-content\/uploads\/2020\/01\/wakanga-1.png?resize=230%2C230&amp;ssl=1 230w, https:\/\/i0.wp.com\/rpg-berlin.de\/rpg\/wp-content\/uploads\/2020\/01\/wakanga-1.png?zoom=3&amp;resize=150%2C150&amp;ssl=1 450w\" sizes=\"(max-width: 150px) 100vw, 150px\" \/><\/figure><\/div>\n\n\n\n<p>Wakanga O&#8217;tamu ist der einzige arkane Zauberwirker in den Reihen der H\u00e4ndlerprinzen. Er ist ein alter Freund von Syndra Silvane und ein Lebemann, der sich von klugen Frauen leicht um den Finger wickeln l\u00e4sst. Vielleicht ist das aber auch nur ein gut kultivierter \u00f6ffentlicher Schein. Er bringt die Gruppe zusammen, indem er Ureek bittet der Gruppe aus Baldurs Gate zu helfen. Wakanga handelt mit Wissen, Informationen, verlorenen Legenden, Tr\u00e4nken und Schriftrollen. Er wei\u00df vom Todesfiuch, hat jedoch keine weiterf\u00fchrenden Informationen dar\u00fcber. Er teilt der Gruppe eine Menge Wissenswertes mit \u00fcber Fraktionen und alte G\u00f6tter. Wakanga hat ein Monopol auf magische Gegenst\u00e4nde in Nyanzaruhafen.<\/p>\n\n\n\n<div style=\"height:100px\" aria-hidden=\"true\" class=\"wp-block-spacer\"><\/div>\n\n\n\n<hr class=\"wp-block-separator\"\/>\n\n\n\n<h4 class=\"wp-block-heading\">Undril Silvertusk<\/h4>\n\n\n\n<div class=\"wp-block-image\"><figure class=\"alignleft size-thumbnail\"><img data-recalc-dims=\"1\" decoding=\"async\" width=\"150\" height=\"150\" src=\"https:\/\/i0.wp.com\/rpg-berlin.de\/rpg\/wp-content\/uploads\/2020\/01\/Undril_Silvertusk.jpg?resize=150%2C150&#038;ssl=1\" alt=\"\" class=\"wp-image-22398\" srcset=\"https:\/\/i0.wp.com\/rpg-berlin.de\/rpg\/wp-content\/uploads\/2020\/01\/Undril_Silvertusk.jpg?resize=150%2C150&amp;ssl=1 150w, https:\/\/i0.wp.com\/rpg-berlin.de\/rpg\/wp-content\/uploads\/2020\/01\/Undril_Silvertusk.jpg?resize=270%2C270&amp;ssl=1 270w, https:\/\/i0.wp.com\/rpg-berlin.de\/rpg\/wp-content\/uploads\/2020\/01\/Undril_Silvertusk.jpg?resize=230%2C230&amp;ssl=1 230w, https:\/\/i0.wp.com\/rpg-berlin.de\/rpg\/wp-content\/uploads\/2020\/01\/Undril_Silvertusk.jpg?zoom=3&amp;resize=150%2C150&amp;ssl=1 450w\" sizes=\"(max-width: 150px) 100vw, 150px\" \/><\/figure><\/div>\n\n\n\n<p>Undril  Silvertusk ist eine Vertreterin des Ordens des Panzerhandschuhs und erst k\u00fcrzlich in Nyanzaruhafen angekommen. Sie soll sich mit einem Stapel Befehle von ihren Vorgesetzten bei Kommandant Niles Knochenbrecher im Lager Rache zum Dienst melden. Man hat ihr gesagt, sie solle doch einfach ein Pferd in der Stadt kaufen und dorthin reiten. Jetzt, wo sie die Dschungel gesehen hat, hat sie erkannt, dass das nicht ganz so einfach ist. Sie hofft, sich einer Expedition anschlie\u00dfen zu k\u00f6nnen, die den Soshenstar entlang flussaufw\u00e4rts reist. <\/p>\n\n\n\n<div style=\"height:100px\" aria-hidden=\"true\" class=\"wp-block-spacer\"><\/div>\n\n\n\n<hr class=\"wp-block-separator\"\/>\n\n\n\n<h3 class=\"wp-block-heading\">Eshek<\/h3>\n\n\n\n<p>Eshek (chultischer Mensch, Akolyth von Savras) taumelt auf Ander zu und fl\u00fcstert: &#8222;Sprech mit der weisen W\u00e4chterin von Orolunga, \u00f6stlich von Mbala. Sie kann dich dorthin f\u00fchren, wonach du suchst.&#8220; Dann bricht er bewusstlos zusammen.<\/p>\n\n\n\n<div style=\"height:100px\" aria-hidden=\"true\" class=\"wp-block-spacer\"><\/div>\n\n\n\n<hr class=\"wp-block-separator\"\/>\n\n\n\n<h3 class=\"wp-block-heading\">alte G\u00f6tter von Chult<\/h3>\n\n\n\n<p>Eine wichtige Pers\u00f6nlichkeit in Chults Geschichte ist der h\u00f6here Gott Ubtao, der das Land und seine Zivilisation lange Zeit besch\u00fctzt hat. Doch Ubtao erm\u00fcdete ob der endlosen Zwistigkeiten seiner Anbeter und der Tatsache, dass sie sich bei Problemen stets ihm zuwendeten, statt sie selbst zu l\u00f6sen. Vor mehr als einem Jahrhundert hat er Chult daher einfach aufgegeben. Die Chulter erlitten dadurch einen grausamen Schlag, doch schlussendlich legten die St\u00e4mme ihre Streitigkeiten beiseite und wurden zu einem Volk. Bis heute werden die Dinosaurier noch immer von vielen Chultern als Ubtaos heilige Kinder angebetet, obwohl Ubtao selbst praktisch nicht mehr verehrt wird. Die Chulter haben sich anderen G\u00f6ttern zugewandt, darunter auch jenen, die von Missionaren aus anderen L\u00e4ndern mitgebracht wurden. Waukeen, die Handelsg\u00f6ttin, wird beispielsweise von den vielen H\u00e4ndlern von Nyanzaruhafen angebetet. Andere G\u00f6tter, die Schreine in der Stadt haben, sind unter anderem Gond (Handwerk), Savras &#8218;(Wahrsagung und Schicksal), Sune (Liebe und Sch\u00f6nheit) und Tymora (Gl\u00fcck). Doch viele dieser Missionare brachten nicht nur Kunde von ihren G\u00f6ttern, sondern nutzten die Chulter und ihr Land auch zu ihrem pers\u00f6nlichen Profit, was zu vielen Konflikten gef\u00fchrt hat. Die Tempel und Schreine sind geblieben, doch die Priesterschaft wird nun gr\u00f6\u00dfenteils von Chultern selbst gestellt. Fremde Kleriker, die zu eifrig predigen, sind in Nyanzaruhafen gar nicht gerne gesehen. <\/p>\n\n\n\n<hr class=\"wp-block-separator\"\/>\n\n\n\n<h3 class=\"wp-block-heading\">Fraktionen<\/h3>\n\n\n\n<h3 class=\"wp-block-heading\">Orden des Panzerhandschuhs<\/h3>\n\n\n\n<div class=\"wp-block-image\"><figure class=\"alignleft size-medium\"><img data-recalc-dims=\"1\" decoding=\"async\" width=\"179\" height=\"300\" src=\"https:\/\/i0.wp.com\/rpg-berlin.de\/rpg\/wp-content\/uploads\/2020\/01\/Order-of-the-Gauntlet.png?resize=179%2C300&#038;ssl=1\" alt=\"Orden des Panzerhandschuhs\" class=\"wp-image-22402\" srcset=\"https:\/\/i0.wp.com\/rpg-berlin.de\/rpg\/wp-content\/uploads\/2020\/01\/Order-of-the-Gauntlet.png?resize=179%2C300&amp;ssl=1 179w, https:\/\/i0.wp.com\/rpg-berlin.de\/rpg\/wp-content\/uploads\/2020\/01\/Order-of-the-Gauntlet.png?w=357&amp;ssl=1 357w\" sizes=\"(max-width: 179px) 100vw, 179px\" \/><figcaption> Orden des Panzerhandschuhs <\/figcaption><\/figure><\/div>\n\n\n\n<p>Die Angeh\u00f6rigen des Ordens haben geschworen, andere vor den Machenschaften des B\u00f6sen zu sch\u00fctzen. Sie vertrauen G\u00f6ttern guter Gesinnung wie Torm, Helm und Tyr und treten mit ihrer Glaubensst\u00e4rke, ihrem Herzen und ihren Waffen gegen das B\u00f6se an. Der Orden hat gro\u00dfe Ressourcen investiert, um der Untotenbedrohung in Chult zu begegnen. Seine vorgelagerte Basis, Lager Rechtschaffenheit, wurde von Untoten \u00fcberrannt. Doch der Orden lie\u00df sich davon nicht beeindrucken und errichtete eine weitere Festung noch tiefer im Dschungel, das Lager Rache.<\/p>\n\n\n\n<div style=\"height:100px\" aria-hidden=\"true\" class=\"wp-block-spacer\"><\/div>\n\n\n\n<hr class=\"wp-block-separator\"\/>\n\n\n\n<h3 class=\"wp-block-heading\">Rote Magier von Thay<\/h3>\n\n\n\n<div class=\"wp-block-image\"><figure class=\"alignleft size-medium is-resized\"><img data-recalc-dims=\"1\" decoding=\"async\" src=\"https:\/\/i0.wp.com\/rpg-berlin.de\/rpg\/wp-content\/uploads\/2020\/01\/Red_Wizards_Thay.png?resize=225%2C224&#038;ssl=1\" alt=\"Rote Magier von Thay\" class=\"wp-image-22401\" width=\"225\" height=\"224\" srcset=\"https:\/\/i0.wp.com\/rpg-berlin.de\/rpg\/wp-content\/uploads\/2020\/01\/Red_Wizards_Thay.png?resize=300%2C298&amp;ssl=1 300w, https:\/\/i0.wp.com\/rpg-berlin.de\/rpg\/wp-content\/uploads\/2020\/01\/Red_Wizards_Thay.png?resize=150%2C150&amp;ssl=1 150w, https:\/\/i0.wp.com\/rpg-berlin.de\/rpg\/wp-content\/uploads\/2020\/01\/Red_Wizards_Thay.png?resize=270%2C270&amp;ssl=1 270w, https:\/\/i0.wp.com\/rpg-berlin.de\/rpg\/wp-content\/uploads\/2020\/01\/Red_Wizards_Thay.png?resize=230%2C230&amp;ssl=1 230w, https:\/\/i0.wp.com\/rpg-berlin.de\/rpg\/wp-content\/uploads\/2020\/01\/Red_Wizards_Thay.png?w=400&amp;ssl=1 400w\" sizes=\"(max-width: 225px) 100vw, 225px\" \/><figcaption> Rote Magier von Thay <\/figcaption><\/figure><\/div>\n\n\n\n<p>Die Roten Magier halten sich in Chult auf, um den Seelenf\u00e4nger aufzusp\u00fcren und f\u00fcr Szass Tarn zu stehlen.<\/p>\n\n\n\n<div style=\"height:100px\" aria-hidden=\"true\" class=\"wp-block-spacer\"><\/div>\n\n\n\n<hr class=\"wp-block-separator\"\/>\n\n\n\n<h3 class=\"wp-block-heading\">Ytepka &#8211; Gesellschaft<\/h3>\n\n\n\n<div class=\"wp-block-image\"><figure class=\"alignleft size-medium is-resized\"><img data-recalc-dims=\"1\" decoding=\"async\" src=\"https:\/\/i0.wp.com\/rpg-berlin.de\/rpg\/wp-content\/uploads\/2020\/01\/Ytepka_Society.jpg?resize=225%2C173&#038;ssl=1\" alt=\"Ytepka - Gesellschaft\" class=\"wp-image-22400\" width=\"225\" height=\"173\" srcset=\"https:\/\/i0.wp.com\/rpg-berlin.de\/rpg\/wp-content\/uploads\/2020\/01\/Ytepka_Society.jpg?resize=300%2C231&amp;ssl=1 300w, https:\/\/i0.wp.com\/rpg-berlin.de\/rpg\/wp-content\/uploads\/2020\/01\/Ytepka_Society.jpg?w=600&amp;ssl=1 600w\" sizes=\"(max-width: 225px) 100vw, 225px\" \/><figcaption> Ytepka &#8211; Gesellschaft <\/figcaption><\/figure><\/div>\n\n\n\n<p>Die Ytepka-Gesellschaft ist auch als die Triceratops-Gesellschaft bekannt und hat ihren Sitz in Nyanzaruhafen. Sie will verhindern, dass Einzelpersonen oder Gruppen Machtmissbrauch betreiben und die Gesellschaftsordnung gef\u00e4hrden. <\/p>\n\n\n\n<div style=\"height:100px\" aria-hidden=\"true\" class=\"wp-block-spacer\"><\/div>\n\n\n\n<hr class=\"wp-block-separator\"\/>\n\n\n\n<h3 class=\"has-text-align-left wp-block-heading\">Zhentarim<\/h3>\n\n\n\n<div class=\"wp-block-image\"><figure class=\"alignleft size-medium is-resized\"><img data-recalc-dims=\"1\" decoding=\"async\" src=\"https:\/\/i0.wp.com\/rpg-berlin.de\/rpg\/wp-content\/uploads\/2020\/01\/Zhentarim.png?resize=134%2C225&#038;ssl=1\" alt=\"\" class=\"wp-image-22399\" width=\"134\" height=\"225\" srcset=\"https:\/\/i0.wp.com\/rpg-berlin.de\/rpg\/wp-content\/uploads\/2020\/01\/Zhentarim.png?resize=178%2C300&amp;ssl=1 178w, https:\/\/i0.wp.com\/rpg-berlin.de\/rpg\/wp-content\/uploads\/2020\/01\/Zhentarim.png?w=356&amp;ssl=1 356w\" sizes=\"(max-width: 134px) 100vw, 134px\" \/><figcaption> Zhentarim <\/figcaption><\/figure><\/div>\n\n\n\n<p>Die Zhentarim repr\u00e4sentieren ein skrupelloses Schattennetzwerk, das seinen Einfluss und seine Macht \u00fcber ganz Faer\u00fbn ausdehnen m\u00f6chte. Seine Mitglieder wollen mit dem Einsatz aller Mittel zu Macht und Ruhm kommen. In der \u00d6ffentlichkeit tritt die Organisation als die beste S\u00f6ldnerorganisation auf, die man f\u00fcr Geld besch\u00e4ftigen kann. Die H\u00e4ndlerprinzen von Nyanzaru heuern Zhentarimw\u00e4chter an, um die Stadtmauern zu verteidigen, und Zhentarims\u00f6ldner, um Expeditionen zu sch\u00fctzen, die zur Jagd, zur Holzarbeit und zum Bergbau in die Dschungel und die Vorh\u00fcgel aufzubrechen.<\/p>\n\n\n\n<div style=\"height:100px\" aria-hidden=\"true\" class=\"wp-block-spacer\"><\/div>\n\n\n\n<hr class=\"wp-block-separator\"\/>\n","protected":false},"excerpt":{"rendered":"<p>Karten, NSCs, G\u00f6tter und Fraktionen Map NSCs Syndra Silvane Syndra Silvane ist eine Abenteurerin im Ruhestand. Sie ist au\u00dferdem eine H\u00e4ndlerin und Ermagerin mit einem gutem Ruf. Sie beauftragt einen Teil der Gruppe sich dem R\u00e4tsel des Todesfluches anzunehmen. Sie gibt den Charakteren noch folgende Infos mit, bevor sie sich zusammen mit Ihnen zum Hafen [&hellip;]<\/p>\n","protected":false},"author":1,"featured_media":0,"parent":0,"menu_order":0,"comment_status":"closed","ping_status":"closed","template":"","meta":{"_et_pb_use_builder":"","_et_pb_old_content":"","_et_gb_content_width":"","jetpack_post_was_ever_published":false,"footnotes":""},"class_list":["post-22375","page","type-page","status-publish","hentry"],"yoast_head":"<!-- This site is optimized with the Yoast SEO plugin v27.5 - https:\/\/yoast.com\/product\/yoast-seo-wordpress\/ -->\n<title>Karten, NSCs, G\u00f6tter und Fraktionen - RPG-Berlin.de<\/title>\n<meta name=\"robots\" content=\"index, follow, max-snippet:-1, max-image-preview:large, max-video-preview:-1\" \/>\n<link rel=\"canonical\" href=\"https:\/\/rpg-berlin.de\/rpg\/nscs-und-fraktionen\/\" \/>\n<meta property=\"og:locale\" content=\"de_DE\" \/>\n<meta property=\"og:type\" content=\"article\" \/>\n<meta property=\"og:title\" content=\"Karten, NSCs, G\u00f6tter und Fraktionen - RPG-Berlin.de\" \/>\n<meta property=\"og:description\" content=\"Karten, NSCs, G\u00f6tter und Fraktionen Map NSCs Syndra Silvane Syndra Silvane ist eine Abenteurerin im Ruhestand. Sie ist au\u00dferdem eine H\u00e4ndlerin und Ermagerin mit einem gutem Ruf. Sie beauftragt einen Teil der Gruppe sich dem R\u00e4tsel des Todesfluches anzunehmen. Sie gibt den Charakteren noch folgende Infos mit, bevor sie sich zusammen mit Ihnen zum Hafen [&hellip;]\" \/>\n<meta property=\"og:url\" content=\"https:\/\/rpg-berlin.de\/rpg\/nscs-und-fraktionen\/\" \/>\n<meta property=\"og:site_name\" content=\"RPG-Berlin.de\" \/>\n<meta property=\"article:publisher\" content=\"https:\/\/www.facebook.com\/rpg.berlin\/\" \/>\n<meta property=\"article:modified_time\" content=\"2020-02-04T13:11:14+00:00\" \/>\n<meta property=\"og:image\" content=\"https:\/\/rpg-berlin.de\/rpg\/wp-content\/uploads\/2020\/01\/Chult.jpg\" \/>\n<meta name=\"twitter:card\" content=\"summary_large_image\" \/>\n<meta name=\"twitter:label1\" content=\"Gesch\u00e4tzte Lesezeit\" \/>\n\t<meta name=\"twitter:data1\" content=\"5\u00a0Minuten\" \/>\n<script type=\"application\/ld+json\" class=\"yoast-schema-graph\">{\"@context\":\"https:\\\/\\\/schema.org\",\"@graph\":[{\"@type\":\"WebPage\",\"@id\":\"https:\\\/\\\/rpg-berlin.de\\\/rpg\\\/nscs-und-fraktionen\\\/\",\"url\":\"https:\\\/\\\/rpg-berlin.de\\\/rpg\\\/nscs-und-fraktionen\\\/\",\"name\":\"Karten, NSCs, G\u00f6tter und Fraktionen - RPG-Berlin.de\",\"isPartOf\":{\"@id\":\"https:\\\/\\\/rpg-berlin.de\\\/rpg\\\/#website\"},\"primaryImageOfPage\":{\"@id\":\"https:\\\/\\\/rpg-berlin.de\\\/rpg\\\/nscs-und-fraktionen\\\/#primaryimage\"},\"image\":{\"@id\":\"https:\\\/\\\/rpg-berlin.de\\\/rpg\\\/nscs-und-fraktionen\\\/#primaryimage\"},\"thumbnailUrl\":\"https:\\\/\\\/rpg-berlin.de\\\/rpg\\\/wp-content\\\/uploads\\\/2020\\\/01\\\/Chult.jpg\",\"datePublished\":\"2020-01-28T22:15:48+00:00\",\"dateModified\":\"2020-02-04T13:11:14+00:00\",\"breadcrumb\":{\"@id\":\"https:\\\/\\\/rpg-berlin.de\\\/rpg\\\/nscs-und-fraktionen\\\/#breadcrumb\"},\"inLanguage\":\"de\",\"potentialAction\":[{\"@type\":\"ReadAction\",\"target\":[\"https:\\\/\\\/rpg-berlin.de\\\/rpg\\\/nscs-und-fraktionen\\\/\"]}]},{\"@type\":\"ImageObject\",\"inLanguage\":\"de\",\"@id\":\"https:\\\/\\\/rpg-berlin.de\\\/rpg\\\/nscs-und-fraktionen\\\/#primaryimage\",\"url\":\"https:\\\/\\\/i0.wp.com\\\/rpg-berlin.de\\\/rpg\\\/wp-content\\\/uploads\\\/2020\\\/01\\\/Chult.jpg?fit=443%2C600&ssl=1\",\"contentUrl\":\"https:\\\/\\\/i0.wp.com\\\/rpg-berlin.de\\\/rpg\\\/wp-content\\\/uploads\\\/2020\\\/01\\\/Chult.jpg?fit=443%2C600&ssl=1\",\"width\":443,\"height\":600},{\"@type\":\"BreadcrumbList\",\"@id\":\"https:\\\/\\\/rpg-berlin.de\\\/rpg\\\/nscs-und-fraktionen\\\/#breadcrumb\",\"itemListElement\":[{\"@type\":\"ListItem\",\"position\":1,\"name\":\"Startseite\",\"item\":\"https:\\\/\\\/rpg-berlin.de\\\/rpg\\\/\"},{\"@type\":\"ListItem\",\"position\":2,\"name\":\"Karten, NSCs, G\u00f6tter und Fraktionen\"}]},{\"@type\":\"WebSite\",\"@id\":\"https:\\\/\\\/rpg-berlin.de\\\/rpg\\\/#website\",\"url\":\"https:\\\/\\\/rpg-berlin.de\\\/rpg\\\/\",\"name\":\"RPG-Berlin.de\",\"description\":\"Blog mehrerer D&amp;D 5e Rollenspielergruppen\",\"publisher\":{\"@id\":\"https:\\\/\\\/rpg-berlin.de\\\/rpg\\\/#organization\"},\"potentialAction\":[{\"@type\":\"SearchAction\",\"target\":{\"@type\":\"EntryPoint\",\"urlTemplate\":\"https:\\\/\\\/rpg-berlin.de\\\/rpg\\\/?s={search_term_string}\"},\"query-input\":{\"@type\":\"PropertyValueSpecification\",\"valueRequired\":true,\"valueName\":\"search_term_string\"}}],\"inLanguage\":\"de\"},{\"@type\":\"Organization\",\"@id\":\"https:\\\/\\\/rpg-berlin.de\\\/rpg\\\/#organization\",\"name\":\"RPG-Berlin.de\",\"url\":\"https:\\\/\\\/rpg-berlin.de\\\/rpg\\\/\",\"logo\":{\"@type\":\"ImageObject\",\"inLanguage\":\"de\",\"@id\":\"https:\\\/\\\/rpg-berlin.de\\\/rpg\\\/#\\\/schema\\\/logo\\\/image\\\/\",\"url\":\"https:\\\/\\\/i0.wp.com\\\/rpg-berlin.de\\\/rpg\\\/wp-content\\\/uploads\\\/2019\\\/05\\\/cropped-Ogma4.png?fit=95%2C95&ssl=1\",\"contentUrl\":\"https:\\\/\\\/i0.wp.com\\\/rpg-berlin.de\\\/rpg\\\/wp-content\\\/uploads\\\/2019\\\/05\\\/cropped-Ogma4.png?fit=95%2C95&ssl=1\",\"width\":95,\"height\":95,\"caption\":\"RPG-Berlin.de\"},\"image\":{\"@id\":\"https:\\\/\\\/rpg-berlin.de\\\/rpg\\\/#\\\/schema\\\/logo\\\/image\\\/\"},\"sameAs\":[\"https:\\\/\\\/www.facebook.com\\\/rpg.berlin\\\/\"]}]}<\/script>\n<!-- \/ Yoast SEO plugin. -->","yoast_head_json":{"title":"Karten, NSCs, G\u00f6tter und Fraktionen - RPG-Berlin.de","robots":{"index":"index","follow":"follow","max-snippet":"max-snippet:-1","max-image-preview":"max-image-preview:large","max-video-preview":"max-video-preview:-1"},"canonical":"https:\/\/rpg-berlin.de\/rpg\/nscs-und-fraktionen\/","og_locale":"de_DE","og_type":"article","og_title":"Karten, NSCs, G\u00f6tter und Fraktionen - RPG-Berlin.de","og_description":"Karten, NSCs, G\u00f6tter und Fraktionen Map NSCs Syndra Silvane Syndra Silvane ist eine Abenteurerin im Ruhestand. Sie ist au\u00dferdem eine H\u00e4ndlerin und Ermagerin mit einem gutem Ruf. Sie beauftragt einen Teil der Gruppe sich dem R\u00e4tsel des Todesfluches anzunehmen. Sie gibt den Charakteren noch folgende Infos mit, bevor sie sich zusammen mit Ihnen zum Hafen [&hellip;]","og_url":"https:\/\/rpg-berlin.de\/rpg\/nscs-und-fraktionen\/","og_site_name":"RPG-Berlin.de","article_publisher":"https:\/\/www.facebook.com\/rpg.berlin\/","article_modified_time":"2020-02-04T13:11:14+00:00","og_image":[{"url":"https:\/\/rpg-berlin.de\/rpg\/wp-content\/uploads\/2020\/01\/Chult.jpg","type":"","width":"","height":""}],"twitter_card":"summary_large_image","twitter_misc":{"Gesch\u00e4tzte Lesezeit":"5\u00a0Minuten"},"schema":{"@context":"https:\/\/schema.org","@graph":[{"@type":"WebPage","@id":"https:\/\/rpg-berlin.de\/rpg\/nscs-und-fraktionen\/","url":"https:\/\/rpg-berlin.de\/rpg\/nscs-und-fraktionen\/","name":"Karten, NSCs, G\u00f6tter und Fraktionen - RPG-Berlin.de","isPartOf":{"@id":"https:\/\/rpg-berlin.de\/rpg\/#website"},"primaryImageOfPage":{"@id":"https:\/\/rpg-berlin.de\/rpg\/nscs-und-fraktionen\/#primaryimage"},"image":{"@id":"https:\/\/rpg-berlin.de\/rpg\/nscs-und-fraktionen\/#primaryimage"},"thumbnailUrl":"https:\/\/rpg-berlin.de\/rpg\/wp-content\/uploads\/2020\/01\/Chult.jpg","datePublished":"2020-01-28T22:15:48+00:00","dateModified":"2020-02-04T13:11:14+00:00","breadcrumb":{"@id":"https:\/\/rpg-berlin.de\/rpg\/nscs-und-fraktionen\/#breadcrumb"},"inLanguage":"de","potentialAction":[{"@type":"ReadAction","target":["https:\/\/rpg-berlin.de\/rpg\/nscs-und-fraktionen\/"]}]},{"@type":"ImageObject","inLanguage":"de","@id":"https:\/\/rpg-berlin.de\/rpg\/nscs-und-fraktionen\/#primaryimage","url":"https:\/\/i0.wp.com\/rpg-berlin.de\/rpg\/wp-content\/uploads\/2020\/01\/Chult.jpg?fit=443%2C600&ssl=1","contentUrl":"https:\/\/i0.wp.com\/rpg-berlin.de\/rpg\/wp-content\/uploads\/2020\/01\/Chult.jpg?fit=443%2C600&ssl=1","width":443,"height":600},{"@type":"BreadcrumbList","@id":"https:\/\/rpg-berlin.de\/rpg\/nscs-und-fraktionen\/#breadcrumb","itemListElement":[{"@type":"ListItem","position":1,"name":"Startseite","item":"https:\/\/rpg-berlin.de\/rpg\/"},{"@type":"ListItem","position":2,"name":"Karten, NSCs, G\u00f6tter und Fraktionen"}]},{"@type":"WebSite","@id":"https:\/\/rpg-berlin.de\/rpg\/#website","url":"https:\/\/rpg-berlin.de\/rpg\/","name":"RPG-Berlin.de","description":"Blog mehrerer D&amp;D 5e Rollenspielergruppen","publisher":{"@id":"https:\/\/rpg-berlin.de\/rpg\/#organization"},"potentialAction":[{"@type":"SearchAction","target":{"@type":"EntryPoint","urlTemplate":"https:\/\/rpg-berlin.de\/rpg\/?s={search_term_string}"},"query-input":{"@type":"PropertyValueSpecification","valueRequired":true,"valueName":"search_term_string"}}],"inLanguage":"de"},{"@type":"Organization","@id":"https:\/\/rpg-berlin.de\/rpg\/#organization","name":"RPG-Berlin.de","url":"https:\/\/rpg-berlin.de\/rpg\/","logo":{"@type":"ImageObject","inLanguage":"de","@id":"https:\/\/rpg-berlin.de\/rpg\/#\/schema\/logo\/image\/","url":"https:\/\/i0.wp.com\/rpg-berlin.de\/rpg\/wp-content\/uploads\/2019\/05\/cropped-Ogma4.png?fit=95%2C95&ssl=1","contentUrl":"https:\/\/i0.wp.com\/rpg-berlin.de\/rpg\/wp-content\/uploads\/2019\/05\/cropped-Ogma4.png?fit=95%2C95&ssl=1","width":95,"height":95,"caption":"RPG-Berlin.de"},"image":{"@id":"https:\/\/rpg-berlin.de\/rpg\/#\/schema\/logo\/image\/"},"sameAs":["https:\/\/www.facebook.com\/rpg.berlin\/"]}]}},"jetpack_sharing_enabled":true,"jetpack_shortlink":"https:\/\/wp.me\/P4p3r6-5OT","_links":{"self":[{"href":"https:\/\/rpg-berlin.de\/rpg\/wp-json\/wp\/v2\/pages\/22375","targetHints":{"allow":["GET"]}}],"collection":[{"href":"https:\/\/rpg-berlin.de\/rpg\/wp-json\/wp\/v2\/pages"}],"about":[{"href":"https:\/\/rpg-berlin.de\/rpg\/wp-json\/wp\/v2\/types\/page"}],"author":[{"embeddable":true,"href":"https:\/\/rpg-berlin.de\/rpg\/wp-json\/wp\/v2\/users\/1"}],"replies":[{"embeddable":true,"href":"https:\/\/rpg-berlin.de\/rpg\/wp-json\/wp\/v2\/comments?post=22375"}],"version-history":[{"count":0,"href":"https:\/\/rpg-berlin.de\/rpg\/wp-json\/wp\/v2\/pages\/22375\/revisions"}],"wp:attachment":[{"href":"https:\/\/rpg-berlin.de\/rpg\/wp-json\/wp\/v2\/media?parent=22375"}],"curies":[{"name":"wp","href":"https:\/\/api.w.org\/{rel}","templated":true}]}}