{"id":20936,"date":"2019-06-12T14:35:07","date_gmt":"2019-06-12T12:35:07","guid":{"rendered":"https:\/\/rpg-berlin.de\/rpg\/?page_id=20936"},"modified":"2026-01-30T08:47:40","modified_gmt":"2026-01-30T07:47:40","slug":"dd-5th-edition","status":"publish","type":"page","link":"https:\/\/rpg-berlin.de\/rpg\/dd-5th-edition-2\/dd-5th-edition\/","title":{"rendered":"D&#038;D 5th Edition"},"content":{"rendered":"","protected":true},"excerpt":{"rendered":"","protected":true},"author":1,"featured_media":20937,"parent":21058,"menu_order":0,"comment_status":"closed","ping_status":"closed","template":"","meta":{"_et_pb_use_builder":"on","_et_pb_old_content":"<!-- wp:image {\"id\":20937,\"width\":150,\"height\":75} -->\n<figure class=\"wp-block-image is-resized\"><img src=\"https:\/\/rpg-berlin.de\/rpg\/wp-content\/uploads\/2019\/06\/DD-Transparent.png\" alt=\"D&amp;D 5e\" class=\"wp-image-20937\" width=\"150\" height=\"75\"\/><\/figure>\n<!-- \/wp:image -->\n\n<!-- wp:heading {\"textAlign\":\"left\",\"level\":3} -->\n<h3 class=\"has-text-align-left\">D&amp;D 5th Edition (deutsch)<\/h3>\n<!-- \/wp:heading -->\n\n<!-- wp:heading {\"level\":4} -->\n<h4> Kernregelwerke <\/h4>\n<!-- \/wp:heading -->\n\n<!-- wp:list -->\n<ul><li><a href=\"https:\/\/rpg-berlin.de\/rpg\/wp-content\/uploads\/2019\/12\/Dungeon Master\u00b4s Guide.PDF\">Spielleiterhandbuch<\/a> (2017\/1-20)<\/li><li><a href=\"https:\/\/rpg-berlin.de\/rpg\/wp-content\/uploads\/2019\/12\/Player\u00b4s Handbook.PDF\">Spielerhandbuch<\/a> (2017\/1-20)<\/li><li><a href=\"https:\/\/ulisses-spiele.de\/assets\/document\/D0\/DnD5ErrataJanuar2019_841a.pdf?x22808\">Spielerhandbuch Errata Anpassung <\/a>(2020)<\/li><li><a href=\"https:\/\/rpg-berlin.de\/rpg\/wp-content\/uploads\/2019\/12\/Monster Manual.PDF\">Monsterhandbuch<\/a> (2017\/1-20)<\/li><\/ul>\n<!-- \/wp:list -->\n\n<!-- wp:heading {\"level\":4} -->\n<h4> Erg\u00e4nzungsregelwerke <\/h4>\n<!-- \/wp:heading -->\n\n<!-- wp:list -->\n<ul><li><a href=\"https:\/\/rpg-berlin.de\/rpg\/wp-content\/uploads\/2019\/12\/Abenteurerhandbuch f\u00fcr die Schwertk\u00fcste.PDF\">Abenteurerhandbuch f\u00fcr f\u00fcr die Schwertk\u00fcste<\/a> (2018)<\/li><li><a href=\"https:\/\/rpg-berlin.de\/rpg\/wp-content\/uploads\/2019\/12\/Xanathars - Ratgeber f\u00fcr Alles.PDF\">Xanathars Ratgeber f\u00fcr Alles<\/a> (2018) <\/li><li><a href=\"https:\/\/rpg-berlin.de\/rpg\/wp-content\/uploads\/2019\/12\/Volos Almanach der Monster.PDF\">Volos Almanach der Monster<\/a> (2018)<\/li><li><a href=\"https:\/\/rpg-berlin.de\/rpg\/wp-content\/uploads\/2021\/12\/Mordekaines-Foliant-der-Feinde.pdf\">Mordekaines Foliant der Feinde<\/a><\/li><li><a href=\"https:\/\/rpg-berlin.de\/rpg\/wp-content\/uploads\/2021\/12\/Wildemount-Charakter-Optionen.pdf\">Wildemount Charakter Optionen<\/a><\/li><\/ul>\n<!-- \/wp:list -->\n\n<!-- wp:heading {\"level\":4} -->\n<h4>Abenteuer<\/h4>\n<!-- \/wp:heading -->\n\n<!-- wp:list -->\n<ul><li><a href=\"https:\/\/rpg-berlin.de\/rpg\/wp-content\/uploads\/2019\/12\/Grabmal der Vernichtung.PDF\">Grabmal der Vernichtung<\/a> (2018\/1-9+) <\/li><li><a href=\"https:\/\/rpg-berlin.de\/rpg\/wp-content\/uploads\/2019\/12\/Waterdeep - Drachenraub.PDF\">Waterdeep: Drachenraub<\/a>  (2019\/1-5) <\/li><li><a href=\"https:\/\/rpg-berlin.de\/rpg\/wp-content\/uploads\/2019\/12\/Verlies des wahnsinnigen Magiers.PDF\">Das Verlies des wahnsinnigen Magiers <\/a> (2019\/5-20)<\/li><li><a href=\"https:\/\/rpg-berlin.de\/rpg\/wp-content\/uploads\/2019\/12\/Fluch des Strahd.PDF\">Fluch des Strahd<\/a> (2019\/1-10)<\/li><li><a href=\"https:\/\/rpg-berlin.de\/rpg\/wp-content\/uploads\/2019\/12\/Geister von Salzmarsch.PDF\">Geister von Salzmarsch<\/a> (2019\/1-12)<\/li><li><a href=\"https:\/\/rpg-berlin.de\/rpg\/wp-content\/uploads\/2021\/12\/Die-Verlorene-Mine-von-Phandelver.pdf\">Die Verlorene Mine von Phandelver<\/a> (<\/li><li><a href=\"https:\/\/rpg-berlin.de\/rpg\/wp-content\/uploads\/2021\/12\/Aufstieg-der-Tiamat.pdf\">Aufstieg der Tiamat<\/a> (2020\/1-15)<\/li><li><a href=\"https:\/\/rpg-berlin.de\/rpg\/wp-content\/uploads\/2021\/12\/Hort-der-Drachenkoenigin.pdf\">Hort der Drachenk\u00f6nigin<\/a><\/li><li><a href=\"https:\/\/rpg-berlin.de\/rpg\/wp-content\/uploads\/2021\/12\/Baldurs-Gate-Abstieg-nach-Avernus.pdf\">Baldur's Gate - Abstieg nach Avernus<\/a><\/li><li><a href=\"https:\/\/rpg-berlin.de\/rpg\/wp-content\/uploads\/2021\/12\/Fuersten-der-Apokalypse.pdf\">F\u00fcrsten der Apokalypse<\/a><\/li><\/ul>\n<!-- \/wp:list -->\n\n<!-- wp:heading {\"level\":3} -->\n<h3> D&amp;D 5th Edition (english) <\/h3>\n<!-- \/wp:heading -->\n\n<!-- wp:heading {\"level\":4} -->\n<h4> core rulebooks<\/h4>\n<!-- \/wp:heading -->\n\n<!-- wp:list -->\n<ul><li><a href=\"https:\/\/rpg-berlin.de\/rpg\/wp-content\/uploads\/books\/D&amp;D 5e - Players Handbook.pdf\">Players Handbook<\/a> (2014\/1-20)<\/li><li><a href=\"https:\/\/rpg-berlin.de\/rpg\/wp-content\/uploads\/2019\/12\/Players-Handbook-RemasteredDeluxe10th-Print.pdf\">Players Handbook<\/a> Remastered+Deluxe  (2014\/1-20) <\/li><li><a href=\"https:\/\/rpg-berlin.de\/rpg\/wp-content\/uploads\/books\/D&amp;D 5e - Monsters Manual.pdf\">Monster <\/a><a href=\"https:\/\/rpg-berlin.de\/rpg\/wp-content\/uploads\/books\/D&amp;D%205e%20-%20Monsters%20Manual.pdf\">Manual<\/a> (2014\/1-20)<\/li><li><a href=\"https:\/\/rpg-berlin.de\/rpg\/wp-content\/uploads\/2019\/12\/Monster Manual [Remastered+Deluxe][11th Print].pdf\">Monster Manual <\/a> Remastered+Deluxe (2014\/1-20) <\/li><li><a href=\"https:\/\/rpg-berlin.de\/rpg\/wp-content\/uploads\/books\/D&amp;D%205e%20Dungeon%20Masters%20Guide.pdf\">Dungeon Masters Guide<\/a> (2014\/1-20) <\/li><li><a href=\"https:\/\/rpg-berlin.de\/rpg\/wp-content\/uploads\/2019\/11\/DD-vs-Rick-and-Morty.pdf\">D&amp;D vs Rick and Morty<\/a> (2019)<\/li><li><a href=\"https:\/\/rpg-berlin.de\/rpg\/wp-content\/uploads\/2020\/04\/Explorers-Guide-to-Wildemount.pdf\">Eplorers Guide to Wildemount<\/a> (2020)<\/li><li><a href=\"https:\/\/rpg-berlin.de\/rpg\/wp-content\/uploads\/2020\/09\/Mythic-Odysseys-of-Theros.pdf\">Mythic Odysseys of Theros<\/a> (2020)<\/li><li><a href=\"https:\/\/rpg-berlin.de\/rpg\/wp-content\/uploads\/2020\/11\/Tashas-Cauldron-of-Everything-Reduced-Size.pdf\" target=\"_blank\" rel=\"noreferrer noopener\">Tasha\u00b4s Cauldron of Everything<\/a> (2020)<\/li><\/ul>\n<!-- \/wp:list -->\n\n<!-- wp:heading {\"level\":4} -->\n<h4> supplement rulebooks <\/h4>\n<!-- \/wp:heading -->\n\n<!-- wp:list -->\n<ul><li><a href=\"https:\/\/rpg-berlin.de\/rpg\/wp-content\/uploads\/books\/D&amp;D%205e - PlayersCompanion.pdf\">Elemental Evil Player's Companion<\/a> (2015)<\/li><li><a href=\"https:\/\/rpg-berlin.de\/rpg\/wp-content\/uploads\/books\/D&amp;D%205e - Sword Coast Adventurer's Guide.pdf\">Sword Coast Adventurer's Guide<\/a> (2015)<\/li><li><a href=\"https:\/\/rpg-berlin.de\/rpg\/wp-content\/uploads\/books\/D&amp;D 5e - Volo's Guide to Monsters.pdf\">Volo's Guide to Monsters<\/a> (2016)<\/li><li><a href=\"https:\/\/rpg-berlin.de\/rpg\/wp-content\/uploads\/2019\/06\/The-Tortle-Package-ToA-Supplement.pdf\">The Tortle Package<\/a> (2017)<\/li><li><a href=\"https:\/\/rpg-berlin.de\/rpg\/wp-content\/uploads\/books\/D&amp;D 5e - One Grung Above.pdf\">One Grung Above<\/a> (2017)<\/li><li><a href=\"https:\/\/rpg-berlin.de\/rpg\/wp-content\/uploads\/books\/D&amp;D 5e - Xanathar's Guide To Everything.pdf\">Xanathar's Guide to Everything<\/a> (2017)<\/li><li><a href=\"https:\/\/rpg-berlin.de\/rpg\/wp-content\/uploads\/2018\/05\/Mordenkainens-Tome-of-Foes.pdf\">Mordenkainen's Tome of Foes<\/a> (2018)<\/li><li><a href=\"https:\/\/rpg-berlin.de\/rpg\/wp-content\/uploads\/2019\/01\/Mordenkainens-Tome-of-Foes-Deluxe.pdf\">Mordenkainen\u00b4s Tome of Foes deluxe<\/a> (2018)<\/li><li><a href=\"https:\/\/rpg-berlin.de\/rpg\/wp-content\/uploads\/2021\/07\/Wayfinders-Guide-to-Eberron-v3.pdf\">Wayfinder's Guide to Eberron<\/a> (2018)<\/li><li><a href=\"https:\/\/rpg-berlin.de\/rpg\/wp-content\/uploads\/2018\/11\/Guildmasters-Guide-to-Ravnica.pdf\">Guildmasters' Guide to Ravnica<\/a> (2018)<\/li><li><a href=\"https:\/\/rpg-berlin.de\/rpg\/wp-content\/uploads\/2019\/07\/Acquisitions-Incorporated.pdf\">Acquisitions Incorporated<\/a> (2019) <\/li><li><a href=\"https:\/\/rpg-berlin.de\/rpg\/wp-content\/uploads\/2020\/01\/Codex-Unearthed-Arcana.pdf\">The Unearthed Arcana<\/a> (2019)<\/li><li><a href=\"https:\/\/rpg-berlin.de\/rpg\/wp-content\/uploads\/2021\/07\/van-richtens-guide-to-ravenloft.pdf\">Van Richten's Guide to Ravenloft<\/a> (2021)<\/li><\/ul>\n<!-- \/wp:list -->\n\n<!-- wp:heading {\"level\":4} -->\n<h4>adventure modules<\/h4>\n<!-- \/wp:heading -->\n\n<!-- wp:list -->\n<ul><li><a href=\"https:\/\/rpg-berlin.de\/rpg\/wp-content\/uploads\/2021\/07\/Ghosts-of-Dragonspear-Castle.pdf\">Ghosts of Dragonspear Castle<\/a> (2013\/1-10)<\/li><li><a href=\"https:\/\/media.wizards.com\/downloads\/dnd\/MiBG_Launch%20Weekend.pdf\">Murder in Baldur's Gate<\/a> (2013\/1-3)<\/li><li><a href=\"https:\/\/media.wizards.com\/downloads\/dnd\/LoCS_Stats_Next.pdf\">Legacy of the Crystal Shard<\/a> (2014\/1-3)  <\/li><li><a href=\"https:\/\/rpg-berlin.de\/rpg\/wp-content\/uploads\/books\/D&amp;D 5e - Hoard of the Dragon Queen.pdf\">Hoard of the Dragon Queen<\/a> (2014\/1-8)<\/li><li><a href=\"https:\/\/rpg-berlin.de\/rpg\/wp-content\/uploads\/2021\/07\/Hoard-of-the-Dragon-Queen-Maps.pdf\">Hoard of the Dragon Queen Maps<\/a> (2014\/1-8)<\/li><li><a href=\"https:\/\/rpg-berlin.de\/rpg\/wp-content\/uploads\/2021\/07\/Hoard-of-the-Dragon-Queen-Supplement-v0.3.pdf\">Hoard of the Dragon Queen Supplement v0.3<\/a> (2014\/1-8)  <\/li><li><a href=\"https:\/\/rpg-berlin.de\/rpg\/wp-content\/uploads\/books\/Rise of Tiamat with Online Supplement v0.2.pdf\">The Rise of Tiamat<\/a> (2014\/8-15)<\/li><li><a href=\"https:\/\/rpg-berlin.de\/rpg\/wp-content\/uploads\/2021\/07\/The-Rise-of-Tiamat-Maps.pdf\">The Rise of Tiamat Maps<\/a> (2014\/8-15)<\/li><li><a href=\"https:\/\/rpg-berlin.de\/rpg\/wp-content\/uploads\/2019\/11\/Tyranny-of-Dragons.pdf\">Tyranny of Dragons<\/a> (2014\/1-15) <\/li><li><a href=\"https:\/\/rpg-berlin.de\/rpg\/wp-content\/uploads\/2021\/07\/The-Rise-of-Tiamat-Supplement-v0.2.pdf\">The Rise of Tiamat Supplement v0.2<\/a> (2014\/8-15)<\/li><li><a href=\"https:\/\/rpg-berlin.de\/rpg\/wp-content\/uploads\/2021\/07\/The-Rise-of-Tiamat-Council-Scorecard.pdf\">The Rise of Tiamat Council Scorecard<\/a> (2014\/8-15) <\/li><li><a href=\"https:\/\/rpg-berlin.de\/rpg\/wp-content\/uploads\/books\/D&amp;D 5e - Princes of the Apocalypse.pdf\">Princes of the Apocalypse<\/a> (2015\/1-15)<\/li><li><a href=\"https:\/\/rpg-berlin.de\/rpg\/wp-content\/uploads\/2019\/12\/Princes-of-the-Apocalypse-Richard-Baker.pdf\">Princes of the Apocalypse<\/a> - Richard Baker <\/li><li><a href=\"https:\/\/rpg-berlin.de\/rpg\/wp-content\/uploads\/2021\/07\/Princes of the Apocalypse - Maps.pdf\">Princes of the Apocalypse Maps<\/a> (2015\/1-15) <\/li><li><a href=\"https:\/\/rpg-berlin.de\/rpg\/wp-content\/uploads\/2021\/07\/Princes-of-the-Apocalypse-Supplement-v1.0.pdf\">Princes of the Apocalypse Supplement v1.0<\/a> (2015\/1-15) <\/li><li><a href=\"https:\/\/rpg-berlin.de\/rpg\/wp-content\/uploads\/books\/D&amp;D%205e - Out of the Abyss (1-15).pdf\">Out of the Abyss<\/a> (2015\/1-15)<\/li><li><a href=\"https:\/\/rpg-berlin.de\/rpg\/wp-content\/uploads\/2021\/07\/Out of the Abyss - Maps.pdf\">Out of the Abyss - Maps<\/a> (2015\/1-15) <\/li><li><a href=\"https:\/\/rpg-berlin.de\/rpg\/wp-content\/uploads\/books\/D&amp;D%205e - Ravenloft - Curse of Strahd.pdf\">Curse of Strahd<\/a> (2016\/1-10)<\/li><li><a href=\"https:\/\/web.archive.org\/web\/20210506155846\/https:\/\/thetrove.is\/Books\/Dungeons%20%26%20Dragons%20%5Bmulti%5D\/5th%20Edition%20%285e%29\/Adventures\/Curse%20of%20Strahd%20-%20Maps.pdf\">Curse of Strahd Maps<\/a> (2016\/1-10)<\/li><li><a href=\"https:\/\/rpg-berlin.de\/rpg\/wp-content\/uploads\/2021\/07\/Curse-of-Strahd-Tarokka-Deck.pdf\">Curse of Strahd Tarokka Deck <\/a> (2016\/1-10) <\/li><li><a href=\"https:\/\/rpg-berlin.de\/rpg\/wp-content\/uploads\/books\/D&amp;D%205e - Storm King's Thunder.pdf\">Storm King's Thunder<\/a> (2016\/1-11)<\/li><li><a href=\"https:\/\/rpg-berlin.de\/rpg\/wp-content\/uploads\/2021\/07\/Storm-Kings-Thunder-Maps.pdf\">Storm King's Thunder Maps<\/a> (2016\/1-11) <\/li><li><a href=\"https:\/\/rpg-berlin.de\/rpg\/wp-content\/uploads\/books\/D&amp;D 5e - Tales from the Yawning Portal.pdf\">Tales from the Yawning Portal<\/a> (2017\/1-11+)<\/li><li><a href=\"https:\/\/rpg-berlin.de\/rpg\/wp-content\/uploads\/2021\/07\/Tales from the Yawning Portal - Maps.pdf\">Tales from the Yawning Portal Maps<\/a> (2017\/1-11+) <\/li><li><a href=\"https:\/\/rpg-berlin.de\/rpg\/wp-content\/uploads\/books\/D&amp;D 5e - Tomb of Annihilation.pdf\">Tomb of Annihilation<\/a> (2017\/1-9+)<\/li><li><a href=\"https:\/\/rpg-berlin.de\/rpg\/wp-content\/uploads\/2021\/07\/Tomb of Annihilation - Maps.pdf\">Tomb of Annihilation Maps<\/a> (2017\/1-9+) <\/li><li><a href=\"https:\/\/rpg-berlin.de\/rpg\/wp-content\/uploads\/2019\/06\/The-Lost-Kenku-ToA-Supplement.pdf\">The Lost Kenku<\/a> (2017\/4)<\/li><li><a href=\"https:\/\/rpg-berlin.de\/rpg\/wp-content\/uploads\/2018\/11\/Waterdeep-Dragon-Heist.pdf\">Waterdeep: Dragon Heist<\/a> (2018\/1-5)<\/li><li><a href=\"https:\/\/rpg-berlin.de\/rpg\/wp-content\/uploads\/2018\/11\/Lost_Laboratory_of_Kwalish_5e.pdf\">Lost Laboratory of Kwalish<\/a> (2018\/5-20)<\/li><li><a href=\"https:\/\/rpg-berlin.de\/rpg\/wp-content\/uploads\/2018\/11\/Waterdeep-Dungeon-of-the-Mad-Mage.pdf\">Waterdeep: Dungeon of the Mad Mage<\/a> (2018\/5-20)<\/li><li><a href=\"https:\/\/rpg-berlin.de\/rpg\/wp-content\/uploads\/2020\/12\/Waterdeep-Dungeon-of-the-Mad-Mage-Maps-Miscellany.pdf\">Waterdeep: Dungeon of the Mad Mage Maps &amp; Miscellany<\/a> (2018\/5-20) <\/li><li><a href=\"https:\/\/rpg-berlin.de\/rpg\/wp-content\/uploads\/2019\/06\/Ghosts-of-Saltmarsh.pdf\">Ghosts of Saltmarsh<\/a> (2019\/ 1-12)<\/li><li><a href=\"https:\/\/rpg-berlin.de\/rpg\/wp-content\/uploads\/2021\/07\/Ghosts-of-Saltmarsh-Deluxe.pdf\">Ghosts of Saltmarsh Deluxe<\/a> (2019\/ 1-12) <\/li><li><a href=\"https:\/\/rpg-berlin.de\/rpg\/wp-content\/uploads\/2021\/07\/Baldurs-Gate-Descent-into-Avernus.pdf\">Baldur's Gate: Descent Into Avernus<\/a> (2019 \/1-13)<\/li><li><a href=\"https:\/\/rpg-berlin.de\/rpg\/wp-content\/uploads\/2021\/07\/Baldurs-Gate-Descent-into-Avernus-Miscellany-Set.pdf\">Baldur's Gate: Descent Into Avernus Miscellany Set<\/a> (2019 \/1-13)<\/li><li><a href=\"https:\/\/rpg-berlin.de\/rpg\/wp-content\/uploads\/2019\/11\/Eberron-Rising-from-the-Last-War.pdf\">Eberron: Rising from the Last War<\/a> (2019\/1-10)<\/li><li><a href=\"https:\/\/rpg-berlin.de\/rpg\/wp-content\/uploads\/2020\/02\/Infernal-Machine-Rebuild-Extra-Life-2019.pdf\">Infernal Machine Rebuild<\/a> (Extra Life 2019)<\/li><li><a href=\"https:\/\/rpg-berlin.de\/rpg\/wp-content\/uploads\/2020\/02\/A-Zib-For-Your-Thoughts.pdf\">A Zib For Your Thoughts<\/a> (2019\/2)<\/li><li><a href=\"https:\/\/rpg-berlin.de\/rpg\/wp-content\/uploads\/2020\/10\/Icewind-Dale-Rime-of-the-Frostmaiden.pdf\" target=\"_blank\" rel=\"noreferrer noopener nofollow\">Icewind Dale - Rime of the Frostmaiden<\/a> (2020\/10)<\/li><li><a href=\"https:\/\/rpg-berlin.de\/rpg\/wp-content\/uploads\/2021\/07\/Candlekeep-Mysteries-1.pdf\">Candlekeep Mysteries<\/a> (2021\/1-16)<\/li><\/ul>\n<!-- \/wp:list -->\n\n<!-- wp:heading {\"level\":4} -->\n<h4>starter sets<\/h4>\n<!-- \/wp:heading -->\n\n<!-- wp:list -->\n<ul><li><a href=\"https:\/\/rpg-berlin.de\/rpg\/wp-content\/uploads\/books\/D&amp;D 5e - Starter Set.pdf\">Starter Set<\/a> (includes Lost Mine of Phandelver)  (2014\/1-5)<\/li><li><a href=\"https:\/\/rpg-berlin.de\/rpg\/wp-content\/uploads\/2021\/07\/DD-Starter-Set-Stranger-Things-with-Demogorgon-Miniature-3D-Printer-File.pdf\">Stranger Things Dungeons &amp; Dragons Roleplaying Game Starter Set<\/a> (includes Hunt For The Thessalhydra) (2019\/1-5)<\/li><li><a href=\"https:\/\/rpg-berlin.de\/rpg\/wp-content\/uploads\/2019\/12\/DD-Essentials-Kit.pdf\">Dungeons &amp; Dragons Essentials Kit<\/a> (includes Dragon of Icespire Peak) (2019\/1-5) <\/li><\/ul>\n<!-- \/wp:list -->\n\n<!-- wp:heading {\"level\":4} -->\n<h4> accessorys<\/h4>\n<!-- \/wp:heading -->\n\n<!-- wp:list -->\n<ul><li><a href=\"https:\/\/rpg-berlin.de\/rpg\/wp-content\/uploads\/2021\/07\/DD-Character-Sheet-2019.pdf\">Player Character Sheet<\/a> (2019)<\/li><li><a href=\"https:\/\/rpg-berlin.de\/rpg\/wp-content\/uploads\/2019\/06\/Dungeon-Masters-Screen.pdf\">Dungeon Master's Screen<\/a> (2015)<\/li><li><a href=\"https:\/\/rpg-berlin.de\/rpg\/wp-content\/uploads\/2019\/06\/Dungeon-Masters-Screen-Reincarnated.pdf\">Dungeon Master's Screen Reincarnated<\/a> (2017) <\/li><li><a href=\"https:\/\/rpg-berlin.de\/rpg\/wp-content\/uploads\/2019\/12\/Acquisitions-Incorporated-DM-Screen.pdf\">Dungeon Masters\u00b4s Screen Acquisitions Incorporated<\/a> (2019)<\/li><\/ul>\n<!-- \/wp:list -->\n\n<!-- wp:paragraph {\"fontSize\":\"small\"} -->\n<p class=\"has-small-font-size\">*Name der Erscheinung (Erscheinungsjahr\/Levelbereich)<\/p>\n<!-- \/wp:paragraph -->","_et_gb_content_width":"","jetpack_post_was_ever_published":false,"footnotes":""},"class_list":["post-20936","page","type-page","status-publish","post-password-required","hentry"],"yoast_head":"<!-- This site is optimized with the Yoast SEO plugin v27.4 - https:\/\/yoast.com\/product\/yoast-seo-wordpress\/ -->\n<title>D&amp;D 5th Edition - RPG-Berlin.de<\/title>\n<meta name=\"robots\" content=\"index, follow, max-snippet:-1, max-image-preview:large, max-video-preview:-1\" \/>\n<link rel=\"canonical\" href=\"https:\/\/rpg-berlin.de\/rpg\/dd-5th-edition-2\/dd-5th-edition\/\" \/>\n<meta property=\"og:locale\" content=\"de_DE\" \/>\n<meta property=\"og:type\" content=\"article\" \/>\n<meta property=\"og:title\" content=\"D&amp;D 5th Edition - RPG-Berlin.de\" \/>\n<meta property=\"og:description\" content=\"Es gibt keinen Textauszug, da dies ein gesch\u00fctzter Beitrag ist.\" \/>\n<meta property=\"og:url\" content=\"https:\/\/rpg-berlin.de\/rpg\/dd-5th-edition-2\/dd-5th-edition\/\" \/>\n<meta property=\"og:site_name\" content=\"RPG-Berlin.de\" \/>\n<meta property=\"article:publisher\" content=\"https:\/\/www.facebook.com\/rpg.berlin\/\" \/>\n<meta property=\"article:modified_time\" content=\"2026-01-30T07:47:40+00:00\" \/>\n<meta name=\"twitter:card\" content=\"summary_large_image\" \/>\n<meta name=\"twitter:label1\" content=\"Gesch\u00e4tzte Lesezeit\" \/>\n\t<meta name=\"twitter:data1\" content=\"3\u00a0Minuten\" \/>\n<script type=\"application\/ld+json\" class=\"yoast-schema-graph\">{\"@context\":\"https:\\\/\\\/schema.org\",\"@graph\":[{\"@type\":\"WebPage\",\"@id\":\"https:\\\/\\\/rpg-berlin.de\\\/rpg\\\/dd-5th-edition-2\\\/dd-5th-edition\\\/\",\"url\":\"https:\\\/\\\/rpg-berlin.de\\\/rpg\\\/dd-5th-edition-2\\\/dd-5th-edition\\\/\",\"name\":\"D&D 5th Edition - RPG-Berlin.de\",\"isPartOf\":{\"@id\":\"https:\\\/\\\/rpg-berlin.de\\\/rpg\\\/#website\"},\"datePublished\":\"2019-06-12T12:35:07+00:00\",\"dateModified\":\"2026-01-30T07:47:40+00:00\",\"breadcrumb\":{\"@id\":\"https:\\\/\\\/rpg-berlin.de\\\/rpg\\\/dd-5th-edition-2\\\/dd-5th-edition\\\/#breadcrumb\"},\"inLanguage\":\"de\"},{\"@type\":\"WebSite\",\"@id\":\"https:\\\/\\\/rpg-berlin.de\\\/rpg\\\/#website\",\"url\":\"https:\\\/\\\/rpg-berlin.de\\\/rpg\\\/\",\"name\":\"RPG-Berlin.de\",\"description\":\"Blog mehrerer D&amp;D 5e Rollenspielergruppen\",\"publisher\":{\"@id\":\"https:\\\/\\\/rpg-berlin.de\\\/rpg\\\/#organization\"},\"potentialAction\":[{\"@type\":\"SearchAction\",\"target\":{\"@type\":\"EntryPoint\",\"urlTemplate\":\"https:\\\/\\\/rpg-berlin.de\\\/rpg\\\/?s={search_term_string}\"},\"query-input\":{\"@type\":\"PropertyValueSpecification\",\"valueRequired\":true,\"valueName\":\"search_term_string\"}}],\"inLanguage\":\"de\"},{\"@type\":\"Organization\",\"@id\":\"https:\\\/\\\/rpg-berlin.de\\\/rpg\\\/#organization\",\"name\":\"RPG-Berlin.de\",\"url\":\"https:\\\/\\\/rpg-berlin.de\\\/rpg\\\/\",\"logo\":{\"@type\":\"ImageObject\",\"inLanguage\":\"de\",\"@id\":\"https:\\\/\\\/rpg-berlin.de\\\/rpg\\\/#\\\/schema\\\/logo\\\/image\\\/\",\"url\":\"https:\\\/\\\/i0.wp.com\\\/rpg-berlin.de\\\/rpg\\\/wp-content\\\/uploads\\\/2019\\\/05\\\/cropped-Ogma4.png?fit=95%2C95&ssl=1\",\"contentUrl\":\"https:\\\/\\\/i0.wp.com\\\/rpg-berlin.de\\\/rpg\\\/wp-content\\\/uploads\\\/2019\\\/05\\\/cropped-Ogma4.png?fit=95%2C95&ssl=1\",\"width\":95,\"height\":95,\"caption\":\"RPG-Berlin.de\"},\"image\":{\"@id\":\"https:\\\/\\\/rpg-berlin.de\\\/rpg\\\/#\\\/schema\\\/logo\\\/image\\\/\"},\"sameAs\":[\"https:\\\/\\\/www.facebook.com\\\/rpg.berlin\\\/\"]}]}<\/script>\n<!-- \/ Yoast SEO plugin. -->","yoast_head_json":{"title":"D&D 5th Edition - RPG-Berlin.de","robots":{"index":"index","follow":"follow","max-snippet":"max-snippet:-1","max-image-preview":"max-image-preview:large","max-video-preview":"max-video-preview:-1"},"canonical":"https:\/\/rpg-berlin.de\/rpg\/dd-5th-edition-2\/dd-5th-edition\/","og_locale":"de_DE","og_type":"article","og_title":"D&D 5th Edition - RPG-Berlin.de","og_description":"Es gibt keinen Textauszug, da dies ein gesch\u00fctzter Beitrag ist.","og_url":"https:\/\/rpg-berlin.de\/rpg\/dd-5th-edition-2\/dd-5th-edition\/","og_site_name":"RPG-Berlin.de","article_publisher":"https:\/\/www.facebook.com\/rpg.berlin\/","article_modified_time":"2026-01-30T07:47:40+00:00","twitter_card":"summary_large_image","twitter_misc":{"Gesch\u00e4tzte Lesezeit":"3\u00a0Minuten"},"schema":{"@context":"https:\/\/schema.org","@graph":[{"@type":"WebPage","@id":"https:\/\/rpg-berlin.de\/rpg\/dd-5th-edition-2\/dd-5th-edition\/","url":"https:\/\/rpg-berlin.de\/rpg\/dd-5th-edition-2\/dd-5th-edition\/","name":"D&D 5th Edition - RPG-Berlin.de","isPartOf":{"@id":"https:\/\/rpg-berlin.de\/rpg\/#website"},"datePublished":"2019-06-12T12:35:07+00:00","dateModified":"2026-01-30T07:47:40+00:00","breadcrumb":{"@id":"https:\/\/rpg-berlin.de\/rpg\/dd-5th-edition-2\/dd-5th-edition\/#breadcrumb"},"inLanguage":"de"},{"@type":"WebSite","@id":"https:\/\/rpg-berlin.de\/rpg\/#website","url":"https:\/\/rpg-berlin.de\/rpg\/","name":"RPG-Berlin.de","description":"Blog mehrerer D&amp;D 5e Rollenspielergruppen","publisher":{"@id":"https:\/\/rpg-berlin.de\/rpg\/#organization"},"potentialAction":[{"@type":"SearchAction","target":{"@type":"EntryPoint","urlTemplate":"https:\/\/rpg-berlin.de\/rpg\/?s={search_term_string}"},"query-input":{"@type":"PropertyValueSpecification","valueRequired":true,"valueName":"search_term_string"}}],"inLanguage":"de"},{"@type":"Organization","@id":"https:\/\/rpg-berlin.de\/rpg\/#organization","name":"RPG-Berlin.de","url":"https:\/\/rpg-berlin.de\/rpg\/","logo":{"@type":"ImageObject","inLanguage":"de","@id":"https:\/\/rpg-berlin.de\/rpg\/#\/schema\/logo\/image\/","url":"https:\/\/i0.wp.com\/rpg-berlin.de\/rpg\/wp-content\/uploads\/2019\/05\/cropped-Ogma4.png?fit=95%2C95&ssl=1","contentUrl":"https:\/\/i0.wp.com\/rpg-berlin.de\/rpg\/wp-content\/uploads\/2019\/05\/cropped-Ogma4.png?fit=95%2C95&ssl=1","width":95,"height":95,"caption":"RPG-Berlin.de"},"image":{"@id":"https:\/\/rpg-berlin.de\/rpg\/#\/schema\/logo\/image\/"},"sameAs":["https:\/\/www.facebook.com\/rpg.berlin\/"]}]}},"jetpack_sharing_enabled":true,"jetpack_shortlink":"https:\/\/wp.me\/P4p3r6-5rG","_links":{"self":[{"href":"https:\/\/rpg-berlin.de\/rpg\/wp-json\/wp\/v2\/pages\/20936","targetHints":{"allow":["GET"]}}],"collection":[{"href":"https:\/\/rpg-berlin.de\/rpg\/wp-json\/wp\/v2\/pages"}],"about":[{"href":"https:\/\/rpg-berlin.de\/rpg\/wp-json\/wp\/v2\/types\/page"}],"author":[{"embeddable":true,"href":"https:\/\/rpg-berlin.de\/rpg\/wp-json\/wp\/v2\/users\/1"}],"replies":[{"embeddable":true,"href":"https:\/\/rpg-berlin.de\/rpg\/wp-json\/wp\/v2\/comments?post=20936"}],"version-history":[{"count":12,"href":"https:\/\/rpg-berlin.de\/rpg\/wp-json\/wp\/v2\/pages\/20936\/revisions"}],"predecessor-version":[{"id":110495,"href":"https:\/\/rpg-berlin.de\/rpg\/wp-json\/wp\/v2\/pages\/20936\/revisions\/110495"}],"up":[{"embeddable":true,"href":"https:\/\/rpg-berlin.de\/rpg\/wp-json\/wp\/v2\/pages\/21058"}],"wp:featuredmedia":[{"embeddable":true,"href":"https:\/\/rpg-berlin.de\/rpg\/wp-json\/wp\/v2\/media\/20937"}],"wp:attachment":[{"href":"https:\/\/rpg-berlin.de\/rpg\/wp-json\/wp\/v2\/media?parent=20936"}],"curies":[{"name":"wp","href":"https:\/\/api.w.org\/{rel}","templated":true}]}}