{"id":110575,"date":"2026-02-02T23:04:14","date_gmt":"2026-02-02T22:04:14","guid":{"rendered":"https:\/\/rpg-berlin.de\/rpg\/?page_id=110575"},"modified":"2026-02-03T13:01:06","modified_gmt":"2026-02-03T12:01:06","slug":"dungeon-world","status":"publish","type":"page","link":"https:\/\/rpg-berlin.de\/rpg\/dungeon-world\/","title":{"rendered":"Dungeon World"},"content":{"rendered":"<p>[et_pb_section fb_built=&#8220;1&#8243; admin_label=&#8220;Blog Section&#8220; _builder_version=&#8220;4.27.5&#8243; background_color=&#8220;#000000&#8243; background_color_gradient_start=&#8220;#e02b20&#8243; background_color_gradient_end=&#8220;#000000&#8243; background_enable_image=&#8220;off&#8220; min_height=&#8220;1521.3px&#8220; custom_margin=&#8220;|||&#8220; custom_padding=&#8220;0px||90px|||&#8220; global_colors_info=&#8220;{}&#8220;][et_pb_row column_structure=&#8220;1_2,1_2&#8243; admin_label=&#8220;Title Area&#8220; _builder_version=&#8220;4.27.5&#8243; background_image=&#8220;https:\/\/rpg-berlin.de\/rpg\/wp-content\/uploads\/2026\/02\/Dungeon_World.jpg&#8220; background_position=&#8220;top_center&#8220; background_vertical_offset=&#8220;0%&#8220; min_height=&#8220;720.8px&#8220; custom_margin=&#8220;|auto|auto|auto|false|false&#8220; custom_padding=&#8220;||0px|||&#8220; border_radii=&#8220;off|15px|15px||&#8220; locked=&#8220;off&#8220; global_colors_info=&#8220;{}&#8220;][et_pb_column type=&#8220;1_2&#8243; _builder_version=&#8220;4.16&#8243; _module_preset=&#8220;default&#8220; global_colors_info=&#8220;{}&#8220;][et_pb_text admin_label=&#8220;Title&#8220; _builder_version=&#8220;4.27.5&#8243; text_font=&#8220;Roboto Condensed||||||||&#8220; text_text_color=&#8220;#FFFFFF&#8220; text_font_size=&#8220;16px&#8220; text_line_height=&#8220;1.8em&#8220; header_font=&#8220;Roboto Condensed||||||||&#8220; header_text_color=&#8220;#FFFFFF&#8220; header_line_height=&#8220;1.2em&#8220; header_2_font=&#8220;Roboto Condensed|600|||||||&#8220; header_2_text_align=&#8220;center&#8220; header_2_text_color=&#8220;#FFFFFF&#8220; header_2_font_size=&#8220;36px&#8220; header_2_line_height=&#8220;1.4em&#8220; header_3_font=&#8220;Merriweather||||||||&#8220; header_3_text_color=&#8220;#FFFFFF&#8220; header_4_text_color=&#8220;#ffffff&#8220; background_color=&#8220;rgba(0,0,0,0.75)&#8220; text_orientation=&#8220;center&#8220; module_alignment=&#8220;center&#8220; min_height=&#8220;257.8px&#8220; custom_margin=&#8220;|auto|10px||false|false&#8220; custom_padding=&#8220;|0px|9px|20px|false|false&#8220; animation_style=&#8220;slide&#8220; animation_direction=&#8220;top&#8220; animation_intensity_slide=&#8220;10%&#8220; animation_starting_opacity=&#8220;100%&#8220; border_radii=&#8220;on|25px|25px|25px|25px&#8220; box_shadow_style=&#8220;preset2&#8243; box_shadow_color=&#8220;rgba(0,0,0,0.73)&#8220; inline_fonts=&#8220;Roboto Condensed,Roboto&#8220; global_colors_info=&#8220;{}&#8220;]<\/p>\n<p data-start=\"348\" data-end=\"375\">Du stehst am Rand der Welt.<\/p>\n<p data-start=\"377\" data-end=\"644\">Vor dir: Ruinen, \u00e4lter als jedes K\u00f6nigreich. Hinter dir: eine Zivilisation, die nur so lange sicher ist, wie Menschen wie du bereit sind, in die Dunkelheit zu gehen. Der Wind tr\u00e4gt den Geruch von Rauch, nasser Erde und etwas Uraltem, das besser vergessen worden w\u00e4re.<\/p>\n<p data-start=\"646\" data-end=\"731\">Man sagt, die Welt sei voller Wunder.<br data-start=\"683\" data-end=\"686\" \/>Man verschweigt, dass jedes Wunder Z\u00e4hne hat.<\/p>\n<p data-start=\"733\" data-end=\"1004\">Unter Bergen schlafen G\u00f6tter, die nie vergeben haben. In vergessenen Hallen z\u00e4hlen Drachen ihr Gold und erinnern sich an jedes gestohlene St\u00fcck. St\u00e4dte stehen auf Fundamenten aus L\u00fcgen, und irgendwo, immer irgendwo, \u00f6ffnet jemand eine T\u00fcr, die geschlossen bleiben sollte.<\/p>\n<p data-start=\"1006\" data-end=\"1031\">Und doch gehst du weiter.<\/p>\n<p data-start=\"1033\" data-end=\"1132\">Nicht weil du unsterblich bist.<br data-start=\"1064\" data-end=\"1067\" \/>Nicht weil du keine Angst hast.<br data-start=\"1098\" data-end=\"1101\" \/>Sondern weil jemand gehen muss.<\/p>\n<p data-start=\"1134\" data-end=\"1368\">In Dungeon World werden Helden nicht geboren \u2013 sie werden entschieden. Mit jedem Schritt in die Finsternis. Mit jedem gezogenen Schwert. Mit jedem Zauber, der die Wirklichkeit verbiegt und fragt, ob du sicher bist, dass du das willst.<\/p>\n<p data-start=\"1370\" data-end=\"1427\">Die Welt reagiert. Sie h\u00f6rt zu.<br data-start=\"1401\" data-end=\"1404\" \/>Und sie schl\u00e4gt zur\u00fcck.<\/p>\n<p data-start=\"1429\" data-end=\"1501\">Also sag mir:<br data-start=\"1442\" data-end=\"1445\" \/>Die Fackel flackert.<br data-start=\"1465\" data-end=\"1468\" \/>Aus der Tiefe kommt ein Ger\u00e4usch.<\/p>\n<p data-start=\"1503\" data-end=\"1519\"><strong data-start=\"1503\" data-end=\"1519\">Was tust du?<\/strong><\/p>\n<p>[\/et_pb_text][\/et_pb_column][et_pb_column type=&#8220;1_2&#8243; _builder_version=&#8220;4.16&#8243; _module_preset=&#8220;default&#8220; global_colors_info=&#8220;{}&#8220;][et_pb_image src=&#8220;https:\/\/rpg-berlin.de\/rpg\/wp-content\/uploads\/2026\/02\/dungeon-world.png&#8220; alt=&#8220;Dungeon World&#8220; title_text=&#8220;dungeon-world&#8220; align=&#8220;center&#8220; _builder_version=&#8220;4.27.5&#8243; _module_preset=&#8220;default&#8220; background_color=&#8220;rgba(0,0,0,0.75)&#8220; border_radii=&#8220;on|25px|25px|25px|25px&#8220; box_shadow_style=&#8220;preset2&#8243; box_shadow_color=&#8220;#000000&#8243; global_colors_info=&#8220;{}&#8220;][\/et_pb_image][\/et_pb_column][\/et_pb_row][et_pb_row column_structure=&#8220;1_2,1_2&#8243; use_custom_gutter=&#8220;on&#8220; make_equal=&#8220;on&#8220; admin_label=&#8220;Blog Area&#8220; _builder_version=&#8220;4.27.5&#8243; background_color=&#8220;rgba(221,0,0,0.59)&#8220; module_alignment=&#8220;center&#8220; min_height=&#8220;535.7px&#8220; max_height=&#8220;1000px&#8220; custom_margin=&#8220;10px|auto|93px|auto|false|false&#8220; custom_padding=&#8220;|2px|0px|20px|false|false&#8220; border_radii=&#8220;on|15px|15px|15px|15px&#8220; box_shadow_style=&#8220;preset5&#8243; box_shadow_blur=&#8220;80px&#8220; box_shadow_color=&#8220;#E02B20&#8243; global_colors_info=&#8220;{}&#8220;][et_pb_column type=&#8220;1_2&#8243; _builder_version=&#8220;4.27.4&#8243; custom_padding=&#8220;|||&#8220; global_colors_info=&#8220;{}&#8220; custom_padding__hover=&#8220;|||&#8220;][et_pb_image src=&#8220;https:\/\/rpg-berlin.de\/rpg\/wp-content\/uploads\/2026\/02\/Dungeon_World_banner.jpg&#8220; alt=&#8220;Dungeon World banner&#8220; title_text=&#8220;Dungeon_World_banner&#8220; _builder_version=&#8220;4.27.5&#8243; _module_preset=&#8220;default&#8220; border_radii=&#8220;on|15px|15px|15px|15px&#8220; box_shadow_style=&#8220;preset2&#8243; box_shadow_color=&#8220;#000000&#8243; global_colors_info=&#8220;{}&#8220;][\/et_pb_image][\/et_pb_column][et_pb_column type=&#8220;1_2&#8243; _builder_version=&#8220;4.27.4&#8243; custom_padding=&#8220;|||&#8220; global_colors_info=&#8220;{}&#8220; custom_padding__hover=&#8220;|||&#8220;][et_pb_cta title=&#8220;Das Verborgene Archiv&#8220; button_url=&#8220;https:\/\/rpg-berlin.de\/rpg\/dungeon-world-archiv\/&#8220; button_text=&#8220;Weiterlesen&#8220; admin_label=&#8220;Service&#8220; _builder_version=&#8220;4.27.5&#8243; _dynamic_attributes=&#8220;link_option_url&#8220; header_level=&#8220;h3&#8243; header_font=&#8220;Poppins|600|||||||&#8220; header_text_align=&#8220;center&#8220; header_text_color=&#8220;#000000&#8243; header_font_size=&#8220;18px&#8220; header_line_height=&#8220;1.4em&#8220; body_font=&#8220;Poppins||||||||&#8220; body_text_color=&#8220;#666666&#8243; body_line_height=&#8220;1.8em&#8220; use_background_color=&#8220;off&#8220; use_background_color_gradient=&#8220;on&#8220; background_color_gradient_stops=&#8220;#ffffff 0%|#ffffff 100%&#8220; background_enable_image=&#8220;off&#8220; background_size=&#8220;contain&#8220; background_position=&#8220;top_right&#8220; custom_button=&#8220;on&#8220; button_text_size=&#8220;14px&#8220; button_text_color=&#8220;#8b20bb&#8220; button_bg_color=&#8220;rgba(0,0,0,0)&#8220; button_border_width=&#8220;0px&#8220; button_letter_spacing=&#8220;2px&#8220; button_font=&#8220;Roboto Condensed|600||on|||||&#8220; button_icon=&#8220;&#x24;||divi||400&#8243; button_alignment=&#8220;center&#8220; text_orientation=&#8220;left&#8220; custom_margin=&#8220;||||false|false&#8220; custom_padding=&#8220;|20px||20px|false|false&#8220; animation_style=&#8220;fade&#8220; link_option_url=&#8220;@ET-DC@eyJkeW5hbWljIjp0cnVlLCJjb250ZW50IjoicG9zdF9saW5rX3VybF9wYWdlIiwic2V0dGluZ3MiOnsicG9zdF9pZCI6IjIwOTM2In19@&#8220; hover_enabled=&#8220;0&#8243; border_radii=&#8220;on|15px|15px|15px|15px&#8220; box_shadow_style=&#8220;preset2&#8243; box_shadow_color=&#8220;#000000&#8243; locked=&#8220;off&#8220; global_colors_info=&#8220;{}&#8220; button_text_size__hover_enabled=&#8220;off&#8220; button_one_text_size__hover_enabled=&#8220;off&#8220; button_two_text_size__hover_enabled=&#8220;off&#8220; button_text_color__hover_enabled=&#8220;off&#8220; button_one_text_color__hover_enabled=&#8220;off&#8220; button_two_text_color__hover_enabled=&#8220;off&#8220; button_border_width__hover_enabled=&#8220;off&#8220; button_one_border_width__hover_enabled=&#8220;off&#8220; button_two_border_width__hover_enabled=&#8220;off&#8220; button_border_color__hover_enabled=&#8220;off&#8220; button_one_border_color__hover_enabled=&#8220;off&#8220; button_two_border_color__hover_enabled=&#8220;off&#8220; button_border_radius__hover_enabled=&#8220;off&#8220; button_one_border_radius__hover_enabled=&#8220;off&#8220; button_two_border_radius__hover_enabled=&#8220;off&#8220; button_letter_spacing__hover_enabled=&#8220;off&#8220; button_one_letter_spacing__hover_enabled=&#8220;off&#8220; button_two_letter_spacing__hover_enabled=&#8220;off&#8220; button_bg_color__hover_enabled=&#8220;off&#8220; button_one_bg_color__hover_enabled=&#8220;off&#8220; button_two_bg_color__hover_enabled=&#8220;off&#8220; sticky_enabled=&#8220;0&#8243;]<\/p>\n<p data-start=\"266\" data-end=\"311\">Nicht alles Wissen liegt offen auf dem Tisch.<\/p>\n<p data-start=\"313\" data-end=\"585\">Manche Dinge werden weggeschlossen. Nicht aus Bosheit \u2013 sondern weil Worte Macht tragen. Alte Chroniken, vergessene Handb\u00fccher, Aufzeichnungen von Reisenden, die Orte gesehen haben, von denen andere nur fl\u00fcstern. Seiten voller Karten, Zauberformeln, Regeln des \u00dcberlebens.<\/p>\n<p data-start=\"587\" data-end=\"685\">Dieses Archiv ist kein Ort f\u00fcr Neugierige.<br data-start=\"629\" data-end=\"632\" \/>Es ist ein Ort f\u00fcr jene, die vorbereitet sein wollen.<\/p>\n<p data-start=\"687\" data-end=\"908\">Wenn du die Siegel brichst, findest du Texte, die von fr\u00fcheren Abenteurern hinterlassen wurden. Leitf\u00e4den. Lehrb\u00fccher. Fragmente gr\u00f6\u00dferer Wahrheiten. Sie warten still, bis jemand sie mitnimmt und wieder in die Welt tr\u00e4gt.<\/p>\n<p data-start=\"910\" data-end=\"981\">Nimm nur, was du zu tragen bereit bist.<br data-start=\"949\" data-end=\"952\" \/>Wissen verlangt seinen Preis.<\/p>\n<p data-start=\"983\" data-end=\"1039\">Und wenn du zur\u00fcckkehrst \u2014<br data-start=\"1009\" data-end=\"1012\" \/>bring neue Geschichten mit.<\/p>\n<p>[\/et_pb_cta][et_pb_audio audio=&#8220;https:\/\/rpg-berlin.de\/rpg\/wp-content\/uploads\/2026\/02\/Wo-die-Karten-enden.mp3&#8243; title=&#8220;Wo die Karten enden&#8220; artist_name=&#8220;Thalorien dem Weglosen&#8220; _builder_version=&#8220;4.27.5&#8243; _module_preset=&#8220;default&#8220; title_font=&#8220;&#8211;et_global_body_font||||||||&#8220; title_text_color=&#8220;#d80000&#8243; background_color=&#8220;#004f16&#8243; background_image=&#8220;https:\/\/rpg-berlin.de\/rpg\/wp-content\/uploads\/2026\/02\/Dungeon-World-banner-scaled-1-1024&#215;384.webp&#8220; custom_margin=&#8220;||20px||false|false&#8220; border_radii=&#8220;on|15px|15px|15px|15px&#8220; box_shadow_style=&#8220;preset2&#8243; box_shadow_color=&#8220;#000000&#8243; global_colors_info=&#8220;{}&#8220;][\/et_pb_audio][\/et_pb_column][\/et_pb_row][\/et_pb_section]<\/p>\n","protected":false},"excerpt":{"rendered":"<p>Du stehst am Rand der Welt. Vor dir: Ruinen, \u00e4lter als jedes K\u00f6nigreich. Hinter dir: eine Zivilisation, die nur so lange sicher ist, wie Menschen wie du bereit sind, in die Dunkelheit zu gehen. Der Wind tr\u00e4gt den Geruch von Rauch, nasser Erde und etwas Uraltem, das besser vergessen worden w\u00e4re. Man sagt, die Welt [&hellip;]<\/p>\n","protected":false},"author":1,"featured_media":110577,"parent":0,"menu_order":0,"comment_status":"closed","ping_status":"closed","template":"","meta":{"_et_pb_use_builder":"on","_et_pb_old_content":"","_et_gb_content_width":"","jetpack_post_was_ever_published":false,"footnotes":""},"class_list":["post-110575","page","type-page","status-publish","has-post-thumbnail","hentry"],"yoast_head":"<!-- This site is optimized with the Yoast SEO plugin v27.3 - https:\/\/yoast.com\/product\/yoast-seo-wordpress\/ -->\n<title>Dungeon World - RPG-Berlin.de<\/title>\n<meta name=\"robots\" content=\"index, follow, max-snippet:-1, max-image-preview:large, max-video-preview:-1\" \/>\n<link rel=\"canonical\" href=\"https:\/\/rpg-berlin.de\/rpg\/dungeon-world\/\" \/>\n<meta property=\"og:locale\" content=\"de_DE\" \/>\n<meta property=\"og:type\" content=\"article\" \/>\n<meta property=\"og:title\" content=\"Dungeon World - RPG-Berlin.de\" \/>\n<meta property=\"og:description\" content=\"Du stehst am Rand der Welt. Vor dir: Ruinen, \u00e4lter als jedes K\u00f6nigreich. Hinter dir: eine Zivilisation, die nur so lange sicher ist, wie Menschen wie du bereit sind, in die Dunkelheit zu gehen. Der Wind tr\u00e4gt den Geruch von Rauch, nasser Erde und etwas Uraltem, das besser vergessen worden w\u00e4re. Man sagt, die Welt [&hellip;]\" \/>\n<meta property=\"og:url\" content=\"https:\/\/rpg-berlin.de\/rpg\/dungeon-world\/\" \/>\n<meta property=\"og:site_name\" content=\"RPG-Berlin.de\" \/>\n<meta property=\"article:publisher\" content=\"https:\/\/www.facebook.com\/rpg.berlin\/\" \/>\n<meta property=\"article:modified_time\" content=\"2026-02-03T12:01:06+00:00\" \/>\n<meta property=\"og:image\" content=\"https:\/\/rpg-berlin.de\/rpg\/wp-content\/uploads\/2026\/02\/Dungeon_world_1024.jpg\" \/>\n\t<meta property=\"og:image:width\" content=\"1024\" \/>\n\t<meta property=\"og:image:height\" content=\"683\" \/>\n\t<meta property=\"og:image:type\" content=\"image\/jpeg\" \/>\n<meta name=\"twitter:card\" content=\"summary_large_image\" \/>\n<meta name=\"twitter:label1\" content=\"Gesch\u00e4tzte Lesezeit\" \/>\n\t<meta name=\"twitter:data1\" content=\"4\u00a0Minuten\" \/>\n<script type=\"application\/ld+json\" class=\"yoast-schema-graph\">{\"@context\":\"https:\\\/\\\/schema.org\",\"@graph\":[{\"@type\":\"WebPage\",\"@id\":\"https:\\\/\\\/rpg-berlin.de\\\/rpg\\\/dungeon-world\\\/\",\"url\":\"https:\\\/\\\/rpg-berlin.de\\\/rpg\\\/dungeon-world\\\/\",\"name\":\"Dungeon World - RPG-Berlin.de\",\"isPartOf\":{\"@id\":\"https:\\\/\\\/rpg-berlin.de\\\/rpg\\\/#website\"},\"primaryImageOfPage\":{\"@id\":\"https:\\\/\\\/rpg-berlin.de\\\/rpg\\\/dungeon-world\\\/#primaryimage\"},\"image\":{\"@id\":\"https:\\\/\\\/rpg-berlin.de\\\/rpg\\\/dungeon-world\\\/#primaryimage\"},\"thumbnailUrl\":\"https:\\\/\\\/i0.wp.com\\\/rpg-berlin.de\\\/rpg\\\/wp-content\\\/uploads\\\/2026\\\/02\\\/Dungeon_world_1024.jpg?fit=1024%2C683&ssl=1\",\"datePublished\":\"2026-02-02T22:04:14+00:00\",\"dateModified\":\"2026-02-03T12:01:06+00:00\",\"breadcrumb\":{\"@id\":\"https:\\\/\\\/rpg-berlin.de\\\/rpg\\\/dungeon-world\\\/#breadcrumb\"},\"inLanguage\":\"de\",\"potentialAction\":[{\"@type\":\"ReadAction\",\"target\":[\"https:\\\/\\\/rpg-berlin.de\\\/rpg\\\/dungeon-world\\\/\"]}]},{\"@type\":\"ImageObject\",\"inLanguage\":\"de\",\"@id\":\"https:\\\/\\\/rpg-berlin.de\\\/rpg\\\/dungeon-world\\\/#primaryimage\",\"url\":\"https:\\\/\\\/i0.wp.com\\\/rpg-berlin.de\\\/rpg\\\/wp-content\\\/uploads\\\/2026\\\/02\\\/Dungeon_world_1024.jpg?fit=1024%2C683&ssl=1\",\"contentUrl\":\"https:\\\/\\\/i0.wp.com\\\/rpg-berlin.de\\\/rpg\\\/wp-content\\\/uploads\\\/2026\\\/02\\\/Dungeon_world_1024.jpg?fit=1024%2C683&ssl=1\",\"width\":1024,\"height\":683,\"caption\":\"Dungeon World\"},{\"@type\":\"BreadcrumbList\",\"@id\":\"https:\\\/\\\/rpg-berlin.de\\\/rpg\\\/dungeon-world\\\/#breadcrumb\",\"itemListElement\":[{\"@type\":\"ListItem\",\"position\":1,\"name\":\"Startseite\",\"item\":\"https:\\\/\\\/rpg-berlin.de\\\/rpg\\\/\"},{\"@type\":\"ListItem\",\"position\":2,\"name\":\"Dungeon World\"}]},{\"@type\":\"WebSite\",\"@id\":\"https:\\\/\\\/rpg-berlin.de\\\/rpg\\\/#website\",\"url\":\"https:\\\/\\\/rpg-berlin.de\\\/rpg\\\/\",\"name\":\"RPG-Berlin.de\",\"description\":\"Blog mehrerer D&amp;D 5e Rollenspielergruppen\",\"publisher\":{\"@id\":\"https:\\\/\\\/rpg-berlin.de\\\/rpg\\\/#organization\"},\"potentialAction\":[{\"@type\":\"SearchAction\",\"target\":{\"@type\":\"EntryPoint\",\"urlTemplate\":\"https:\\\/\\\/rpg-berlin.de\\\/rpg\\\/?s={search_term_string}\"},\"query-input\":{\"@type\":\"PropertyValueSpecification\",\"valueRequired\":true,\"valueName\":\"search_term_string\"}}],\"inLanguage\":\"de\"},{\"@type\":\"Organization\",\"@id\":\"https:\\\/\\\/rpg-berlin.de\\\/rpg\\\/#organization\",\"name\":\"RPG-Berlin.de\",\"url\":\"https:\\\/\\\/rpg-berlin.de\\\/rpg\\\/\",\"logo\":{\"@type\":\"ImageObject\",\"inLanguage\":\"de\",\"@id\":\"https:\\\/\\\/rpg-berlin.de\\\/rpg\\\/#\\\/schema\\\/logo\\\/image\\\/\",\"url\":\"https:\\\/\\\/i0.wp.com\\\/rpg-berlin.de\\\/rpg\\\/wp-content\\\/uploads\\\/2019\\\/05\\\/cropped-Ogma4.png?fit=95%2C95&ssl=1\",\"contentUrl\":\"https:\\\/\\\/i0.wp.com\\\/rpg-berlin.de\\\/rpg\\\/wp-content\\\/uploads\\\/2019\\\/05\\\/cropped-Ogma4.png?fit=95%2C95&ssl=1\",\"width\":95,\"height\":95,\"caption\":\"RPG-Berlin.de\"},\"image\":{\"@id\":\"https:\\\/\\\/rpg-berlin.de\\\/rpg\\\/#\\\/schema\\\/logo\\\/image\\\/\"},\"sameAs\":[\"https:\\\/\\\/www.facebook.com\\\/rpg.berlin\\\/\"]}]}<\/script>\n<!-- \/ Yoast SEO plugin. -->","yoast_head_json":{"title":"Dungeon World - RPG-Berlin.de","robots":{"index":"index","follow":"follow","max-snippet":"max-snippet:-1","max-image-preview":"max-image-preview:large","max-video-preview":"max-video-preview:-1"},"canonical":"https:\/\/rpg-berlin.de\/rpg\/dungeon-world\/","og_locale":"de_DE","og_type":"article","og_title":"Dungeon World - RPG-Berlin.de","og_description":"Du stehst am Rand der Welt. Vor dir: Ruinen, \u00e4lter als jedes K\u00f6nigreich. Hinter dir: eine Zivilisation, die nur so lange sicher ist, wie Menschen wie du bereit sind, in die Dunkelheit zu gehen. Der Wind tr\u00e4gt den Geruch von Rauch, nasser Erde und etwas Uraltem, das besser vergessen worden w\u00e4re. Man sagt, die Welt [&hellip;]","og_url":"https:\/\/rpg-berlin.de\/rpg\/dungeon-world\/","og_site_name":"RPG-Berlin.de","article_publisher":"https:\/\/www.facebook.com\/rpg.berlin\/","article_modified_time":"2026-02-03T12:01:06+00:00","og_image":[{"width":1024,"height":683,"url":"https:\/\/rpg-berlin.de\/rpg\/wp-content\/uploads\/2026\/02\/Dungeon_world_1024.jpg","type":"image\/jpeg"}],"twitter_card":"summary_large_image","twitter_misc":{"Gesch\u00e4tzte Lesezeit":"4\u00a0Minuten"},"schema":{"@context":"https:\/\/schema.org","@graph":[{"@type":"WebPage","@id":"https:\/\/rpg-berlin.de\/rpg\/dungeon-world\/","url":"https:\/\/rpg-berlin.de\/rpg\/dungeon-world\/","name":"Dungeon World - RPG-Berlin.de","isPartOf":{"@id":"https:\/\/rpg-berlin.de\/rpg\/#website"},"primaryImageOfPage":{"@id":"https:\/\/rpg-berlin.de\/rpg\/dungeon-world\/#primaryimage"},"image":{"@id":"https:\/\/rpg-berlin.de\/rpg\/dungeon-world\/#primaryimage"},"thumbnailUrl":"https:\/\/i0.wp.com\/rpg-berlin.de\/rpg\/wp-content\/uploads\/2026\/02\/Dungeon_world_1024.jpg?fit=1024%2C683&ssl=1","datePublished":"2026-02-02T22:04:14+00:00","dateModified":"2026-02-03T12:01:06+00:00","breadcrumb":{"@id":"https:\/\/rpg-berlin.de\/rpg\/dungeon-world\/#breadcrumb"},"inLanguage":"de","potentialAction":[{"@type":"ReadAction","target":["https:\/\/rpg-berlin.de\/rpg\/dungeon-world\/"]}]},{"@type":"ImageObject","inLanguage":"de","@id":"https:\/\/rpg-berlin.de\/rpg\/dungeon-world\/#primaryimage","url":"https:\/\/i0.wp.com\/rpg-berlin.de\/rpg\/wp-content\/uploads\/2026\/02\/Dungeon_world_1024.jpg?fit=1024%2C683&ssl=1","contentUrl":"https:\/\/i0.wp.com\/rpg-berlin.de\/rpg\/wp-content\/uploads\/2026\/02\/Dungeon_world_1024.jpg?fit=1024%2C683&ssl=1","width":1024,"height":683,"caption":"Dungeon World"},{"@type":"BreadcrumbList","@id":"https:\/\/rpg-berlin.de\/rpg\/dungeon-world\/#breadcrumb","itemListElement":[{"@type":"ListItem","position":1,"name":"Startseite","item":"https:\/\/rpg-berlin.de\/rpg\/"},{"@type":"ListItem","position":2,"name":"Dungeon World"}]},{"@type":"WebSite","@id":"https:\/\/rpg-berlin.de\/rpg\/#website","url":"https:\/\/rpg-berlin.de\/rpg\/","name":"RPG-Berlin.de","description":"Blog mehrerer D&amp;D 5e Rollenspielergruppen","publisher":{"@id":"https:\/\/rpg-berlin.de\/rpg\/#organization"},"potentialAction":[{"@type":"SearchAction","target":{"@type":"EntryPoint","urlTemplate":"https:\/\/rpg-berlin.de\/rpg\/?s={search_term_string}"},"query-input":{"@type":"PropertyValueSpecification","valueRequired":true,"valueName":"search_term_string"}}],"inLanguage":"de"},{"@type":"Organization","@id":"https:\/\/rpg-berlin.de\/rpg\/#organization","name":"RPG-Berlin.de","url":"https:\/\/rpg-berlin.de\/rpg\/","logo":{"@type":"ImageObject","inLanguage":"de","@id":"https:\/\/rpg-berlin.de\/rpg\/#\/schema\/logo\/image\/","url":"https:\/\/i0.wp.com\/rpg-berlin.de\/rpg\/wp-content\/uploads\/2019\/05\/cropped-Ogma4.png?fit=95%2C95&ssl=1","contentUrl":"https:\/\/i0.wp.com\/rpg-berlin.de\/rpg\/wp-content\/uploads\/2019\/05\/cropped-Ogma4.png?fit=95%2C95&ssl=1","width":95,"height":95,"caption":"RPG-Berlin.de"},"image":{"@id":"https:\/\/rpg-berlin.de\/rpg\/#\/schema\/logo\/image\/"},"sameAs":["https:\/\/www.facebook.com\/rpg.berlin\/"]}]}},"jetpack_sharing_enabled":true,"jetpack_shortlink":"https:\/\/wp.me\/P4p3r6-sLt","_links":{"self":[{"href":"https:\/\/rpg-berlin.de\/rpg\/wp-json\/wp\/v2\/pages\/110575","targetHints":{"allow":["GET"]}}],"collection":[{"href":"https:\/\/rpg-berlin.de\/rpg\/wp-json\/wp\/v2\/pages"}],"about":[{"href":"https:\/\/rpg-berlin.de\/rpg\/wp-json\/wp\/v2\/types\/page"}],"author":[{"embeddable":true,"href":"https:\/\/rpg-berlin.de\/rpg\/wp-json\/wp\/v2\/users\/1"}],"replies":[{"embeddable":true,"href":"https:\/\/rpg-berlin.de\/rpg\/wp-json\/wp\/v2\/comments?post=110575"}],"version-history":[{"count":4,"href":"https:\/\/rpg-berlin.de\/rpg\/wp-json\/wp\/v2\/pages\/110575\/revisions"}],"predecessor-version":[{"id":110616,"href":"https:\/\/rpg-berlin.de\/rpg\/wp-json\/wp\/v2\/pages\/110575\/revisions\/110616"}],"wp:featuredmedia":[{"embeddable":true,"href":"https:\/\/rpg-berlin.de\/rpg\/wp-json\/wp\/v2\/media\/110577"}],"wp:attachment":[{"href":"https:\/\/rpg-berlin.de\/rpg\/wp-json\/wp\/v2\/media?parent=110575"}],"curies":[{"name":"wp","href":"https:\/\/api.w.org\/{rel}","templated":true}]}}