{"id":110553,"date":"2026-01-30T23:04:55","date_gmt":"2026-01-30T22:04:55","guid":{"rendered":"https:\/\/rpg-berlin.de\/rpg\/?page_id=110553"},"modified":"2026-02-03T13:02:31","modified_gmt":"2026-02-03T12:02:31","slug":"dungeon-crawl-classics","status":"publish","type":"page","link":"https:\/\/rpg-berlin.de\/rpg\/dungeon-crawl-classics\/","title":{"rendered":"Dungeon crawl classics"},"content":{"rendered":"<p>[et_pb_section fb_built=&#8220;1&#8243; admin_label=&#8220;Blog Section&#8220; _builder_version=&#8220;4.27.5&#8243; background_color=&#8220;#000000&#8243; background_color_gradient_start=&#8220;#e02b20&#8243; background_color_gradient_end=&#8220;#000000&#8243; background_enable_image=&#8220;off&#8220; min_height=&#8220;1521.3px&#8220; custom_margin=&#8220;|||&#8220; custom_padding=&#8220;0px||90px|||&#8220; global_colors_info=&#8220;{}&#8220;][et_pb_row column_structure=&#8220;3_5,2_5&#8243; admin_label=&#8220;Title Area&#8220; _builder_version=&#8220;4.27.5&#8243; background_image=&#8220;https:\/\/rpg-berlin.de\/rpg\/wp-content\/uploads\/2026\/01\/dungeon_crawl_classics_famous.jpg&#8220; min_height=&#8220;720.8px&#8220; custom_margin=&#8220;|auto|auto|auto|false|false&#8220; custom_padding=&#8220;||0px|||&#8220; border_radii=&#8220;off|15px|15px||&#8220; locked=&#8220;off&#8220; global_colors_info=&#8220;{}&#8220;][et_pb_column type=&#8220;3_5&#8243; _builder_version=&#8220;4.16&#8243; _module_preset=&#8220;default&#8220; global_colors_info=&#8220;{}&#8220;][et_pb_text admin_label=&#8220;Title&#8220; _builder_version=&#8220;4.27.5&#8243; text_font=&#8220;Roboto Condensed||||||||&#8220; text_text_color=&#8220;#FFFFFF&#8220; text_font_size=&#8220;16px&#8220; text_line_height=&#8220;1.8em&#8220; header_font=&#8220;Roboto Condensed||||||||&#8220; header_text_color=&#8220;#FFFFFF&#8220; header_line_height=&#8220;1.2em&#8220; header_2_font=&#8220;Roboto Condensed|600|||||||&#8220; header_2_text_align=&#8220;center&#8220; header_2_text_color=&#8220;#FFFFFF&#8220; header_2_font_size=&#8220;36px&#8220; header_2_line_height=&#8220;1.4em&#8220; header_3_font=&#8220;Merriweather||||||||&#8220; header_3_text_color=&#8220;#FFFFFF&#8220; header_4_text_color=&#8220;#ffffff&#8220; background_color=&#8220;rgba(0,0,0,0.75)&#8220; text_orientation=&#8220;center&#8220; module_alignment=&#8220;center&#8220; min_height=&#8220;257.8px&#8220; custom_margin=&#8220;|auto|10px||false|false&#8220; custom_padding=&#8220;|0px|9px|20px|false|false&#8220; animation_style=&#8220;slide&#8220; animation_direction=&#8220;top&#8220; animation_intensity_slide=&#8220;10%&#8220; animation_starting_opacity=&#8220;100%&#8220; border_radii=&#8220;on|25px|25px|25px|25px&#8220; box_shadow_style=&#8220;preset2&#8243; box_shadow_color=&#8220;rgba(0,0,0,0.73)&#8220; inline_fonts=&#8220;Roboto Condensed,Roboto&#8220; global_colors_info=&#8220;{}&#8220;]<\/p>\n<h4 data-start=\"0\" data-end=\"50\"><strong data-start=\"3\" data-end=\"61\">Willkommen in den Verliesen von Dungeon Crawl Classics<\/strong><\/h4>\n<p data-start=\"68\" data-end=\"332\">Vergiss ausgewogene Helden, gerechte Chancen und sanfte Einstiege.<br data-start=\"134\" data-end=\"137\" \/><strong data-start=\"137\" data-end=\"163\">Dungeon Crawl Classics<\/strong> wirft dich zur\u00fcck an den Ursprung des Abenteuers \u2013<br data-start=\"214\" data-end=\"217\" \/>dorthin, wo <strong data-start=\"229\" data-end=\"276\">Schwerter rosten, Zauber unberechenbar sind<\/strong> und der Tod nur einen falschen Schritt entfernt lauert.<\/p>\n<p data-start=\"334\" data-end=\"655\">Hier beginnt deine Reise nicht als Held, sondern als <strong data-start=\"387\" data-end=\"398\">Niemand<\/strong>: Bauer, Totengr\u00e4ber, Stallknecht oder Schreiber. Mit einer Mistgabel, einem rostigen Dolch und einem Funken Hoffnung steigst du hinab in dunkle Verliese, verfluchte Tempel und chaotische Ruinen. Wer \u00fcberlebt, wird zur Legende. Wer stirbt, wird zur Warnung.<\/p>\n<p data-start=\"657\" data-end=\"1043\">Dungeon Crawl Classics ist <strong data-start=\"684\" data-end=\"712\">laut, wild und gnadenlos<\/strong>. Magie ist chaotisch und gef\u00e4hrlich \u2013 jeder Zauber kann Wunder wirken oder dich in den Abgrund rei\u00dfen. Kritische Treffer sind brutal, W\u00fcrfel entscheiden \u00fcber Schicksale, und das Chaos regiert. Hier z\u00e4hlt nicht Balance, sondern <strong data-start=\"940\" data-end=\"982\">Mut, List und der Wille, weiterzugehen<\/strong>, selbst wenn das Blut noch frisch auf dem Steinboden dampft.<\/p>\n<p data-start=\"1045\" data-end=\"1278\">Wenn du alte Schule willst, echtes Risiko, schmutzige K\u00e4mpfe, bizarre Monster und Abenteuer, die sich anf\u00fchlen wie vergessene Taschenb\u00fccher aus einer anderen Zeit \u2013<br data-start=\"1209\" data-end=\"1212\" \/>dann w\u00fcrfle die W\u00fcrfel, entz\u00fcnde die Fackel<br data-start=\"1255\" data-end=\"1258\" \/>und <strong data-start=\"1262\" data-end=\"1277\">steig hinab<\/strong>.<\/p>\n<p data-start=\"1280\" data-end=\"1331\" data-is-last-node=\"\" data-is-only-node=\"\"><strong data-start=\"1280\" data-end=\"1322\">Willkommen bei Dungeon Crawl Classics.<\/strong><br data-start=\"1322\" data-end=\"1325\" \/>\u2694\ufe0f\ud83d\udcdc\ud83d\udd25<\/p>\n<p>[\/et_pb_text][\/et_pb_column][et_pb_column type=&#8220;2_5&#8243; _builder_version=&#8220;4.16&#8243; _module_preset=&#8220;default&#8220; global_colors_info=&#8220;{}&#8220;][et_pb_image src=&#8220;https:\/\/rpg-berlin.de\/rpg\/wp-content\/uploads\/2026\/01\/dcc-logo-yellowred-300&#215;253.webp&#8220; alt=&#8220;Dungeon crawl classics&#8220; title_text=&#8220;dcc-logo-yellowred&#8220; _builder_version=&#8220;4.27.5&#8243; _module_preset=&#8220;default&#8220; global_colors_info=&#8220;{}&#8220;][\/et_pb_image][\/et_pb_column][\/et_pb_row][et_pb_row column_structure=&#8220;1_2,1_2&#8243; use_custom_gutter=&#8220;on&#8220; make_equal=&#8220;on&#8220; admin_label=&#8220;Blog Area&#8220; _builder_version=&#8220;4.27.5&#8243; background_color=&#8220;rgba(221,0,0,0.59)&#8220; module_alignment=&#8220;center&#8220; min_height=&#8220;535.7px&#8220; max_height=&#8220;1000px&#8220; custom_margin=&#8220;10px|auto|93px|auto|false|false&#8220; custom_padding=&#8220;|2px|0px|20px|false|false&#8220; border_radii=&#8220;on|15px|15px|15px|15px&#8220; box_shadow_style=&#8220;preset5&#8243; box_shadow_blur=&#8220;80px&#8220; box_shadow_color=&#8220;#E02B20&#8243; global_colors_info=&#8220;{}&#8220;][et_pb_column type=&#8220;1_2&#8243; _builder_version=&#8220;4.27.4&#8243; custom_padding=&#8220;|||&#8220; global_colors_info=&#8220;{}&#8220; custom_padding__hover=&#8220;|||&#8220;][et_pb_image src=&#8220;https:\/\/rpg-berlin.de\/rpg\/wp-content\/uploads\/2026\/01\/DCC67_Sailors_pg17-791&#215;1024.jpg&#8220; title_text=&#8220;DCC67_Sailors_pg17&#8243; _builder_version=&#8220;4.27.5&#8243; _module_preset=&#8220;default&#8220; border_radii=&#8220;on|15px|15px|15px|15px&#8220; box_shadow_style=&#8220;preset2&#8243; box_shadow_color=&#8220;#000000&#8243; global_colors_info=&#8220;{}&#8220;][\/et_pb_image][et_pb_audio audio=&#8220;https:\/\/rpg-berlin.de\/rpg\/wp-content\/uploads\/2026\/01\/Wuerfel-im-Blut.mp3&#8243; title=&#8220;W\u00fcrfel im Blut&#8220; artist_name=&#8220;Hurgan der Kerzenfresser&#8220; _builder_version=&#8220;4.27.5&#8243; _module_preset=&#8220;default&#8220; title_font=&#8220;&#8211;et_global_body_font||||||||&#8220; title_text_color=&#8220;#d80000&#8243; background_color=&#8220;RGBA(255,255,255,0)&#8220; background_image=&#8220;https:\/\/rpg-berlin.de\/rpg\/wp-content\/uploads\/2026\/01\/0FNXmld-1024&#215;447.jpg&#8220; background_position=&#8220;top_center&#8220; custom_margin=&#8220;||20px||false|false&#8220; border_radii=&#8220;on|15px|15px|15px|15px&#8220; box_shadow_style=&#8220;preset2&#8243; box_shadow_color=&#8220;#000000&#8243; global_colors_info=&#8220;{}&#8220;][\/et_pb_audio][\/et_pb_column][et_pb_column type=&#8220;1_2&#8243; _builder_version=&#8220;4.27.4&#8243; custom_padding=&#8220;|||&#8220; global_colors_info=&#8220;{}&#8220; custom_padding__hover=&#8220;|||&#8220;][et_pb_cta title=&#8220;Die verbotenen Folianten der Dungeon Crawl Classics&#8220; button_url=&#8220;https:\/\/rpg-berlin.de\/rpg\/dungeon-crawl-classics-archiv\/&#8220; button_text=&#8220;Weiterlesen&#8220; admin_label=&#8220;Service&#8220; _builder_version=&#8220;4.27.5&#8243; _dynamic_attributes=&#8220;link_option_url&#8220; header_level=&#8220;h3&#8243; header_font=&#8220;Poppins|600|||||||&#8220; header_text_align=&#8220;center&#8220; header_text_color=&#8220;#000000&#8243; header_font_size=&#8220;18px&#8220; header_line_height=&#8220;1.4em&#8220; body_font=&#8220;Poppins||||||||&#8220; body_text_color=&#8220;#666666&#8243; body_line_height=&#8220;1.8em&#8220; use_background_color=&#8220;off&#8220; use_background_color_gradient=&#8220;on&#8220; background_color_gradient_stops=&#8220;#ffffff 0%|#ffffff 100%&#8220; background_enable_image=&#8220;off&#8220; background_size=&#8220;contain&#8220; background_position=&#8220;top_right&#8220; custom_button=&#8220;on&#8220; button_text_size=&#8220;14px&#8220; button_text_color=&#8220;#8b20bb&#8220; button_bg_color=&#8220;rgba(0,0,0,0)&#8220; button_border_width=&#8220;0px&#8220; button_letter_spacing=&#8220;2px&#8220; button_font=&#8220;Roboto Condensed|600||on|||||&#8220; button_icon=&#8220;&#x24;||divi||400&#8243; button_alignment=&#8220;center&#8220; text_orientation=&#8220;left&#8220; custom_margin=&#8220;||||false|false&#8220; custom_padding=&#8220;|20px||20px|false|false&#8220; animation_style=&#8220;fade&#8220; link_option_url=&#8220;@ET-DC@eyJkeW5hbWljIjp0cnVlLCJjb250ZW50IjoicG9zdF9saW5rX3VybF9wYWdlIiwic2V0dGluZ3MiOnsicG9zdF9pZCI6IjIwOTM2In19@&#8220; hover_enabled=&#8220;0&#8243; border_radii=&#8220;on|15px|15px|15px|15px&#8220; box_shadow_style=&#8220;preset2&#8243; box_shadow_color=&#8220;#000000&#8243; locked=&#8220;off&#8220; global_colors_info=&#8220;{}&#8220; button_text_size__hover_enabled=&#8220;off&#8220; button_one_text_size__hover_enabled=&#8220;off&#8220; button_two_text_size__hover_enabled=&#8220;off&#8220; button_text_color__hover_enabled=&#8220;off&#8220; button_one_text_color__hover_enabled=&#8220;off&#8220; button_two_text_color__hover_enabled=&#8220;off&#8220; button_border_width__hover_enabled=&#8220;off&#8220; button_one_border_width__hover_enabled=&#8220;off&#8220; button_two_border_width__hover_enabled=&#8220;off&#8220; button_border_color__hover_enabled=&#8220;off&#8220; button_one_border_color__hover_enabled=&#8220;off&#8220; button_two_border_color__hover_enabled=&#8220;off&#8220; button_border_radius__hover_enabled=&#8220;off&#8220; button_one_border_radius__hover_enabled=&#8220;off&#8220; button_two_border_radius__hover_enabled=&#8220;off&#8220; button_letter_spacing__hover_enabled=&#8220;off&#8220; button_one_letter_spacing__hover_enabled=&#8220;off&#8220; button_two_letter_spacing__hover_enabled=&#8220;off&#8220; button_bg_color__hover_enabled=&#8220;off&#8220; button_one_bg_color__hover_enabled=&#8220;off&#8220; button_two_bg_color__hover_enabled=&#8220;off&#8220; sticky_enabled=&#8220;0&#8243;]<\/p>\n<div dir=\"auto\">\n<p data-start=\"65\" data-end=\"313\">Hier liegen sie.<br data-start=\"81\" data-end=\"84\" \/>Vergilbt, blutbefleckt, mit Randnotizen toter Abenteurer versehen.<br data-start=\"150\" data-end=\"153\" \/>Die <strong data-start=\"157\" data-end=\"194\">B\u00fccher von Dungeon Crawl Classics<\/strong> sind keine sanften Lehrwerke \u2013 sie sind <strong data-start=\"235\" data-end=\"259\">\u00dcberlebenshandb\u00fccher<\/strong> f\u00fcr jene, die sich freiwillig in den Abgrund begeben.<\/p>\n<p data-start=\"315\" data-end=\"551\">In diesen Schriften findest du alles, was du brauchst, um dein Schicksal herauszufordern:<br data-start=\"404\" data-end=\"407\" \/>Regeln, die sich nicht entschuldigen.<br data-start=\"444\" data-end=\"447\" \/>Zauber, die unberechenbar toben.<br data-start=\"479\" data-end=\"482\" \/>Monster, die nicht fair k\u00e4mpfen.<br data-start=\"514\" data-end=\"517\" data-is-only-node=\"\" \/>Abenteuer, die dich nicht schonen.<\/p>\n<p data-start=\"553\" data-end=\"849\">Jede Seite atmet den Geist der alten Schule \u2013<br data-start=\"598\" data-end=\"601\" \/>random Tabellen, t\u00f6dliche Fallen, kritische Treffer,<br data-start=\"653\" data-end=\"656\" \/>und Magie, die ebenso oft Wunder wirkt wie Verderben bringt.<br data-start=\"716\" data-end=\"719\" \/>Diese B\u00fccher sind gemacht, um <strong data-start=\"749\" data-end=\"760\" data-is-only-node=\"\">benutzt<\/strong>, nicht geschont zu werden.<br data-start=\"787\" data-end=\"790\" \/>Eselsohren sind Ehrenzeichen. Flecken erz\u00e4hlen Geschichten.<\/p>\n<p data-start=\"851\" data-end=\"1054\">Lade dir die Folianten herunter, studiere sie bei flackerndem Fackellicht<br data-start=\"924\" data-end=\"927\" \/>und bereite dich darauf vor, deine Spieler durch Verliese zu jagen,<br data-start=\"994\" data-end=\"997\" \/>in denen Helden geboren werden \u2013<br data-start=\"1029\" data-end=\"1032\" \/>oder namenlos sterben.<\/p>\n<p data-start=\"1056\" data-end=\"1138\" data-is-last-node=\"\" data-is-only-node=\"\"><strong data-start=\"1056\" data-end=\"1093\">Greif zu. W\u00fcrfle hart. Stirb oft.<\/strong><br data-start=\"1093\" data-end=\"1096\" \/>Willkommen bei <strong data-start=\"1111\" data-end=\"1137\">Dungeon Crawl Classics<\/strong>.<\/p>\n<\/div>\n<div dir=\"auto\"><\/div>\n<p>[\/et_pb_cta][\/et_pb_column][\/et_pb_row][\/et_pb_section]<\/p>\n","protected":false},"excerpt":{"rendered":"<p>Willkommen in den Verliesen von Dungeon Crawl Classics Vergiss ausgewogene Helden, gerechte Chancen und sanfte Einstiege.Dungeon Crawl Classics wirft dich zur\u00fcck an den Ursprung des Abenteuers \u2013dorthin, wo Schwerter rosten, Zauber unberechenbar sind und der Tod nur einen falschen Schritt entfernt lauert. Hier beginnt deine Reise nicht als Held, sondern als Niemand: Bauer, Totengr\u00e4ber, Stallknecht [&hellip;]<\/p>\n","protected":false},"author":1,"featured_media":110555,"parent":0,"menu_order":0,"comment_status":"closed","ping_status":"closed","template":"","meta":{"_et_pb_use_builder":"on","_et_pb_old_content":"","_et_gb_content_width":"","jetpack_post_was_ever_published":false,"footnotes":""},"class_list":["post-110553","page","type-page","status-publish","has-post-thumbnail","hentry"],"yoast_head":"<!-- This site is optimized with the Yoast SEO plugin v27.3 - https:\/\/yoast.com\/product\/yoast-seo-wordpress\/ -->\n<title>Dungeon crawl classics - RPG-Berlin.de<\/title>\n<meta name=\"robots\" content=\"index, follow, max-snippet:-1, max-image-preview:large, max-video-preview:-1\" \/>\n<link rel=\"canonical\" href=\"https:\/\/rpg-berlin.de\/rpg\/dungeon-crawl-classics\/\" \/>\n<meta property=\"og:locale\" content=\"de_DE\" \/>\n<meta property=\"og:type\" content=\"article\" \/>\n<meta property=\"og:title\" content=\"Dungeon crawl classics - RPG-Berlin.de\" \/>\n<meta property=\"og:description\" content=\"Willkommen in den Verliesen von Dungeon Crawl Classics Vergiss ausgewogene Helden, gerechte Chancen und sanfte Einstiege.Dungeon Crawl Classics wirft dich zur\u00fcck an den Ursprung des Abenteuers \u2013dorthin, wo Schwerter rosten, Zauber unberechenbar sind und der Tod nur einen falschen Schritt entfernt lauert. Hier beginnt deine Reise nicht als Held, sondern als Niemand: Bauer, Totengr\u00e4ber, Stallknecht [&hellip;]\" \/>\n<meta property=\"og:url\" content=\"https:\/\/rpg-berlin.de\/rpg\/dungeon-crawl-classics\/\" \/>\n<meta property=\"og:site_name\" content=\"RPG-Berlin.de\" \/>\n<meta property=\"article:publisher\" content=\"https:\/\/www.facebook.com\/rpg.berlin\/\" \/>\n<meta property=\"article:modified_time\" content=\"2026-02-03T12:02:31+00:00\" \/>\n<meta property=\"og:image\" content=\"https:\/\/rpg-berlin.de\/rpg\/wp-content\/uploads\/2026\/01\/dungeon_crawl_classics_famous.jpg\" \/>\n\t<meta property=\"og:image:width\" content=\"864\" \/>\n\t<meta property=\"og:image:height\" content=\"506\" \/>\n\t<meta property=\"og:image:type\" content=\"image\/jpeg\" \/>\n<meta name=\"twitter:card\" content=\"summary_large_image\" \/>\n<meta name=\"twitter:label1\" content=\"Gesch\u00e4tzte Lesezeit\" \/>\n\t<meta name=\"twitter:data1\" content=\"4\u00a0Minuten\" \/>\n<script type=\"application\/ld+json\" class=\"yoast-schema-graph\">{\"@context\":\"https:\\\/\\\/schema.org\",\"@graph\":[{\"@type\":\"WebPage\",\"@id\":\"https:\\\/\\\/rpg-berlin.de\\\/rpg\\\/dungeon-crawl-classics\\\/\",\"url\":\"https:\\\/\\\/rpg-berlin.de\\\/rpg\\\/dungeon-crawl-classics\\\/\",\"name\":\"Dungeon crawl classics - RPG-Berlin.de\",\"isPartOf\":{\"@id\":\"https:\\\/\\\/rpg-berlin.de\\\/rpg\\\/#website\"},\"primaryImageOfPage\":{\"@id\":\"https:\\\/\\\/rpg-berlin.de\\\/rpg\\\/dungeon-crawl-classics\\\/#primaryimage\"},\"image\":{\"@id\":\"https:\\\/\\\/rpg-berlin.de\\\/rpg\\\/dungeon-crawl-classics\\\/#primaryimage\"},\"thumbnailUrl\":\"https:\\\/\\\/i0.wp.com\\\/rpg-berlin.de\\\/rpg\\\/wp-content\\\/uploads\\\/2026\\\/01\\\/dungeon_crawl_classics_famous.jpg?fit=864%2C506&ssl=1\",\"datePublished\":\"2026-01-30T22:04:55+00:00\",\"dateModified\":\"2026-02-03T12:02:31+00:00\",\"breadcrumb\":{\"@id\":\"https:\\\/\\\/rpg-berlin.de\\\/rpg\\\/dungeon-crawl-classics\\\/#breadcrumb\"},\"inLanguage\":\"de\",\"potentialAction\":[{\"@type\":\"ReadAction\",\"target\":[\"https:\\\/\\\/rpg-berlin.de\\\/rpg\\\/dungeon-crawl-classics\\\/\"]}]},{\"@type\":\"ImageObject\",\"inLanguage\":\"de\",\"@id\":\"https:\\\/\\\/rpg-berlin.de\\\/rpg\\\/dungeon-crawl-classics\\\/#primaryimage\",\"url\":\"https:\\\/\\\/i0.wp.com\\\/rpg-berlin.de\\\/rpg\\\/wp-content\\\/uploads\\\/2026\\\/01\\\/dungeon_crawl_classics_famous.jpg?fit=864%2C506&ssl=1\",\"contentUrl\":\"https:\\\/\\\/i0.wp.com\\\/rpg-berlin.de\\\/rpg\\\/wp-content\\\/uploads\\\/2026\\\/01\\\/dungeon_crawl_classics_famous.jpg?fit=864%2C506&ssl=1\",\"width\":864,\"height\":506,\"caption\":\"Dungeon crawl classics\"},{\"@type\":\"BreadcrumbList\",\"@id\":\"https:\\\/\\\/rpg-berlin.de\\\/rpg\\\/dungeon-crawl-classics\\\/#breadcrumb\",\"itemListElement\":[{\"@type\":\"ListItem\",\"position\":1,\"name\":\"Startseite\",\"item\":\"https:\\\/\\\/rpg-berlin.de\\\/rpg\\\/\"},{\"@type\":\"ListItem\",\"position\":2,\"name\":\"Dungeon crawl classics\"}]},{\"@type\":\"WebSite\",\"@id\":\"https:\\\/\\\/rpg-berlin.de\\\/rpg\\\/#website\",\"url\":\"https:\\\/\\\/rpg-berlin.de\\\/rpg\\\/\",\"name\":\"RPG-Berlin.de\",\"description\":\"Blog mehrerer D&amp;D 5e Rollenspielergruppen\",\"publisher\":{\"@id\":\"https:\\\/\\\/rpg-berlin.de\\\/rpg\\\/#organization\"},\"potentialAction\":[{\"@type\":\"SearchAction\",\"target\":{\"@type\":\"EntryPoint\",\"urlTemplate\":\"https:\\\/\\\/rpg-berlin.de\\\/rpg\\\/?s={search_term_string}\"},\"query-input\":{\"@type\":\"PropertyValueSpecification\",\"valueRequired\":true,\"valueName\":\"search_term_string\"}}],\"inLanguage\":\"de\"},{\"@type\":\"Organization\",\"@id\":\"https:\\\/\\\/rpg-berlin.de\\\/rpg\\\/#organization\",\"name\":\"RPG-Berlin.de\",\"url\":\"https:\\\/\\\/rpg-berlin.de\\\/rpg\\\/\",\"logo\":{\"@type\":\"ImageObject\",\"inLanguage\":\"de\",\"@id\":\"https:\\\/\\\/rpg-berlin.de\\\/rpg\\\/#\\\/schema\\\/logo\\\/image\\\/\",\"url\":\"https:\\\/\\\/i0.wp.com\\\/rpg-berlin.de\\\/rpg\\\/wp-content\\\/uploads\\\/2019\\\/05\\\/cropped-Ogma4.png?fit=95%2C95&ssl=1\",\"contentUrl\":\"https:\\\/\\\/i0.wp.com\\\/rpg-berlin.de\\\/rpg\\\/wp-content\\\/uploads\\\/2019\\\/05\\\/cropped-Ogma4.png?fit=95%2C95&ssl=1\",\"width\":95,\"height\":95,\"caption\":\"RPG-Berlin.de\"},\"image\":{\"@id\":\"https:\\\/\\\/rpg-berlin.de\\\/rpg\\\/#\\\/schema\\\/logo\\\/image\\\/\"},\"sameAs\":[\"https:\\\/\\\/www.facebook.com\\\/rpg.berlin\\\/\"]}]}<\/script>\n<!-- \/ Yoast SEO plugin. -->","yoast_head_json":{"title":"Dungeon crawl classics - RPG-Berlin.de","robots":{"index":"index","follow":"follow","max-snippet":"max-snippet:-1","max-image-preview":"max-image-preview:large","max-video-preview":"max-video-preview:-1"},"canonical":"https:\/\/rpg-berlin.de\/rpg\/dungeon-crawl-classics\/","og_locale":"de_DE","og_type":"article","og_title":"Dungeon crawl classics - RPG-Berlin.de","og_description":"Willkommen in den Verliesen von Dungeon Crawl Classics Vergiss ausgewogene Helden, gerechte Chancen und sanfte Einstiege.Dungeon Crawl Classics wirft dich zur\u00fcck an den Ursprung des Abenteuers \u2013dorthin, wo Schwerter rosten, Zauber unberechenbar sind und der Tod nur einen falschen Schritt entfernt lauert. Hier beginnt deine Reise nicht als Held, sondern als Niemand: Bauer, Totengr\u00e4ber, Stallknecht [&hellip;]","og_url":"https:\/\/rpg-berlin.de\/rpg\/dungeon-crawl-classics\/","og_site_name":"RPG-Berlin.de","article_publisher":"https:\/\/www.facebook.com\/rpg.berlin\/","article_modified_time":"2026-02-03T12:02:31+00:00","og_image":[{"width":864,"height":506,"url":"https:\/\/rpg-berlin.de\/rpg\/wp-content\/uploads\/2026\/01\/dungeon_crawl_classics_famous.jpg","type":"image\/jpeg"}],"twitter_card":"summary_large_image","twitter_misc":{"Gesch\u00e4tzte Lesezeit":"4\u00a0Minuten"},"schema":{"@context":"https:\/\/schema.org","@graph":[{"@type":"WebPage","@id":"https:\/\/rpg-berlin.de\/rpg\/dungeon-crawl-classics\/","url":"https:\/\/rpg-berlin.de\/rpg\/dungeon-crawl-classics\/","name":"Dungeon crawl classics - RPG-Berlin.de","isPartOf":{"@id":"https:\/\/rpg-berlin.de\/rpg\/#website"},"primaryImageOfPage":{"@id":"https:\/\/rpg-berlin.de\/rpg\/dungeon-crawl-classics\/#primaryimage"},"image":{"@id":"https:\/\/rpg-berlin.de\/rpg\/dungeon-crawl-classics\/#primaryimage"},"thumbnailUrl":"https:\/\/i0.wp.com\/rpg-berlin.de\/rpg\/wp-content\/uploads\/2026\/01\/dungeon_crawl_classics_famous.jpg?fit=864%2C506&ssl=1","datePublished":"2026-01-30T22:04:55+00:00","dateModified":"2026-02-03T12:02:31+00:00","breadcrumb":{"@id":"https:\/\/rpg-berlin.de\/rpg\/dungeon-crawl-classics\/#breadcrumb"},"inLanguage":"de","potentialAction":[{"@type":"ReadAction","target":["https:\/\/rpg-berlin.de\/rpg\/dungeon-crawl-classics\/"]}]},{"@type":"ImageObject","inLanguage":"de","@id":"https:\/\/rpg-berlin.de\/rpg\/dungeon-crawl-classics\/#primaryimage","url":"https:\/\/i0.wp.com\/rpg-berlin.de\/rpg\/wp-content\/uploads\/2026\/01\/dungeon_crawl_classics_famous.jpg?fit=864%2C506&ssl=1","contentUrl":"https:\/\/i0.wp.com\/rpg-berlin.de\/rpg\/wp-content\/uploads\/2026\/01\/dungeon_crawl_classics_famous.jpg?fit=864%2C506&ssl=1","width":864,"height":506,"caption":"Dungeon crawl classics"},{"@type":"BreadcrumbList","@id":"https:\/\/rpg-berlin.de\/rpg\/dungeon-crawl-classics\/#breadcrumb","itemListElement":[{"@type":"ListItem","position":1,"name":"Startseite","item":"https:\/\/rpg-berlin.de\/rpg\/"},{"@type":"ListItem","position":2,"name":"Dungeon crawl classics"}]},{"@type":"WebSite","@id":"https:\/\/rpg-berlin.de\/rpg\/#website","url":"https:\/\/rpg-berlin.de\/rpg\/","name":"RPG-Berlin.de","description":"Blog mehrerer D&amp;D 5e Rollenspielergruppen","publisher":{"@id":"https:\/\/rpg-berlin.de\/rpg\/#organization"},"potentialAction":[{"@type":"SearchAction","target":{"@type":"EntryPoint","urlTemplate":"https:\/\/rpg-berlin.de\/rpg\/?s={search_term_string}"},"query-input":{"@type":"PropertyValueSpecification","valueRequired":true,"valueName":"search_term_string"}}],"inLanguage":"de"},{"@type":"Organization","@id":"https:\/\/rpg-berlin.de\/rpg\/#organization","name":"RPG-Berlin.de","url":"https:\/\/rpg-berlin.de\/rpg\/","logo":{"@type":"ImageObject","inLanguage":"de","@id":"https:\/\/rpg-berlin.de\/rpg\/#\/schema\/logo\/image\/","url":"https:\/\/i0.wp.com\/rpg-berlin.de\/rpg\/wp-content\/uploads\/2019\/05\/cropped-Ogma4.png?fit=95%2C95&ssl=1","contentUrl":"https:\/\/i0.wp.com\/rpg-berlin.de\/rpg\/wp-content\/uploads\/2019\/05\/cropped-Ogma4.png?fit=95%2C95&ssl=1","width":95,"height":95,"caption":"RPG-Berlin.de"},"image":{"@id":"https:\/\/rpg-berlin.de\/rpg\/#\/schema\/logo\/image\/"},"sameAs":["https:\/\/www.facebook.com\/rpg.berlin\/"]}]}},"jetpack_sharing_enabled":true,"jetpack_shortlink":"https:\/\/wp.me\/P4p3r6-sL7","_links":{"self":[{"href":"https:\/\/rpg-berlin.de\/rpg\/wp-json\/wp\/v2\/pages\/110553","targetHints":{"allow":["GET"]}}],"collection":[{"href":"https:\/\/rpg-berlin.de\/rpg\/wp-json\/wp\/v2\/pages"}],"about":[{"href":"https:\/\/rpg-berlin.de\/rpg\/wp-json\/wp\/v2\/types\/page"}],"author":[{"embeddable":true,"href":"https:\/\/rpg-berlin.de\/rpg\/wp-json\/wp\/v2\/users\/1"}],"replies":[{"embeddable":true,"href":"https:\/\/rpg-berlin.de\/rpg\/wp-json\/wp\/v2\/comments?post=110553"}],"version-history":[{"count":4,"href":"https:\/\/rpg-berlin.de\/rpg\/wp-json\/wp\/v2\/pages\/110553\/revisions"}],"predecessor-version":[{"id":110617,"href":"https:\/\/rpg-berlin.de\/rpg\/wp-json\/wp\/v2\/pages\/110553\/revisions\/110617"}],"wp:featuredmedia":[{"embeddable":true,"href":"https:\/\/rpg-berlin.de\/rpg\/wp-json\/wp\/v2\/media\/110555"}],"wp:attachment":[{"href":"https:\/\/rpg-berlin.de\/rpg\/wp-json\/wp\/v2\/media?parent=110553"}],"curies":[{"name":"wp","href":"https:\/\/api.w.org\/{rel}","templated":true}]}}