{"id":110038,"date":"2026-01-21T22:32:57","date_gmt":"2026-01-21T21:32:57","guid":{"rendered":"https:\/\/rpg-berlin.de\/rpg\/?page_id=110038"},"modified":"2026-02-18T23:57:31","modified_gmt":"2026-02-18T22:57:31","slug":"pathfinder","status":"publish","type":"page","link":"https:\/\/rpg-berlin.de\/rpg\/pathfinder\/","title":{"rendered":"Pathfinder"},"content":{"rendered":"<p>[et_pb_section fb_built=&#8220;1&#8243; admin_label=&#8220;Blog Section&#8220; _builder_version=&#8220;4.27.5&#8243; background_color=&#8220;#000000&#8243; background_color_gradient_start=&#8220;#e02b20&#8243; background_color_gradient_end=&#8220;#000000&#8243; background_enable_image=&#8220;off&#8220; min_height=&#8220;1521.3px&#8220; custom_margin=&#8220;|||&#8220; custom_padding=&#8220;0px||90px|||&#8220; global_colors_info=&#8220;{}&#8220;][et_pb_row column_structure=&#8220;3_4,1_4&#8243; admin_label=&#8220;Title Area&#8220; _builder_version=&#8220;4.27.5&#8243; background_image=&#8220;https:\/\/rpg-berlin.de\/rpg\/wp-content\/uploads\/2026\/02\/1000_F_469477570_7X1iZmByBZIMurKtdbC0QPEwus3UUHW8_cleanup.jpg&#8220; min_height=&#8220;720.8px&#8220; custom_margin=&#8220;|auto|auto|auto|false|false&#8220; custom_padding=&#8220;||0px|||&#8220; border_radii=&#8220;off|15px|15px||&#8220; locked=&#8220;off&#8220; global_colors_info=&#8220;{}&#8220;][et_pb_column type=&#8220;3_4&#8243; _builder_version=&#8220;4.16&#8243; _module_preset=&#8220;default&#8220; global_colors_info=&#8220;{}&#8220;][et_pb_image src=&#8220;https:\/\/rpg-berlin.de\/rpg\/wp-content\/uploads\/2026\/01\/PathfinderSecondEdition_RemasterProject_1500-1024&#215;380-1-300&#215;111.png&#8220; alt=&#8220;Pathfinder 2e Remastered&#8220; title_text=&#8220;PathfinderSecondEdition_RemasterProject_1500-1024&#215;380&#8243; align=&#8220;center&#8220; _builder_version=&#8220;4.27.5&#8243; _module_preset=&#8220;default&#8220; custom_margin=&#8220;|50px|||false|false&#8220; custom_padding=&#8220;||||false|false&#8220; global_colors_info=&#8220;{}&#8220;][\/et_pb_image][et_pb_text admin_label=&#8220;Title&#8220; _builder_version=&#8220;4.27.5&#8243; text_font=&#8220;Poppins||||||||&#8220; text_text_color=&#8220;#FFFFFF&#8220; text_line_height=&#8220;1.8em&#8220; header_font=&#8220;Roboto Condensed||||||||&#8220; header_text_color=&#8220;#FFFFFF&#8220; header_line_height=&#8220;1.2em&#8220; header_2_font=&#8220;Roboto Condensed|600|||||||&#8220; header_2_text_align=&#8220;center&#8220; header_2_text_color=&#8220;#FFFFFF&#8220; header_2_line_height=&#8220;1.4em&#8220; header_3_font=&#8220;Merriweather||||||||&#8220; header_3_text_color=&#8220;#FFFFFF&#8220; header_3_font_size=&#8220;20px&#8220; background_color=&#8220;rgba(0,0,0,0.51)&#8220; text_orientation=&#8220;center&#8220; module_alignment=&#8220;center&#8220; min_height=&#8220;257.8px&#8220; custom_margin=&#8220;|auto|10px||false|false&#8220; custom_padding=&#8220;|0px|9px|20px|false|false&#8220; animation_style=&#8220;slide&#8220; animation_direction=&#8220;top&#8220; animation_intensity_slide=&#8220;10%&#8220; animation_starting_opacity=&#8220;100%&#8220; border_radii=&#8220;on|25px|25px|25px|25px&#8220; box_shadow_style=&#8220;preset2&#8243; box_shadow_color=&#8220;rgba(0,0,0,0.73)&#8220; inline_fonts=&#8220;Roboto Condensed,Roboto&#8220; global_colors_info=&#8220;{}&#8220;]<\/p>\n<h2 data-path-to-node=\"2\">Das Erwachen einer neuen \u00c4ra: Golarion im Wandel<\/h2>\n<p data-path-to-node=\"3\">Die Welt Golarion hat schon viele Zeitalter \u00fcberstanden \u2013 Kataklysmen, die den Himmel verdunkelten, und den Aufstieg sterblicher Helden zu g\u00f6ttlichem Glanz. Doch nun weht ein neuer, unb\u00e4ndiger Wind durch die Stra\u00dfen von Absalom und die wilden Weiten des Mwangi-Beckens.<\/p>\n<p data-path-to-node=\"4\"><b data-path-to-node=\"4\" data-index-in-node=\"0\">Die alten M\u00e4chte formen sich neu.<\/b> W\u00e4hrend die Gelehrten in der Magaambya ihre Schriftrollen umschreiben und die Krieger der See-Regionen ihre Schilde neu beschlagen, sp\u00fcrt jeder Abenteurer: Die Regeln der Welt haben sich gewandelt, ohne dass ihr Kern verloren ging.<\/p>\n<h3 data-path-to-node=\"5\"><\/h3>\n<h3 data-path-to-node=\"5\">Was euch erwartet:<\/h3>\n<ul data-path-to-node=\"6\">\n<li>\n<p data-path-to-node=\"6,0,0\" style=\"text-align: center;\"><b data-path-to-node=\"6,0,0\" data-index-in-node=\"0\">Entfesselte Magie:<\/b> Die starren Konzepte von &#8222;Gesinnung&#8220; verblassen. An ihre Stelle tritt die reine Absicht eurer Taten. Ein Kleriker dient nicht mehr nur einem abstrakten Ideal, sondern verk\u00f6rpert den <b data-path-to-node=\"6,0,0\" data-index-in-node=\"201\">Anathema<\/b> und die <b data-path-to-node=\"6,0,0\" data-index-in-node=\"218\">Heiligkeit<\/b> seiner Gottheit durch direktes Handeln.<\/p>\n<\/li>\n<li style=\"text-align: center;\">\n<p data-path-to-node=\"6,1,0\"><b data-path-to-node=\"6,1,0\" data-index-in-node=\"0\">Wissen ist Macht:<\/b> Die Geheimnisse der Arkanistik, des Okkulten, der Natur und des Religi\u00f6sen wurden neu sortiert. Wer die Natur der Welt versteht, f\u00fchrt die Klinge \u2013 oder den Zauberstab \u2013 mit neuer Pr\u00e4zision.<\/p>\n<\/li>\n<li>\n<p data-path-to-node=\"6,2,0\" style=\"text-align: center;\"><b data-path-to-node=\"6,2,0\" data-index-in-node=\"0\">Ein Kontinent voller Gefahren:<\/b> Ob ihr die Schatten der Ruinen von Belkzen durchstreift oder die Intrigen am Hofe von Taldor spinnt \u2013 Golarion ist lebendiger, gef\u00e4hrlicher und taktischer als je zuvor.<\/p>\n<\/li>\n<\/ul>\n<h3 data-path-to-node=\"7\"><\/h3>\n<h3 data-path-to-node=\"7\">Euer Schicksal beginnt jetzt<\/h3>\n<p data-path-to-node=\"8\">Die Chroniken der Suchenden (Pathfinder) warten auf neue Eintr\u00e4ge. Die Vergangenheit ist in Stein gemei\u00dfelt, doch die Zukunft ist so formbar wie der \u00c4ther selbst. W\u00e4hlt eure Ahnen, sch\u00e4rft eure Talente und bereitet euch darauf vor, Geschichte zu schreiben.<\/p>\n<p data-path-to-node=\"9\"><b data-path-to-node=\"9\" data-index-in-node=\"0\">Die W\u00fcrfel rollen, das Schicksal ruft. Seid ihr bereit f\u00fcr das n\u00e4chste Kapitel?<\/b><\/p>\n<p>[\/et_pb_text][\/et_pb_column][et_pb_column type=&#8220;1_4&#8243; _builder_version=&#8220;4.16&#8243; _module_preset=&#8220;default&#8220; global_colors_info=&#8220;{}&#8220;][\/et_pb_column][\/et_pb_row][et_pb_row column_structure=&#8220;1_2,1_2&#8243; use_custom_gutter=&#8220;on&#8220; make_equal=&#8220;on&#8220; admin_label=&#8220;Blog Area&#8220; _builder_version=&#8220;4.27.5&#8243; background_color=&#8220;rgba(221,0,0,0.59)&#8220; module_alignment=&#8220;center&#8220; min_height=&#8220;535.7px&#8220; max_height=&#8220;1000px&#8220; custom_margin=&#8220;10px|auto|93px|auto|false|false&#8220; custom_padding=&#8220;|2px|0px|20px|false|false&#8220; border_radii=&#8220;on|15px|15px|15px|15px&#8220; box_shadow_style=&#8220;preset5&#8243; box_shadow_blur=&#8220;80px&#8220; box_shadow_color=&#8220;#E02B20&#8243; global_colors_info=&#8220;{}&#8220;][et_pb_column type=&#8220;1_2&#8243; _builder_version=&#8220;4.27.4&#8243; custom_padding=&#8220;|||&#8220; global_colors_info=&#8220;{}&#8220; custom_padding__hover=&#8220;|||&#8220;][et_pb_text _builder_version=&#8220;4.27.5&#8243; _module_preset=&#8220;default&#8220; text_font=&#8220;&#8211;et_global_heading_font||||||||&#8220; text_text_color=&#8220;#FFFFFF&#8220; header_text_color=&#8220;#ffffff&#8220; header_3_text_color=&#8220;#FFFFFF&#8220; background_color=&#8220;RGBA(255,255,255,0)&#8220; link_option_url=&#8220;https:\/\/rpg-berlin.de\/rpg\/die-reinigenden-flammen\/&#8220; border_radii=&#8220;on|5px|5px|5px|5px&#8220; border_width_all=&#8220;10px&#8220; border_color_all=&#8220;RGBA(255,255,255,0)&#8220; box_shadow_style=&#8220;preset2&#8243; box_shadow_color=&#8220;#020000&#8243; global_colors_info=&#8220;{}&#8220;]<\/p>\n<h3 style=\"text-align: center;\">Die reinigenden Flammen<\/h3>\n<p>[\/et_pb_text][et_pb_blog fullwidth=&#8220;off&#8220; posts_number=&#8220;1&#8243; include_categories=&#8220;947&#8243; show_more=&#8220;on&#8220; show_author=&#8220;off&#8220; show_categories=&#8220;off&#8220; show_pagination=&#8220;off&#8220; masonry_tile_background_color=&#8220;#FFFFFF&#8220; _builder_version=&#8220;4.27.5&#8243; _module_preset=&#8220;default&#8220; background_color=&#8220;RGBA(255,255,255,0)&#8220; hover_enabled=&#8220;0&#8243; border_radii=&#8220;on|5px|5px|5px|5px&#8220; border_width_all=&#8220;0px&#8220; border_color_all=&#8220;RGBA(255,255,255,0)&#8220; border_color_all_image=&#8220;rgba(2,2,2,0)&#8220; box_shadow_style=&#8220;preset2&#8243; box_shadow_color=&#8220;#000000&#8243; global_colors_info=&#8220;{}&#8220; sticky_enabled=&#8220;0&#8243;][\/et_pb_blog][\/et_pb_column][et_pb_column type=&#8220;1_2&#8243; _builder_version=&#8220;4.27.5&#8243; _module_preset=&#8220;default&#8220; global_colors_info=&#8220;{}&#8220;][et_pb_image src=&#8220;https:\/\/rpg-berlin.de\/rpg\/wp-content\/uploads\/2026\/01\/the-gamer-cover-images-18.jpg&#8220; alt=&#8220;Pathfinder&#8220; title_text=&#8220;the-gamer-cover-images-18&#8243; align=&#8220;center&#8220; _builder_version=&#8220;4.27.5&#8243; _module_preset=&#8220;default&#8220; background_color=&#8220;RGBA(255,255,255,0)&#8220; custom_margin=&#8220;||||false|false&#8220; border_radii=&#8220;on|5px|5px|5px|5px&#8220; box_shadow_style=&#8220;preset4&#8243; box_shadow_horizontal=&#8220;6px&#8220; box_shadow_vertical=&#8220;6px&#8220; box_shadow_blur=&#8220;18px&#8220; box_shadow_color=&#8220;#020000&#8243; global_colors_info=&#8220;{}&#8220;][\/et_pb_image][et_pb_cta title=&#8220;Der Blick in die Archive der Suchenden&#8220; button_url=&#8220;https:\/\/rpg-berlin.de\/rpg\/pathfinder-archiv\/&#8220; button_text=&#8220;Weiterlesen&#8220; admin_label=&#8220;Service&#8220; _builder_version=&#8220;4.27.5&#8243; _dynamic_attributes=&#8220;link_option_url&#8220; header_level=&#8220;h3&#8243; header_font=&#8220;Poppins|600|||||||&#8220; header_text_align=&#8220;center&#8220; header_text_color=&#8220;#000000&#8243; header_font_size=&#8220;18px&#8220; header_line_height=&#8220;1.4em&#8220; body_font=&#8220;Poppins||||||||&#8220; body_text_color=&#8220;#666666&#8243; body_line_height=&#8220;1.8em&#8220; use_background_color=&#8220;off&#8220; use_background_color_gradient=&#8220;on&#8220; background_color_gradient_stops=&#8220;#ffffff 0%|#ffffff 100%&#8220; background_enable_image=&#8220;off&#8220; background_size=&#8220;contain&#8220; background_position=&#8220;top_right&#8220; custom_button=&#8220;on&#8220; button_text_size=&#8220;14px&#8220; button_text_color=&#8220;#8b20bb&#8220; button_bg_color=&#8220;rgba(0,0,0,0)&#8220; button_border_width=&#8220;0px&#8220; button_letter_spacing=&#8220;2px&#8220; button_font=&#8220;Roboto Condensed|600||on|||||&#8220; button_icon=&#8220;&#x24;||divi||400&#8243; button_alignment=&#8220;center&#8220; text_orientation=&#8220;left&#8220; custom_margin=&#8220;||||false|false&#8220; custom_padding=&#8220;|20px||20px|false|false&#8220; animation_style=&#8220;fade&#8220; link_option_url=&#8220;@ET-DC@eyJkeW5hbWljIjp0cnVlLCJjb250ZW50IjoicG9zdF9saW5rX3VybF9wYWdlIiwic2V0dGluZ3MiOnsicG9zdF9pZCI6IjIwOTM2In19@&#8220; border_radii=&#8220;on|5px|5px|5px|5px&#8220; box_shadow_style=&#8220;preset2&#8243; box_shadow_color=&#8220;#000000&#8243; locked=&#8220;off&#8220; global_colors_info=&#8220;{}&#8220; button_text_size__hover_enabled=&#8220;off&#8220; button_one_text_size__hover_enabled=&#8220;off&#8220; button_two_text_size__hover_enabled=&#8220;off&#8220; button_text_color__hover_enabled=&#8220;off&#8220; button_one_text_color__hover_enabled=&#8220;off&#8220; button_two_text_color__hover_enabled=&#8220;off&#8220; button_border_width__hover_enabled=&#8220;off&#8220; button_one_border_width__hover_enabled=&#8220;off&#8220; button_two_border_width__hover_enabled=&#8220;off&#8220; button_border_color__hover_enabled=&#8220;off&#8220; button_one_border_color__hover_enabled=&#8220;off&#8220; button_two_border_color__hover_enabled=&#8220;off&#8220; button_border_radius__hover_enabled=&#8220;off&#8220; button_one_border_radius__hover_enabled=&#8220;off&#8220; button_two_border_radius__hover_enabled=&#8220;off&#8220; button_letter_spacing__hover_enabled=&#8220;off&#8220; button_one_letter_spacing__hover_enabled=&#8220;off&#8220; button_two_letter_spacing__hover_enabled=&#8220;off&#8220; button_bg_color__hover_enabled=&#8220;off&#8220; button_one_bg_color__hover_enabled=&#8220;off&#8220; button_two_bg_color__hover_enabled=&#8220;off&#8220;]<\/p>\n<div dir=\"auto\">Eure Reise beginnt nicht mit dem ersten Schritt auf staubigen Stra\u00dfen, sondern hier \u2013 im flackernden Kerzenschein der <b data-path-to-node=\"3\" data-index-in-node=\"118\">Gro\u00dfen Loge von Absalom<\/b>. Vor euch liegen die frisch gebundenen Folianten, die das gesammelte Wissen dieses Zeitalters in sich tragen.<\/div>\n<div dir=\"auto\"><\/div>\n<p>[\/et_pb_cta][et_pb_audio audio=&#8220;https:\/\/rpg-berlin.de\/rpg\/wp-content\/uploads\/2026\/01\/Das-Erbe-der-Sternenkurve.mp3&#8243; title=&#8220;Das Erbe der Sternenkurve&#8220; artist_name=&#8220;unbekannt&#8220; _builder_version=&#8220;4.27.5&#8243; _module_preset=&#8220;default&#8220; background_image=&#8220;https:\/\/rpg-berlin.de\/rpg\/wp-content\/uploads\/2026\/01\/pathfinder-bard-3.webp&#8220; custom_margin=&#8220;||20px||false|false&#8220; border_radii=&#8220;on|5px|5px|5px|5px&#8220; box_shadow_style=&#8220;preset2&#8243; box_shadow_color=&#8220;#000000&#8243; global_colors_info=&#8220;{}&#8220;][\/et_pb_audio][\/et_pb_column][\/et_pb_row][\/et_pb_section]<\/p>\n","protected":false},"excerpt":{"rendered":"<p>Die Welt Golarion hat schon viele Zeitalter \u00fcberstanden \u2013 Kataklysmen, die den Himmel verdunkelten, und den Aufstieg sterblicher Helden zu g\u00f6ttlichem Glanz. Doch nun weht ein neuer, unb\u00e4ndiger Wind durch die Stra\u00dfen von Absalom und die wilden Weiten des Mwangi-Beckens.<\/p>\n<p>Die alten M\u00e4chte formen sich neu. W\u00e4hrend die Gelehrten in der Magaambya ihre Schriftrollen umschreiben und die Krieger der See-Regionen ihre Schilde neu beschlagen, sp\u00fcrt jeder Abenteurer: Die Regeln der Welt haben sich gewandelt, ohne dass ihr Kern verloren ging.<\/p>\n","protected":false},"author":1,"featured_media":110075,"parent":0,"menu_order":0,"comment_status":"closed","ping_status":"closed","template":"","meta":{"_et_pb_use_builder":"on","_et_pb_old_content":"","_et_gb_content_width":"","jetpack_post_was_ever_published":false,"footnotes":""},"class_list":["post-110038","page","type-page","status-publish","has-post-thumbnail","hentry"],"yoast_head":"<!-- This site is optimized with the Yoast SEO plugin v27.4 - https:\/\/yoast.com\/product\/yoast-seo-wordpress\/ -->\n<title>Pathfinder - RPG-Berlin.de<\/title>\n<meta name=\"description\" content=\"Die Welt Golarion hat schon viele Zeitalter \u00fcberstanden \u2013 Kataklysmen, die den Himmel verdunkelten, und den Aufstieg sterblicher Helden...\" \/>\n<meta name=\"robots\" content=\"index, follow, max-snippet:-1, max-image-preview:large, max-video-preview:-1\" \/>\n<link rel=\"canonical\" href=\"https:\/\/rpg-berlin.de\/rpg\/pathfinder\/\" \/>\n<meta property=\"og:locale\" content=\"de_DE\" \/>\n<meta property=\"og:type\" content=\"article\" \/>\n<meta property=\"og:title\" content=\"Pathfinder - RPG-Berlin.de\" \/>\n<meta property=\"og:description\" content=\"Die Welt Golarion hat schon viele Zeitalter \u00fcberstanden \u2013 Kataklysmen, die den Himmel verdunkelten, und den Aufstieg sterblicher Helden...\" \/>\n<meta property=\"og:url\" content=\"https:\/\/rpg-berlin.de\/rpg\/pathfinder\/\" \/>\n<meta property=\"og:site_name\" content=\"RPG-Berlin.de\" \/>\n<meta property=\"article:publisher\" content=\"https:\/\/www.facebook.com\/rpg.berlin\/\" \/>\n<meta property=\"article:modified_time\" content=\"2026-02-18T22:57:31+00:00\" \/>\n<meta property=\"og:image\" content=\"https:\/\/rpg-berlin.de\/rpg\/wp-content\/uploads\/2026\/01\/wallpaper_pathfinder_wrath_of_the_righteous_01_2560x1440-1024x576.jpg\" \/>\n\t<meta property=\"og:image:width\" content=\"1024\" \/>\n\t<meta property=\"og:image:height\" content=\"576\" \/>\n\t<meta property=\"og:image:type\" content=\"image\/jpeg\" \/>\n<meta name=\"twitter:card\" content=\"summary_large_image\" \/>\n<meta name=\"twitter:label1\" content=\"Gesch\u00e4tzte Lesezeit\" \/>\n\t<meta name=\"twitter:data1\" content=\"3\u00a0Minuten\" \/>\n<script type=\"application\/ld+json\" class=\"yoast-schema-graph\">{\"@context\":\"https:\\\/\\\/schema.org\",\"@graph\":[{\"@type\":\"WebPage\",\"@id\":\"https:\\\/\\\/rpg-berlin.de\\\/rpg\\\/pathfinder\\\/\",\"url\":\"https:\\\/\\\/rpg-berlin.de\\\/rpg\\\/pathfinder\\\/\",\"name\":\"Pathfinder - RPG-Berlin.de\",\"isPartOf\":{\"@id\":\"https:\\\/\\\/rpg-berlin.de\\\/rpg\\\/#website\"},\"primaryImageOfPage\":{\"@id\":\"https:\\\/\\\/rpg-berlin.de\\\/rpg\\\/pathfinder\\\/#primaryimage\"},\"image\":{\"@id\":\"https:\\\/\\\/rpg-berlin.de\\\/rpg\\\/pathfinder\\\/#primaryimage\"},\"thumbnailUrl\":\"https:\\\/\\\/i0.wp.com\\\/rpg-berlin.de\\\/rpg\\\/wp-content\\\/uploads\\\/2026\\\/01\\\/wallpaper_pathfinder_wrath_of_the_righteous_01_2560x1440.jpg?fit=2560%2C1440&ssl=1\",\"datePublished\":\"2026-01-21T21:32:57+00:00\",\"dateModified\":\"2026-02-18T22:57:31+00:00\",\"description\":\"Die Welt Golarion hat schon viele Zeitalter \u00fcberstanden \u2013 Kataklysmen, die den Himmel verdunkelten, und den Aufstieg sterblicher Helden...\",\"breadcrumb\":{\"@id\":\"https:\\\/\\\/rpg-berlin.de\\\/rpg\\\/pathfinder\\\/#breadcrumb\"},\"inLanguage\":\"de\",\"potentialAction\":[{\"@type\":\"ReadAction\",\"target\":[\"https:\\\/\\\/rpg-berlin.de\\\/rpg\\\/pathfinder\\\/\"]}]},{\"@type\":\"ImageObject\",\"inLanguage\":\"de\",\"@id\":\"https:\\\/\\\/rpg-berlin.de\\\/rpg\\\/pathfinder\\\/#primaryimage\",\"url\":\"https:\\\/\\\/i0.wp.com\\\/rpg-berlin.de\\\/rpg\\\/wp-content\\\/uploads\\\/2026\\\/01\\\/wallpaper_pathfinder_wrath_of_the_righteous_01_2560x1440.jpg?fit=2560%2C1440&ssl=1\",\"contentUrl\":\"https:\\\/\\\/i0.wp.com\\\/rpg-berlin.de\\\/rpg\\\/wp-content\\\/uploads\\\/2026\\\/01\\\/wallpaper_pathfinder_wrath_of_the_righteous_01_2560x1440.jpg?fit=2560%2C1440&ssl=1\",\"width\":2560,\"height\":1440,\"caption\":\"Pathfinder\"},{\"@type\":\"BreadcrumbList\",\"@id\":\"https:\\\/\\\/rpg-berlin.de\\\/rpg\\\/pathfinder\\\/#breadcrumb\",\"itemListElement\":[{\"@type\":\"ListItem\",\"position\":1,\"name\":\"Startseite\",\"item\":\"https:\\\/\\\/rpg-berlin.de\\\/rpg\\\/\"},{\"@type\":\"ListItem\",\"position\":2,\"name\":\"Pathfinder\"}]},{\"@type\":\"WebSite\",\"@id\":\"https:\\\/\\\/rpg-berlin.de\\\/rpg\\\/#website\",\"url\":\"https:\\\/\\\/rpg-berlin.de\\\/rpg\\\/\",\"name\":\"RPG-Berlin.de\",\"description\":\"Blog mehrerer D&amp;D 5e Rollenspielergruppen\",\"publisher\":{\"@id\":\"https:\\\/\\\/rpg-berlin.de\\\/rpg\\\/#organization\"},\"potentialAction\":[{\"@type\":\"SearchAction\",\"target\":{\"@type\":\"EntryPoint\",\"urlTemplate\":\"https:\\\/\\\/rpg-berlin.de\\\/rpg\\\/?s={search_term_string}\"},\"query-input\":{\"@type\":\"PropertyValueSpecification\",\"valueRequired\":true,\"valueName\":\"search_term_string\"}}],\"inLanguage\":\"de\"},{\"@type\":\"Organization\",\"@id\":\"https:\\\/\\\/rpg-berlin.de\\\/rpg\\\/#organization\",\"name\":\"RPG-Berlin.de\",\"url\":\"https:\\\/\\\/rpg-berlin.de\\\/rpg\\\/\",\"logo\":{\"@type\":\"ImageObject\",\"inLanguage\":\"de\",\"@id\":\"https:\\\/\\\/rpg-berlin.de\\\/rpg\\\/#\\\/schema\\\/logo\\\/image\\\/\",\"url\":\"https:\\\/\\\/i0.wp.com\\\/rpg-berlin.de\\\/rpg\\\/wp-content\\\/uploads\\\/2019\\\/05\\\/cropped-Ogma4.png?fit=95%2C95&ssl=1\",\"contentUrl\":\"https:\\\/\\\/i0.wp.com\\\/rpg-berlin.de\\\/rpg\\\/wp-content\\\/uploads\\\/2019\\\/05\\\/cropped-Ogma4.png?fit=95%2C95&ssl=1\",\"width\":95,\"height\":95,\"caption\":\"RPG-Berlin.de\"},\"image\":{\"@id\":\"https:\\\/\\\/rpg-berlin.de\\\/rpg\\\/#\\\/schema\\\/logo\\\/image\\\/\"},\"sameAs\":[\"https:\\\/\\\/www.facebook.com\\\/rpg.berlin\\\/\"]}]}<\/script>\n<!-- \/ Yoast SEO plugin. -->","yoast_head_json":{"title":"Pathfinder - RPG-Berlin.de","description":"Die Welt Golarion hat schon viele Zeitalter \u00fcberstanden \u2013 Kataklysmen, die den Himmel verdunkelten, und den Aufstieg sterblicher Helden...","robots":{"index":"index","follow":"follow","max-snippet":"max-snippet:-1","max-image-preview":"max-image-preview:large","max-video-preview":"max-video-preview:-1"},"canonical":"https:\/\/rpg-berlin.de\/rpg\/pathfinder\/","og_locale":"de_DE","og_type":"article","og_title":"Pathfinder - RPG-Berlin.de","og_description":"Die Welt Golarion hat schon viele Zeitalter \u00fcberstanden \u2013 Kataklysmen, die den Himmel verdunkelten, und den Aufstieg sterblicher Helden...","og_url":"https:\/\/rpg-berlin.de\/rpg\/pathfinder\/","og_site_name":"RPG-Berlin.de","article_publisher":"https:\/\/www.facebook.com\/rpg.berlin\/","article_modified_time":"2026-02-18T22:57:31+00:00","og_image":[{"width":1024,"height":576,"url":"https:\/\/rpg-berlin.de\/rpg\/wp-content\/uploads\/2026\/01\/wallpaper_pathfinder_wrath_of_the_righteous_01_2560x1440-1024x576.jpg","type":"image\/jpeg"}],"twitter_card":"summary_large_image","twitter_misc":{"Gesch\u00e4tzte Lesezeit":"3\u00a0Minuten"},"schema":{"@context":"https:\/\/schema.org","@graph":[{"@type":"WebPage","@id":"https:\/\/rpg-berlin.de\/rpg\/pathfinder\/","url":"https:\/\/rpg-berlin.de\/rpg\/pathfinder\/","name":"Pathfinder - RPG-Berlin.de","isPartOf":{"@id":"https:\/\/rpg-berlin.de\/rpg\/#website"},"primaryImageOfPage":{"@id":"https:\/\/rpg-berlin.de\/rpg\/pathfinder\/#primaryimage"},"image":{"@id":"https:\/\/rpg-berlin.de\/rpg\/pathfinder\/#primaryimage"},"thumbnailUrl":"https:\/\/i0.wp.com\/rpg-berlin.de\/rpg\/wp-content\/uploads\/2026\/01\/wallpaper_pathfinder_wrath_of_the_righteous_01_2560x1440.jpg?fit=2560%2C1440&ssl=1","datePublished":"2026-01-21T21:32:57+00:00","dateModified":"2026-02-18T22:57:31+00:00","description":"Die Welt Golarion hat schon viele Zeitalter \u00fcberstanden \u2013 Kataklysmen, die den Himmel verdunkelten, und den Aufstieg sterblicher Helden...","breadcrumb":{"@id":"https:\/\/rpg-berlin.de\/rpg\/pathfinder\/#breadcrumb"},"inLanguage":"de","potentialAction":[{"@type":"ReadAction","target":["https:\/\/rpg-berlin.de\/rpg\/pathfinder\/"]}]},{"@type":"ImageObject","inLanguage":"de","@id":"https:\/\/rpg-berlin.de\/rpg\/pathfinder\/#primaryimage","url":"https:\/\/i0.wp.com\/rpg-berlin.de\/rpg\/wp-content\/uploads\/2026\/01\/wallpaper_pathfinder_wrath_of_the_righteous_01_2560x1440.jpg?fit=2560%2C1440&ssl=1","contentUrl":"https:\/\/i0.wp.com\/rpg-berlin.de\/rpg\/wp-content\/uploads\/2026\/01\/wallpaper_pathfinder_wrath_of_the_righteous_01_2560x1440.jpg?fit=2560%2C1440&ssl=1","width":2560,"height":1440,"caption":"Pathfinder"},{"@type":"BreadcrumbList","@id":"https:\/\/rpg-berlin.de\/rpg\/pathfinder\/#breadcrumb","itemListElement":[{"@type":"ListItem","position":1,"name":"Startseite","item":"https:\/\/rpg-berlin.de\/rpg\/"},{"@type":"ListItem","position":2,"name":"Pathfinder"}]},{"@type":"WebSite","@id":"https:\/\/rpg-berlin.de\/rpg\/#website","url":"https:\/\/rpg-berlin.de\/rpg\/","name":"RPG-Berlin.de","description":"Blog mehrerer D&amp;D 5e Rollenspielergruppen","publisher":{"@id":"https:\/\/rpg-berlin.de\/rpg\/#organization"},"potentialAction":[{"@type":"SearchAction","target":{"@type":"EntryPoint","urlTemplate":"https:\/\/rpg-berlin.de\/rpg\/?s={search_term_string}"},"query-input":{"@type":"PropertyValueSpecification","valueRequired":true,"valueName":"search_term_string"}}],"inLanguage":"de"},{"@type":"Organization","@id":"https:\/\/rpg-berlin.de\/rpg\/#organization","name":"RPG-Berlin.de","url":"https:\/\/rpg-berlin.de\/rpg\/","logo":{"@type":"ImageObject","inLanguage":"de","@id":"https:\/\/rpg-berlin.de\/rpg\/#\/schema\/logo\/image\/","url":"https:\/\/i0.wp.com\/rpg-berlin.de\/rpg\/wp-content\/uploads\/2019\/05\/cropped-Ogma4.png?fit=95%2C95&ssl=1","contentUrl":"https:\/\/i0.wp.com\/rpg-berlin.de\/rpg\/wp-content\/uploads\/2019\/05\/cropped-Ogma4.png?fit=95%2C95&ssl=1","width":95,"height":95,"caption":"RPG-Berlin.de"},"image":{"@id":"https:\/\/rpg-berlin.de\/rpg\/#\/schema\/logo\/image\/"},"sameAs":["https:\/\/www.facebook.com\/rpg.berlin\/"]}]}},"jetpack_sharing_enabled":true,"jetpack_shortlink":"https:\/\/wp.me\/P4p3r6-sCO","_links":{"self":[{"href":"https:\/\/rpg-berlin.de\/rpg\/wp-json\/wp\/v2\/pages\/110038","targetHints":{"allow":["GET"]}}],"collection":[{"href":"https:\/\/rpg-berlin.de\/rpg\/wp-json\/wp\/v2\/pages"}],"about":[{"href":"https:\/\/rpg-berlin.de\/rpg\/wp-json\/wp\/v2\/types\/page"}],"author":[{"embeddable":true,"href":"https:\/\/rpg-berlin.de\/rpg\/wp-json\/wp\/v2\/users\/1"}],"replies":[{"embeddable":true,"href":"https:\/\/rpg-berlin.de\/rpg\/wp-json\/wp\/v2\/comments?post=110038"}],"version-history":[{"count":17,"href":"https:\/\/rpg-berlin.de\/rpg\/wp-json\/wp\/v2\/pages\/110038\/revisions"}],"predecessor-version":[{"id":110885,"href":"https:\/\/rpg-berlin.de\/rpg\/wp-json\/wp\/v2\/pages\/110038\/revisions\/110885"}],"wp:featuredmedia":[{"embeddable":true,"href":"https:\/\/rpg-berlin.de\/rpg\/wp-json\/wp\/v2\/media\/110075"}],"wp:attachment":[{"href":"https:\/\/rpg-berlin.de\/rpg\/wp-json\/wp\/v2\/media?parent=110038"}],"curies":[{"name":"wp","href":"https:\/\/api.w.org\/{rel}","templated":true}]}}