{"id":107268,"date":"2025-02-02T22:46:13","date_gmt":"2025-02-02T21:46:13","guid":{"rendered":"https:\/\/rpg-berlin.de\/rpg\/?page_id=107268"},"modified":"2025-10-31T01:22:02","modified_gmt":"2025-10-31T00:22:02","slug":"die-silberne-schar","status":"publish","type":"page","link":"https:\/\/rpg-berlin.de\/rpg\/die-silberne-schar\/","title":{"rendered":"Die Silberne Schar"},"content":{"rendered":"<p>[et_pb_section fb_built=&#8220;1&#8243; admin_label=&#8220;Blog Section&#8220; _builder_version=&#8220;4.16&#8243; background_color=&#8220;#000000&#8243; background_color_gradient_start=&#8220;#e02b20&#8243; background_color_gradient_end=&#8220;#000000&#8243; custom_margin=&#8220;|||&#8220; custom_padding=&#8220;0px||90px|||&#8220; global_colors_info=&#8220;{}&#8220;][et_pb_row column_structure=&#8220;1_2,1_2&#8243; admin_label=&#8220;Title Area&#8220; _builder_version=&#8220;4.27.4&#8243; background_enable_color=&#8220;off&#8220; background_image=&#8220;https:\/\/rpg-berlin.de\/rpg\/wp-content\/uploads\/2025\/01\/1738271854183.webp&#8220; min_height=&#8220;338.4px&#8220; custom_padding=&#8220;||12px|||&#8220; box_shadow_style=&#8220;preset2&#8243; box_shadow_color=&#8220;#E02B20&#8243; locked=&#8220;off&#8220; global_colors_info=&#8220;{}&#8220;][et_pb_column type=&#8220;1_2&#8243; _builder_version=&#8220;4.16&#8243; _module_preset=&#8220;default&#8220; global_colors_info=&#8220;{}&#8220;][et_pb_text admin_label=&#8220;Title&#8220; _builder_version=&#8220;4.27.4&#8243; text_font=&#8220;Poppins||||||||&#8220; text_font_size=&#8220;16px&#8220; text_line_height=&#8220;1.8em&#8220; header_font=&#8220;||||||||&#8220; header_line_height=&#8220;1.2em&#8220; header_2_font=&#8220;Roboto|600|||||||&#8220; header_2_text_align=&#8220;center&#8220; header_2_font_size=&#8220;36px&#8220; header_2_line_height=&#8220;1.4em&#8220; background_color=&#8220;rgba(0,0,0,0.77)&#8220; text_orientation=&#8220;center&#8220; max_width=&#8220;550px&#8220; module_alignment=&#8220;center&#8220; custom_margin=&#8220;||10px|&#8220; custom_padding=&#8220;||9px|||&#8220; animation_style=&#8220;slide&#8220; animation_direction=&#8220;top&#8220; animation_intensity_slide=&#8220;10%&#8220; animation_starting_opacity=&#8220;100%&#8220; hover_enabled=&#8220;0&#8243; box_shadow_style=&#8220;preset1&#8243; box_shadow_color=&#8220;rgba(0,0,0,0.73)&#8220; inline_fonts=&#8220;Roboto Condensed,Roboto&#8220; global_colors_info=&#8220;{}&#8220; sticky_enabled=&#8220;0&#8243;]<\/p>\n<h1><span style=\"color: #e02b20; font-size: x-large;\">\u00a0<span style=\"font-family: Roboto; font-weight: normal;\">Willkommen bei der Silbernen Schar<\/span><br \/>\n<\/span><\/h1>\n<p><span style=\"color: #ffffff; font-family: Roboto Condensed; font-weight: normal;\">F\u00fcr Maeron begann die Reise in den Stra\u00dfen von Neverwinter, als ein Zwerg namens Gundren Rockseeker ihn um Hilfe bat.<br \/>\nDer Auftrag klang zun\u00e4chst einfach: Eine Wagenladung Vorr\u00e4te sollte in die kleine Siedlung Phandalin gebracht werden, eine Tagesreise s\u00fcd\u00f6stlich der Stadt.<br \/>\nDoch Gundren war ungew\u00f6hnlich aufgeregt und machte um sein Vorhaben ein gro\u00dfes Geheimnis. Zwischen den Zeilen sprach er von etwas Gro\u00dfem, das er und seine Br\u00fcder entdeckt h\u00e4tten.<br \/>\nAls Lohn bot er zehn Goldst\u00fccke, sobald die Waren sicher bei Barthen\u2019s Provisions, einem Handelsposten in Phandalin, abgeliefert w\u00e4ren.<br \/>\nKurz darauf brach Gundren mit dem Krieger Sildar Hallwinter auf. Er erw\u00e4hnte nur beil\u00e4ufig, dass er \u201eein paar Gesch\u00e4fte zu erledigen\u201c habe \u2013 doch was genau das bedeutete, blieb im Dunkeln.<br \/>\nEines jedoch war sicher: Hinter diesem scheinbar einfachen Auftrag verbarg sich weit mehr, als es zun\u00e4chst schien.<\/span>[\/et_pb_text][\/et_pb_column][et_pb_column type=&#8220;1_2&#8243; _builder_version=&#8220;4.16&#8243; custom_padding=&#8220;|||&#8220; global_colors_info=&#8220;{}&#8220; custom_padding__hover=&#8220;|||&#8220;][\/et_pb_column][\/et_pb_row][et_pb_row admin_label=&#8220;Blog Area&#8220; _builder_version=&#8220;4.16&#8243; background_color=&#8220;rgba(221,0,0,0.53)&#8220; min_height=&#8220;1044.5px&#8220; custom_padding=&#8220;|||&#8220; box_shadow_style=&#8220;preset5&#8243; box_shadow_blur=&#8220;80px&#8220; box_shadow_color=&#8220;#E02B20&#8243; global_colors_info=&#8220;{}&#8220;][et_pb_column type=&#8220;4_4&#8243; _builder_version=&#8220;4.16&#8243; custom_padding=&#8220;|||&#8220; global_colors_info=&#8220;{}&#8220; custom_padding__hover=&#8220;|||&#8220;][et_pb_text _builder_version=&#8220;4.16&#8243; _module_preset=&#8220;default&#8220; header_3_font=&#8220;Roboto Condensed||||||||&#8220; box_shadow_style=&#8220;preset2&#8243; global_colors_info=&#8220;{}&#8220;]<\/p>\n<h3 style=\"text-align: center;\"><span style=\"color: #ffffff;\">Abenteuer<\/span><\/h3>\n<p>[\/et_pb_text][et_pb_blog fullwidth=&#8220;off&#8220; posts_number=&#8220;3&#8243; include_categories=&#8220;892&#8243; show_thumbnail=&#8220;off&#8220; _builder_version=&#8220;4.27.4&#8243; header_font=&#8220;Poppins|600|||||||&#8220; header_line_height=&#8220;1.2em&#8220; body_font=&#8220;Poppins||||||||&#8220; body_font_size=&#8220;16px&#8220; body_line_height=&#8220;1.8em&#8220; meta_font=&#8220;Poppins||||||||&#8220; meta_text_color=&#8220;#9e9e9e&#8220; meta_font_size=&#8220;16px&#8220; custom_padding=&#8220;|||&#8220; border_radii=&#8220;on|5px|5px|5px|5px&#8220; border_width_all=&#8220;0px&#8220; box_shadow_style=&#8220;preset2&#8243; box_shadow_color=&#8220;#000000&#8243; global_colors_info=&#8220;{}&#8220;][\/et_pb_blog][et_pb_text _builder_version=&#8220;4.16&#8243; _module_preset=&#8220;default&#8220; header_3_font=&#8220;Roboto Condensed||||||||&#8220; custom_margin=&#8220;||4px|||&#8220; box_shadow_style=&#8220;preset2&#8243; global_colors_info=&#8220;{}&#8220;]<\/p>\n<h3 style=\"text-align: center;\"><span style=\"color: #ffffff;\">Charaktere<\/span><\/h3>\n<p>[\/et_pb_text][et_pb_blog fullwidth=&#8220;off&#8220; posts_number=&#8220;5&#8243; include_categories=&#8220;893&#8243; _builder_version=&#8220;4.27.4&#8243; header_font=&#8220;Poppins|600|||||||&#8220; header_line_height=&#8220;1.2em&#8220; body_font=&#8220;Poppins||||||||&#8220; body_font_size=&#8220;16px&#8220; body_line_height=&#8220;1.8em&#8220; meta_font=&#8220;Poppins||||||||&#8220; meta_text_color=&#8220;#9e9e9e&#8220; meta_font_size=&#8220;16px&#8220; custom_padding=&#8220;|||&#8220; border_radii=&#8220;on|5px|5px|5px|5px&#8220; border_width_all=&#8220;0px&#8220; box_shadow_style=&#8220;preset2&#8243; box_shadow_color=&#8220;#000000&#8243; global_colors_info=&#8220;{}&#8220;][\/et_pb_blog][\/et_pb_column][\/et_pb_row][et_pb_row admin_label=&#8220;Blog Area&#8220; _builder_version=&#8220;4.16&#8243; background_color=&#8220;rgba(221,0,0,0.53)&#8220; min_height=&#8220;466.5px&#8220; custom_margin=&#8220;|auto|-335px|auto||&#8220; custom_padding=&#8220;||382px|||&#8220; box_shadow_style=&#8220;preset5&#8243; box_shadow_blur=&#8220;80px&#8220; box_shadow_color=&#8220;#E02B20&#8243; locked=&#8220;off&#8220; global_colors_info=&#8220;{}&#8220;][et_pb_column type=&#8220;4_4&#8243; _builder_version=&#8220;4.16&#8243; custom_padding=&#8220;|||&#8220; global_colors_info=&#8220;{}&#8220; custom_padding__hover=&#8220;|||&#8220;][et_pb_text _builder_version=&#8220;4.16&#8243; _module_preset=&#8220;default&#8220; header_3_font=&#8220;Roboto Condensed||||||||&#8220; box_shadow_style=&#8220;preset2&#8243; global_colors_info=&#8220;{}&#8220;]<\/p>\n<h3 style=\"text-align: center;\"><span style=\"color: #ffffff;\">Notizen<\/span><\/h3>\n<p>[\/et_pb_text][et_pb_blog fullwidth=&#8220;off&#8220; posts_number=&#8220;3&#8243; include_categories=&#8220;912&#8243; show_author=&#8220;off&#8220; _builder_version=&#8220;4.27.4&#8243; header_font=&#8220;Poppins|600|||||||&#8220; header_line_height=&#8220;1.2em&#8220; body_font=&#8220;Poppins||||||||&#8220; body_font_size=&#8220;16px&#8220; body_line_height=&#8220;1.8em&#8220; meta_font=&#8220;Poppins||||||||&#8220; meta_text_color=&#8220;#9e9e9e&#8220; meta_font_size=&#8220;16px&#8220; custom_padding=&#8220;|||&#8220; border_radii=&#8220;on|5px|5px|5px|5px&#8220; border_width_all=&#8220;0px&#8220; box_shadow_style=&#8220;preset2&#8243; box_shadow_color=&#8220;#000000&#8243; global_colors_info=&#8220;{}&#8220;][\/et_pb_blog][\/et_pb_column][\/et_pb_row][et_pb_row admin_label=&#8220;Blog Area&#8220; _builder_version=&#8220;4.16&#8243; background_color=&#8220;rgba(221,0,0,0.53)&#8220; min_height=&#8220;1044.5px&#8220; custom_margin=&#8220;-319px|auto||auto||&#8220; custom_padding=&#8220;|||&#8220; box_shadow_style=&#8220;preset5&#8243; box_shadow_blur=&#8220;80px&#8220; box_shadow_color=&#8220;#E02B20&#8243; locked=&#8220;off&#8220; global_colors_info=&#8220;{}&#8220;][et_pb_column type=&#8220;4_4&#8243; _builder_version=&#8220;4.16&#8243; custom_padding=&#8220;|||&#8220; global_colors_info=&#8220;{}&#8220; custom_padding__hover=&#8220;|||&#8220;][et_pb_text _builder_version=&#8220;4.16&#8243; _module_preset=&#8220;default&#8220; header_3_font=&#8220;Roboto Condensed||||||||&#8220; box_shadow_style=&#8220;preset2&#8243; global_colors_info=&#8220;{}&#8220;]<\/p>\n<h3 style=\"text-align: center;\"><span style=\"color: #ffffff;\">Alle Abenteuer der Gruppe<br \/><\/span><\/h3>\n<p>[\/et_pb_text][et_pb_blog fullwidth=&#8220;off&#8220; posts_number=&#8220;250&#8243; include_categories=&#8220;12,892&#8243; _builder_version=&#8220;4.27.4&#8243; header_font=&#8220;Poppins|600|||||||&#8220; header_line_height=&#8220;1.2em&#8220; body_font=&#8220;Poppins||||||||&#8220; body_font_size=&#8220;16px&#8220; body_line_height=&#8220;1.8em&#8220; meta_font=&#8220;Poppins||||||||&#8220; meta_text_color=&#8220;#9e9e9e&#8220; meta_font_size=&#8220;16px&#8220; custom_padding=&#8220;|||&#8220; border_radii=&#8220;on|5px|5px|5px|5px&#8220; border_width_all=&#8220;0px&#8220; box_shadow_style=&#8220;preset2&#8243; box_shadow_color=&#8220;#000000&#8243; global_colors_info=&#8220;{}&#8220;][\/et_pb_blog][\/et_pb_column][\/et_pb_row][\/et_pb_section]<\/p>\n","protected":false},"excerpt":{"rendered":"<p>\u00a0Willkommen bei der Silbernen Schar F\u00fcr Maeron begann die Reise in den Stra\u00dfen von Neverwinter, als ein Zwerg namens Gundren Rockseeker ihn um Hilfe bat. Der Auftrag klang zun\u00e4chst einfach: Eine Wagenladung Vorr\u00e4te sollte in die kleine Siedlung Phandalin gebracht werden, eine Tagesreise s\u00fcd\u00f6stlich der Stadt. Doch Gundren war ungew\u00f6hnlich aufgeregt und machte um sein [&hellip;]<\/p>\n","protected":false},"author":1,"featured_media":0,"parent":0,"menu_order":0,"comment_status":"closed","ping_status":"closed","template":"","meta":{"_et_pb_use_builder":"on","_et_pb_old_content":"[et_pb_section fb_built=\"1\" admin_label=\"Blog Section\" _builder_version=\"4.16\" background_color=\"#000000\" background_color_gradient_start=\"#e02b20\" background_color_gradient_end=\"#000000\" custom_margin=\"|||\" custom_padding=\"0px||90px|||\" global_colors_info=\"{}\"][et_pb_row column_structure=\"1_2,1_2\" admin_label=\"Title Area\" _builder_version=\"4.16.0\" background_image=\"https:\/\/rpg-berlin.de\/rpg\/wp-content\/uploads\/2015\/03\/theoutbreaks2.png\" background_size=\"contain\" background_position=\"center_right\" background_horizontal_offset=\"10%\" min_height=\"338.4px\" custom_padding=\"||12px|||\" box_shadow_style=\"preset2\" box_shadow_color=\"#E02B20\" locked=\"off\" global_colors_info=\"{}\"][et_pb_column type=\"1_2\" _builder_version=\"4.16\" _module_preset=\"default\" global_colors_info=\"{}\"][et_pb_text admin_label=\"Title\" _builder_version=\"4.16\" text_font=\"Poppins||||||||\" text_font_size=\"16px\" text_line_height=\"1.8em\" header_font=\"||||||||\" header_line_height=\"1.2em\" header_2_font=\"Roboto|600|||||||\" header_2_text_align=\"center\" header_2_font_size=\"36px\" header_2_line_height=\"1.4em\" background_color=\"rgba(0,0,0,0.42)\" text_orientation=\"center\" max_width=\"550px\" module_alignment=\"center\" custom_margin=\"||10px|\" custom_padding=\"||9px|||\" animation_style=\"slide\" animation_direction=\"top\" animation_intensity_slide=\"10%\" animation_starting_opacity=\"100%\" box_shadow_style=\"preset1\" box_shadow_color=\"rgba(0,0,0,0.73)\" inline_fonts=\"Roboto Condensed,Roboto\" global_colors_info=\"{}\"]<h1><span style=\"color: #e02b20; font-size: x-large;\">\u00a0<span style=\"font-family: Roboto; font-weight: normal;\">Willkommen bei den<\/span> Outbreaks<br \/><\/span><\/h1>\n<p><span style=\"color: #ffffff; font-family: Roboto Condensed; font-weight: normal; font-size: small;\">Alles \u00fcber Tief in Sharn sieht kaum jemand die Sonne, und es gibt immer etwas zu tun f\u00fcr Leute, deren Moralit\u00e4t sich nach dem Auftraggeber richtet.<br \/><\/span><\/p>[\/et_pb_text][\/et_pb_column][et_pb_column type=\"1_2\" _builder_version=\"4.16\" custom_padding=\"|||\" global_colors_info=\"{}\" custom_padding__hover=\"|||\"][\/et_pb_column][\/et_pb_row][et_pb_row admin_label=\"Blog Area\" _builder_version=\"4.16\" background_color=\"rgba(221,0,0,0.53)\" min_height=\"1044.5px\" custom_padding=\"|||\" box_shadow_style=\"preset5\" box_shadow_blur=\"80px\" box_shadow_color=\"#E02B20\" global_colors_info=\"{}\"][et_pb_column type=\"4_4\" _builder_version=\"4.16\" custom_padding=\"|||\" global_colors_info=\"{}\" custom_padding__hover=\"|||\"][et_pb_text _builder_version=\"4.16\" _module_preset=\"default\" header_3_font=\"Roboto Condensed||||||||\" box_shadow_style=\"preset2\" global_colors_info=\"{}\"]<h3 style=\"text-align: center;\"><span style=\"color: #ffffff;\">Abenteuer<\/span><\/h3>[\/et_pb_text][et_pb_blog fullwidth=\"off\" posts_number=\"3\" include_categories=\"864\" show_thumbnail=\"off\" _builder_version=\"4.16\" header_font=\"Poppins|600|||||||\" header_line_height=\"1.2em\" body_font=\"Poppins||||||||\" body_font_size=\"16px\" body_line_height=\"1.8em\" meta_font=\"Poppins||||||||\" meta_text_color=\"#9e9e9e\" meta_font_size=\"16px\" custom_padding=\"|||\" hover_enabled=\"0\" border_radii=\"on|5px|5px|5px|5px\" border_width_all=\"0px\" box_shadow_style=\"preset2\" box_shadow_color=\"#000000\" global_colors_info=\"{}\" sticky_enabled=\"0\"][\/et_pb_blog][et_pb_text _builder_version=\"4.16\" _module_preset=\"default\" header_3_font=\"Roboto Condensed||||||||\" custom_margin=\"||4px|||\" box_shadow_style=\"preset2\" global_colors_info=\"{}\"]<h3 style=\"text-align: center;\"><span style=\"color: #ffffff;\">Charaktere<\/span><\/h3>[\/et_pb_text][et_pb_blog fullwidth=\"off\" posts_number=\"5\" include_categories=\"865\" _builder_version=\"4.16\" header_font=\"Poppins|600|||||||\" header_line_height=\"1.2em\" body_font=\"Poppins||||||||\" body_font_size=\"16px\" body_line_height=\"1.8em\" meta_font=\"Poppins||||||||\" meta_text_color=\"#9e9e9e\" meta_font_size=\"16px\" custom_padding=\"|||\" border_radii=\"on|5px|5px|5px|5px\" border_width_all=\"0px\" box_shadow_style=\"preset2\" box_shadow_color=\"#000000\" global_colors_info=\"{}\"][\/et_pb_blog][\/et_pb_column][\/et_pb_row][et_pb_row admin_label=\"Blog Area\" _builder_version=\"4.16\" background_color=\"rgba(221,0,0,0.53)\" min_height=\"466.5px\" custom_margin=\"|auto|-335px|auto||\" custom_padding=\"||382px|||\" box_shadow_style=\"preset5\" box_shadow_blur=\"80px\" box_shadow_color=\"#E02B20\" locked=\"off\" global_colors_info=\"{}\"][et_pb_column type=\"4_4\" _builder_version=\"4.16\" custom_padding=\"|||\" global_colors_info=\"{}\" custom_padding__hover=\"|||\"][et_pb_text _builder_version=\"4.16\" _module_preset=\"default\" header_3_font=\"Roboto Condensed||||||||\" box_shadow_style=\"preset2\" global_colors_info=\"{}\"]<h3 style=\"text-align: center;\"><span style=\"color: #ffffff;\">Notizen<\/span><\/h3>[\/et_pb_text][et_pb_blog fullwidth=\"off\" posts_number=\"3\" include_categories=\"784\" show_author=\"off\" _builder_version=\"4.16\" header_font=\"Poppins|600|||||||\" header_line_height=\"1.2em\" body_font=\"Poppins||||||||\" body_font_size=\"16px\" body_line_height=\"1.8em\" meta_font=\"Poppins||||||||\" meta_text_color=\"#9e9e9e\" meta_font_size=\"16px\" custom_padding=\"|||\" border_radii=\"on|5px|5px|5px|5px\" border_width_all=\"0px\" box_shadow_style=\"preset2\" box_shadow_color=\"#000000\" global_colors_info=\"{}\"][\/et_pb_blog][\/et_pb_column][\/et_pb_row][et_pb_row admin_label=\"Blog Area\" _builder_version=\"4.16\" background_color=\"rgba(221,0,0,0.53)\" min_height=\"1044.5px\" custom_margin=\"-319px|auto||auto||\" custom_padding=\"|||\" box_shadow_style=\"preset5\" box_shadow_blur=\"80px\" box_shadow_color=\"#E02B20\" locked=\"off\" global_colors_info=\"{}\"][et_pb_column type=\"4_4\" _builder_version=\"4.16\" custom_padding=\"|||\" global_colors_info=\"{}\" custom_padding__hover=\"|||\"][et_pb_text _builder_version=\"4.16\" _module_preset=\"default\" header_3_font=\"Roboto Condensed||||||||\" box_shadow_style=\"preset2\" global_colors_info=\"{}\"]<h3 style=\"text-align: center;\"><span style=\"color: #ffffff;\">Alle Abenteuer der Gruppe<br \/><\/span><\/h3>[\/et_pb_text][et_pb_blog fullwidth=\"off\" posts_number=\"250\" include_categories=\"12,864\" _builder_version=\"4.16\" header_font=\"Poppins|600|||||||\" header_line_height=\"1.2em\" body_font=\"Poppins||||||||\" body_font_size=\"16px\" body_line_height=\"1.8em\" meta_font=\"Poppins||||||||\" meta_text_color=\"#9e9e9e\" meta_font_size=\"16px\" custom_padding=\"|||\" border_radii=\"on|5px|5px|5px|5px\" border_width_all=\"0px\" box_shadow_style=\"preset2\" box_shadow_color=\"#000000\" global_colors_info=\"{}\"][\/et_pb_blog][\/et_pb_column][\/et_pb_row][\/et_pb_section]","_et_gb_content_width":"","jetpack_post_was_ever_published":true,"footnotes":""},"class_list":["post-107268","page","type-page","status-publish","hentry"],"yoast_head":"<!-- This site is optimized with the Yoast SEO plugin v27.5 - https:\/\/yoast.com\/product\/yoast-seo-wordpress\/ -->\n<title>Die Silberne Schar - RPG-Berlin.de<\/title>\n<meta name=\"robots\" content=\"index, follow, max-snippet:-1, max-image-preview:large, max-video-preview:-1\" \/>\n<link rel=\"canonical\" href=\"https:\/\/rpg-berlin.de\/rpg\/die-silberne-schar\/\" \/>\n<meta property=\"og:locale\" content=\"de_DE\" \/>\n<meta property=\"og:type\" content=\"article\" \/>\n<meta property=\"og:title\" content=\"Die Silberne Schar - RPG-Berlin.de\" \/>\n<meta property=\"og:description\" content=\"\u00a0Willkommen bei der Silbernen Schar F\u00fcr Maeron begann die Reise in den Stra\u00dfen von Neverwinter, als ein Zwerg namens Gundren Rockseeker ihn um Hilfe bat. Der Auftrag klang zun\u00e4chst einfach: Eine Wagenladung Vorr\u00e4te sollte in die kleine Siedlung Phandalin gebracht werden, eine Tagesreise s\u00fcd\u00f6stlich der Stadt. Doch Gundren war ungew\u00f6hnlich aufgeregt und machte um sein [&hellip;]\" \/>\n<meta property=\"og:url\" content=\"https:\/\/rpg-berlin.de\/rpg\/die-silberne-schar\/\" \/>\n<meta property=\"og:site_name\" content=\"RPG-Berlin.de\" \/>\n<meta property=\"article:publisher\" content=\"https:\/\/www.facebook.com\/rpg.berlin\/\" \/>\n<meta property=\"article:modified_time\" content=\"2025-10-31T00:22:02+00:00\" \/>\n<meta name=\"twitter:card\" content=\"summary_large_image\" \/>\n<meta name=\"twitter:label1\" content=\"Gesch\u00e4tzte Lesezeit\" \/>\n\t<meta name=\"twitter:data1\" content=\"2\u00a0Minuten\" \/>\n<script type=\"application\/ld+json\" class=\"yoast-schema-graph\">{\"@context\":\"https:\\\/\\\/schema.org\",\"@graph\":[{\"@type\":\"WebPage\",\"@id\":\"https:\\\/\\\/rpg-berlin.de\\\/rpg\\\/die-silberne-schar\\\/\",\"url\":\"https:\\\/\\\/rpg-berlin.de\\\/rpg\\\/die-silberne-schar\\\/\",\"name\":\"Die Silberne Schar - RPG-Berlin.de\",\"isPartOf\":{\"@id\":\"https:\\\/\\\/rpg-berlin.de\\\/rpg\\\/#website\"},\"datePublished\":\"2025-02-02T21:46:13+00:00\",\"dateModified\":\"2025-10-31T00:22:02+00:00\",\"breadcrumb\":{\"@id\":\"https:\\\/\\\/rpg-berlin.de\\\/rpg\\\/die-silberne-schar\\\/#breadcrumb\"},\"inLanguage\":\"de\",\"potentialAction\":[{\"@type\":\"ReadAction\",\"target\":[\"https:\\\/\\\/rpg-berlin.de\\\/rpg\\\/die-silberne-schar\\\/\"]}]},{\"@type\":\"BreadcrumbList\",\"@id\":\"https:\\\/\\\/rpg-berlin.de\\\/rpg\\\/die-silberne-schar\\\/#breadcrumb\",\"itemListElement\":[{\"@type\":\"ListItem\",\"position\":1,\"name\":\"Startseite\",\"item\":\"https:\\\/\\\/rpg-berlin.de\\\/rpg\\\/\"},{\"@type\":\"ListItem\",\"position\":2,\"name\":\"Die Silberne Schar\"}]},{\"@type\":\"WebSite\",\"@id\":\"https:\\\/\\\/rpg-berlin.de\\\/rpg\\\/#website\",\"url\":\"https:\\\/\\\/rpg-berlin.de\\\/rpg\\\/\",\"name\":\"RPG-Berlin.de\",\"description\":\"Blog mehrerer D&amp;D 5e Rollenspielergruppen\",\"publisher\":{\"@id\":\"https:\\\/\\\/rpg-berlin.de\\\/rpg\\\/#organization\"},\"potentialAction\":[{\"@type\":\"SearchAction\",\"target\":{\"@type\":\"EntryPoint\",\"urlTemplate\":\"https:\\\/\\\/rpg-berlin.de\\\/rpg\\\/?s={search_term_string}\"},\"query-input\":{\"@type\":\"PropertyValueSpecification\",\"valueRequired\":true,\"valueName\":\"search_term_string\"}}],\"inLanguage\":\"de\"},{\"@type\":\"Organization\",\"@id\":\"https:\\\/\\\/rpg-berlin.de\\\/rpg\\\/#organization\",\"name\":\"RPG-Berlin.de\",\"url\":\"https:\\\/\\\/rpg-berlin.de\\\/rpg\\\/\",\"logo\":{\"@type\":\"ImageObject\",\"inLanguage\":\"de\",\"@id\":\"https:\\\/\\\/rpg-berlin.de\\\/rpg\\\/#\\\/schema\\\/logo\\\/image\\\/\",\"url\":\"https:\\\/\\\/i0.wp.com\\\/rpg-berlin.de\\\/rpg\\\/wp-content\\\/uploads\\\/2019\\\/05\\\/cropped-Ogma4.png?fit=95%2C95&ssl=1\",\"contentUrl\":\"https:\\\/\\\/i0.wp.com\\\/rpg-berlin.de\\\/rpg\\\/wp-content\\\/uploads\\\/2019\\\/05\\\/cropped-Ogma4.png?fit=95%2C95&ssl=1\",\"width\":95,\"height\":95,\"caption\":\"RPG-Berlin.de\"},\"image\":{\"@id\":\"https:\\\/\\\/rpg-berlin.de\\\/rpg\\\/#\\\/schema\\\/logo\\\/image\\\/\"},\"sameAs\":[\"https:\\\/\\\/www.facebook.com\\\/rpg.berlin\\\/\"]}]}<\/script>\n<!-- \/ Yoast SEO plugin. -->","yoast_head_json":{"title":"Die Silberne Schar - RPG-Berlin.de","robots":{"index":"index","follow":"follow","max-snippet":"max-snippet:-1","max-image-preview":"max-image-preview:large","max-video-preview":"max-video-preview:-1"},"canonical":"https:\/\/rpg-berlin.de\/rpg\/die-silberne-schar\/","og_locale":"de_DE","og_type":"article","og_title":"Die Silberne Schar - RPG-Berlin.de","og_description":"\u00a0Willkommen bei der Silbernen Schar F\u00fcr Maeron begann die Reise in den Stra\u00dfen von Neverwinter, als ein Zwerg namens Gundren Rockseeker ihn um Hilfe bat. Der Auftrag klang zun\u00e4chst einfach: Eine Wagenladung Vorr\u00e4te sollte in die kleine Siedlung Phandalin gebracht werden, eine Tagesreise s\u00fcd\u00f6stlich der Stadt. Doch Gundren war ungew\u00f6hnlich aufgeregt und machte um sein [&hellip;]","og_url":"https:\/\/rpg-berlin.de\/rpg\/die-silberne-schar\/","og_site_name":"RPG-Berlin.de","article_publisher":"https:\/\/www.facebook.com\/rpg.berlin\/","article_modified_time":"2025-10-31T00:22:02+00:00","twitter_card":"summary_large_image","twitter_misc":{"Gesch\u00e4tzte Lesezeit":"2\u00a0Minuten"},"schema":{"@context":"https:\/\/schema.org","@graph":[{"@type":"WebPage","@id":"https:\/\/rpg-berlin.de\/rpg\/die-silberne-schar\/","url":"https:\/\/rpg-berlin.de\/rpg\/die-silberne-schar\/","name":"Die Silberne Schar - RPG-Berlin.de","isPartOf":{"@id":"https:\/\/rpg-berlin.de\/rpg\/#website"},"datePublished":"2025-02-02T21:46:13+00:00","dateModified":"2025-10-31T00:22:02+00:00","breadcrumb":{"@id":"https:\/\/rpg-berlin.de\/rpg\/die-silberne-schar\/#breadcrumb"},"inLanguage":"de","potentialAction":[{"@type":"ReadAction","target":["https:\/\/rpg-berlin.de\/rpg\/die-silberne-schar\/"]}]},{"@type":"BreadcrumbList","@id":"https:\/\/rpg-berlin.de\/rpg\/die-silberne-schar\/#breadcrumb","itemListElement":[{"@type":"ListItem","position":1,"name":"Startseite","item":"https:\/\/rpg-berlin.de\/rpg\/"},{"@type":"ListItem","position":2,"name":"Die Silberne Schar"}]},{"@type":"WebSite","@id":"https:\/\/rpg-berlin.de\/rpg\/#website","url":"https:\/\/rpg-berlin.de\/rpg\/","name":"RPG-Berlin.de","description":"Blog mehrerer D&amp;D 5e Rollenspielergruppen","publisher":{"@id":"https:\/\/rpg-berlin.de\/rpg\/#organization"},"potentialAction":[{"@type":"SearchAction","target":{"@type":"EntryPoint","urlTemplate":"https:\/\/rpg-berlin.de\/rpg\/?s={search_term_string}"},"query-input":{"@type":"PropertyValueSpecification","valueRequired":true,"valueName":"search_term_string"}}],"inLanguage":"de"},{"@type":"Organization","@id":"https:\/\/rpg-berlin.de\/rpg\/#organization","name":"RPG-Berlin.de","url":"https:\/\/rpg-berlin.de\/rpg\/","logo":{"@type":"ImageObject","inLanguage":"de","@id":"https:\/\/rpg-berlin.de\/rpg\/#\/schema\/logo\/image\/","url":"https:\/\/i0.wp.com\/rpg-berlin.de\/rpg\/wp-content\/uploads\/2019\/05\/cropped-Ogma4.png?fit=95%2C95&ssl=1","contentUrl":"https:\/\/i0.wp.com\/rpg-berlin.de\/rpg\/wp-content\/uploads\/2019\/05\/cropped-Ogma4.png?fit=95%2C95&ssl=1","width":95,"height":95,"caption":"RPG-Berlin.de"},"image":{"@id":"https:\/\/rpg-berlin.de\/rpg\/#\/schema\/logo\/image\/"},"sameAs":["https:\/\/www.facebook.com\/rpg.berlin\/"]}]}},"jetpack_sharing_enabled":true,"jetpack_shortlink":"https:\/\/wp.me\/P4p3r6-rU8","_links":{"self":[{"href":"https:\/\/rpg-berlin.de\/rpg\/wp-json\/wp\/v2\/pages\/107268","targetHints":{"allow":["GET"]}}],"collection":[{"href":"https:\/\/rpg-berlin.de\/rpg\/wp-json\/wp\/v2\/pages"}],"about":[{"href":"https:\/\/rpg-berlin.de\/rpg\/wp-json\/wp\/v2\/types\/page"}],"author":[{"embeddable":true,"href":"https:\/\/rpg-berlin.de\/rpg\/wp-json\/wp\/v2\/users\/1"}],"replies":[{"embeddable":true,"href":"https:\/\/rpg-berlin.de\/rpg\/wp-json\/wp\/v2\/comments?post=107268"}],"version-history":[{"count":13,"href":"https:\/\/rpg-berlin.de\/rpg\/wp-json\/wp\/v2\/pages\/107268\/revisions"}],"predecessor-version":[{"id":109621,"href":"https:\/\/rpg-berlin.de\/rpg\/wp-json\/wp\/v2\/pages\/107268\/revisions\/109621"}],"wp:attachment":[{"href":"https:\/\/rpg-berlin.de\/rpg\/wp-json\/wp\/v2\/media?parent=107268"}],"curies":[{"name":"wp","href":"https:\/\/api.w.org\/{rel}","templated":true}]}}