{"id":107239,"date":"2025-01-26T10:23:31","date_gmt":"2025-01-26T09:23:31","guid":{"rendered":"https:\/\/rpg-berlin.de\/rpg\/?page_id=107239"},"modified":"2025-10-08T09:07:26","modified_gmt":"2025-10-08T07:07:26","slug":"die-schuppenschlaechter","status":"publish","type":"page","link":"https:\/\/rpg-berlin.de\/rpg\/die-schuppenschlaechter\/","title":{"rendered":"Die Schuppenschl\u00e4chter"},"content":{"rendered":"<p>[et_pb_section fb_built=&#8220;1&#8243; admin_label=&#8220;Blog Section&#8220; _builder_version=&#8220;4.16&#8243; background_color=&#8220;#000000&#8243; background_color_gradient_start=&#8220;#e02b20&#8243; background_color_gradient_end=&#8220;#000000&#8243; custom_margin=&#8220;|||&#8220; custom_padding=&#8220;0px||90px|||&#8220; global_colors_info=&#8220;{}&#8220;][et_pb_row column_structure=&#8220;1_2,1_2&#8243; admin_label=&#8220;Title Area&#8220; _builder_version=&#8220;4.27.4&#8243; background_image=&#8220;https:\/\/rpg-berlin.de\/rpg\/wp-content\/uploads\/2025\/01\/1737874626744.webp&#8220; min_height=&#8220;338.4px&#8220; custom_padding=&#8220;||12px|||&#8220; hover_enabled=&#8220;0&#8243; box_shadow_style=&#8220;preset2&#8243; box_shadow_color=&#8220;#E02B20&#8243; locked=&#8220;off&#8220; global_colors_info=&#8220;{}&#8220; parallax=&#8220;on&#8220; sticky_enabled=&#8220;0&#8243;][et_pb_column type=&#8220;1_2&#8243; _builder_version=&#8220;4.16&#8243; _module_preset=&#8220;default&#8220; global_colors_info=&#8220;{}&#8220;][et_pb_text admin_label=&#8220;Title&#8220; _builder_version=&#8220;4.27.4&#8243; text_font=&#8220;Poppins||||||||&#8220; text_font_size=&#8220;16px&#8220; text_line_height=&#8220;1.8em&#8220; header_font=&#8220;||||||||&#8220; header_line_height=&#8220;1.2em&#8220; header_2_font=&#8220;Roboto|600|||||||&#8220; header_2_text_align=&#8220;center&#8220; header_2_font_size=&#8220;36px&#8220; header_2_line_height=&#8220;1.4em&#8220; background_color=&#8220;rgba(0,0,0,0.77)&#8220; background_enable_image=&#8220;off&#8220; text_orientation=&#8220;center&#8220; max_width=&#8220;550px&#8220; module_alignment=&#8220;center&#8220; custom_margin=&#8220;||10px|&#8220; custom_padding=&#8220;||9px|||&#8220; animation_style=&#8220;slide&#8220; animation_direction=&#8220;top&#8220; animation_intensity_slide=&#8220;10%&#8220; animation_starting_opacity=&#8220;100%&#8220; hover_enabled=&#8220;0&#8243; box_shadow_style=&#8220;preset1&#8243; box_shadow_color=&#8220;rgba(0,0,0,0.73)&#8220; inline_fonts=&#8220;Roboto Condensed,Roboto&#8220; global_colors_info=&#8220;{}&#8220; sticky_enabled=&#8220;0&#8243;]<\/p>\n<h1><span style=\"color: #e02b20; font-size: x-large;\">\u00a0<span style=\"font-family: Roboto; font-weight: normal;\">Willkommen bei den Schuppenschl\u00e4chtern<\/span><br \/>\n<\/span><\/h1>\n<p><span style=\"color: #ffffff; font-family: Roboto Condensed; font-weight: normal; font-size: small;\">Hoch in den felsigen Ausl\u00e4ufern der schneebedeckten Schwertberge liegt die Bergbaustadt Phandalin \u2013 eine kleine Siedlung aus einfachen Blockh\u00e4usern, die sich trotzig in die raue Landschaft schmiegt. Umgeben von den \u00dcberresten zerfallender Steinruinen, die einst von einer bl\u00fchenden Stadt k\u00fcndeten, ist Phandalin heute ein Ort der stillen Best\u00e4ndigkeit, wo Geschichte in jedem Winkel verborgen liegt.<\/span><br \/>\n<span style=\"color: #ffffff; font-family: Roboto Condensed; font-weight: normal; font-size: small;\">Die Bewohner \u2013 Bauern, Steinhauer, Schmiede, H\u00e4ndler und Sch\u00fcrfer \u2013 leben ein einfaches, hartes Leben, gezeichnet von der Wildnis und den Unw\u00e4gbarkeiten der Berge. Die Stadt hat keine Mauern, doch jeder erwachsene Einwohner tr\u00e4gt ein St\u00fcck Stahl bei sich, stets bereit, die Waffen gegen die Gefahren der wilden Umgebung zu erheben.<\/span><br \/>\n<span style=\"color: #ffffff; font-family: Roboto Condensed; font-weight: normal; font-size: small;\">Die Taverne Stonehill Inn im Herzen der Stadt ist ein Ort des Rastens und Tratsches, wo Reisende einfache, aber ehrliche Kost finden. Ein paar Schritte weiter, vor der Halle des Stadtmeisters, lockt eine Jobb\u00f6rse Abenteurer, die nach Auftr\u00e4gen und geheimen Missionen suchen.<\/span>[\/et_pb_text][\/et_pb_column][et_pb_column type=&#8220;1_2&#8243; _builder_version=&#8220;4.16&#8243; custom_padding=&#8220;|||&#8220; global_colors_info=&#8220;{}&#8220; custom_padding__hover=&#8220;|||&#8220;][\/et_pb_column][\/et_pb_row][et_pb_row admin_label=&#8220;Blog Area&#8220; _builder_version=&#8220;4.16&#8243; background_color=&#8220;rgba(221,0,0,0.53)&#8220; min_height=&#8220;1044.5px&#8220; custom_padding=&#8220;|||&#8220; box_shadow_style=&#8220;preset5&#8243; box_shadow_blur=&#8220;80px&#8220; box_shadow_color=&#8220;#E02B20&#8243; global_colors_info=&#8220;{}&#8220;][et_pb_column type=&#8220;4_4&#8243; _builder_version=&#8220;4.16&#8243; custom_padding=&#8220;|||&#8220; global_colors_info=&#8220;{}&#8220; custom_padding__hover=&#8220;|||&#8220;][et_pb_text _builder_version=&#8220;4.16&#8243; _module_preset=&#8220;default&#8220; header_3_font=&#8220;Roboto Condensed||||||||&#8220; box_shadow_style=&#8220;preset2&#8243; global_colors_info=&#8220;{}&#8220;]<\/p>\n<h3 style=\"text-align: center;\"><span style=\"color: #ffffff;\">Abenteuer<\/span><\/h3>\n<p>[\/et_pb_text][et_pb_blog fullwidth=&#8220;off&#8220; posts_number=&#8220;3&#8243; include_categories=&#8220;889&#8243; show_thumbnail=&#8220;off&#8220; _builder_version=&#8220;4.27.4&#8243; header_font=&#8220;Poppins|600|||||||&#8220; header_line_height=&#8220;1.2em&#8220; body_font=&#8220;Poppins||||||||&#8220; body_font_size=&#8220;16px&#8220; body_line_height=&#8220;1.8em&#8220; meta_font=&#8220;Poppins||||||||&#8220; meta_text_color=&#8220;#9e9e9e&#8220; meta_font_size=&#8220;16px&#8220; custom_padding=&#8220;|||&#8220; border_radii=&#8220;on|5px|5px|5px|5px&#8220; border_width_all=&#8220;0px&#8220; box_shadow_style=&#8220;preset2&#8243; box_shadow_color=&#8220;#000000&#8243; global_colors_info=&#8220;{}&#8220;][\/et_pb_blog][et_pb_text _builder_version=&#8220;4.16&#8243; _module_preset=&#8220;default&#8220; header_3_font=&#8220;Roboto Condensed||||||||&#8220; custom_margin=&#8220;||4px|||&#8220; box_shadow_style=&#8220;preset2&#8243; global_colors_info=&#8220;{}&#8220;]<\/p>\n<h3 style=\"text-align: center;\"><span style=\"color: #ffffff;\">Charaktere<\/span><\/h3>\n<p>[\/et_pb_text][et_pb_blog fullwidth=&#8220;off&#8220; posts_number=&#8220;5&#8243; include_categories=&#8220;890&#8243; _builder_version=&#8220;4.27.4&#8243; header_font=&#8220;Poppins|600|||||||&#8220; header_line_height=&#8220;1.2em&#8220; body_font=&#8220;Poppins||||||||&#8220; body_font_size=&#8220;16px&#8220; body_line_height=&#8220;1.8em&#8220; meta_font=&#8220;Poppins||||||||&#8220; meta_text_color=&#8220;#9e9e9e&#8220; meta_font_size=&#8220;16px&#8220; custom_padding=&#8220;|||&#8220; border_radii=&#8220;on|5px|5px|5px|5px&#8220; border_width_all=&#8220;0px&#8220; box_shadow_style=&#8220;preset2&#8243; box_shadow_color=&#8220;#000000&#8243; global_colors_info=&#8220;{}&#8220;][\/et_pb_blog][\/et_pb_column][\/et_pb_row][et_pb_row admin_label=&#8220;Blog Area&#8220; _builder_version=&#8220;4.16&#8243; background_color=&#8220;rgba(221,0,0,0.53)&#8220; min_height=&#8220;466.5px&#8220; custom_margin=&#8220;|auto|-335px|auto||&#8220; custom_padding=&#8220;||382px|||&#8220; box_shadow_style=&#8220;preset5&#8243; box_shadow_blur=&#8220;80px&#8220; box_shadow_color=&#8220;#E02B20&#8243; locked=&#8220;off&#8220; global_colors_info=&#8220;{}&#8220;][et_pb_column type=&#8220;4_4&#8243; _builder_version=&#8220;4.16&#8243; custom_padding=&#8220;|||&#8220; global_colors_info=&#8220;{}&#8220; custom_padding__hover=&#8220;|||&#8220;][et_pb_text _builder_version=&#8220;4.27.4&#8243; _module_preset=&#8220;default&#8220; header_3_font=&#8220;Roboto Condensed||||||||&#8220; box_shadow_style=&#8220;preset2&#8243; global_colors_info=&#8220;{}&#8220;]<\/p>\n<h3 style=\"text-align: center;\"><span style=\"color: #ffffff;\">Notizen<\/span><\/h3>\n<p>[\/et_pb_text][et_pb_blog fullwidth=&#8220;off&#8220; posts_number=&#8220;5&#8243; include_categories=&#8220;894&#8243; _builder_version=&#8220;4.27.4&#8243; header_font=&#8220;Poppins|600|||||||&#8220; header_line_height=&#8220;1.2em&#8220; body_font=&#8220;Poppins||||||||&#8220; body_font_size=&#8220;16px&#8220; body_line_height=&#8220;1.8em&#8220; meta_font=&#8220;Poppins||||||||&#8220; meta_text_color=&#8220;#9e9e9e&#8220; meta_font_size=&#8220;16px&#8220; custom_padding=&#8220;|||&#8220; border_radii=&#8220;on|5px|5px|5px|5px&#8220; border_width_all=&#8220;0px&#8220; box_shadow_style=&#8220;preset2&#8243; box_shadow_color=&#8220;#000000&#8243; global_colors_info=&#8220;{}&#8220;][\/et_pb_blog][\/et_pb_column][\/et_pb_row][et_pb_row admin_label=&#8220;Blog Area&#8220; _builder_version=&#8220;4.16&#8243; background_color=&#8220;rgba(221,0,0,0.53)&#8220; min_height=&#8220;1044.5px&#8220; custom_margin=&#8220;-319px|auto||auto||&#8220; custom_padding=&#8220;|||&#8220; box_shadow_style=&#8220;preset5&#8243; box_shadow_blur=&#8220;80px&#8220; box_shadow_color=&#8220;#E02B20&#8243; locked=&#8220;off&#8220; global_colors_info=&#8220;{}&#8220;][et_pb_column type=&#8220;4_4&#8243; _builder_version=&#8220;4.16&#8243; custom_padding=&#8220;|||&#8220; global_colors_info=&#8220;{}&#8220; custom_padding__hover=&#8220;|||&#8220;][et_pb_text _builder_version=&#8220;4.16&#8243; _module_preset=&#8220;default&#8220; header_3_font=&#8220;Roboto Condensed||||||||&#8220; box_shadow_style=&#8220;preset2&#8243; global_colors_info=&#8220;{}&#8220;]<\/p>\n<h3 style=\"text-align: center;\"><span style=\"color: #ffffff;\">Alle Abenteuer der Gruppe<br \/><\/span><\/h3>\n<p>[\/et_pb_text][et_pb_blog fullwidth=&#8220;off&#8220; posts_number=&#8220;250&#8243; include_categories=&#8220;889,12&#8243; _builder_version=&#8220;4.27.4&#8243; header_font=&#8220;Poppins|600|||||||&#8220; header_line_height=&#8220;1.2em&#8220; body_font=&#8220;Poppins||||||||&#8220; body_font_size=&#8220;16px&#8220; body_line_height=&#8220;1.8em&#8220; meta_font=&#8220;Poppins||||||||&#8220; meta_text_color=&#8220;#9e9e9e&#8220; meta_font_size=&#8220;16px&#8220; custom_padding=&#8220;|||&#8220; border_radii=&#8220;on|5px|5px|5px|5px&#8220; border_width_all=&#8220;0px&#8220; box_shadow_style=&#8220;preset2&#8243; box_shadow_color=&#8220;#000000&#8243; global_colors_info=&#8220;{}&#8220;][\/et_pb_blog][\/et_pb_column][\/et_pb_row][\/et_pb_section]<\/p>\n","protected":false},"excerpt":{"rendered":"<p>\u00a0Willkommen bei den Schuppenschl\u00e4chtern Hoch in den felsigen Ausl\u00e4ufern der schneebedeckten Schwertberge liegt die Bergbaustadt Phandalin \u2013 eine kleine Siedlung aus einfachen Blockh\u00e4usern, die sich trotzig in die raue Landschaft schmiegt. Umgeben von den \u00dcberresten zerfallender Steinruinen, die einst von einer bl\u00fchenden Stadt k\u00fcndeten, ist Phandalin heute ein Ort der stillen Best\u00e4ndigkeit, wo Geschichte in [&hellip;]<\/p>\n","protected":false},"author":1,"featured_media":0,"parent":0,"menu_order":0,"comment_status":"closed","ping_status":"closed","template":"","meta":{"_et_pb_use_builder":"on","_et_pb_old_content":"[et_pb_section fb_built=\"1\" admin_label=\"Blog Section\" _builder_version=\"4.16\" background_color=\"#000000\" background_color_gradient_start=\"#e02b20\" background_color_gradient_end=\"#000000\" custom_margin=\"|||\" custom_padding=\"0px||90px|||\" global_colors_info=\"{}\"][et_pb_row column_structure=\"1_2,1_2\" admin_label=\"Title Area\" _builder_version=\"4.16.0\" background_image=\"https:\/\/rpg-berlin.de\/rpg\/wp-content\/uploads\/2015\/03\/theoutbreaks2.png\" background_size=\"contain\" background_position=\"center_right\" background_horizontal_offset=\"10%\" min_height=\"338.4px\" custom_padding=\"||12px|||\" box_shadow_style=\"preset2\" box_shadow_color=\"#E02B20\" locked=\"off\" global_colors_info=\"{}\"][et_pb_column type=\"1_2\" _builder_version=\"4.16\" _module_preset=\"default\" global_colors_info=\"{}\"][et_pb_text admin_label=\"Title\" _builder_version=\"4.16\" text_font=\"Poppins||||||||\" text_font_size=\"16px\" text_line_height=\"1.8em\" header_font=\"||||||||\" header_line_height=\"1.2em\" header_2_font=\"Roboto|600|||||||\" header_2_text_align=\"center\" header_2_font_size=\"36px\" header_2_line_height=\"1.4em\" background_color=\"rgba(0,0,0,0.42)\" text_orientation=\"center\" max_width=\"550px\" module_alignment=\"center\" custom_margin=\"||10px|\" custom_padding=\"||9px|||\" animation_style=\"slide\" animation_direction=\"top\" animation_intensity_slide=\"10%\" animation_starting_opacity=\"100%\" box_shadow_style=\"preset1\" box_shadow_color=\"rgba(0,0,0,0.73)\" inline_fonts=\"Roboto Condensed,Roboto\" global_colors_info=\"{}\"]<h1><span style=\"color: #e02b20; font-size: x-large;\">\u00a0<span style=\"font-family: Roboto; font-weight: normal;\">Willkommen bei den<\/span> Outbreaks<br \/><\/span><\/h1>\n<p><span style=\"color: #ffffff; font-family: Roboto Condensed; font-weight: normal; font-size: small;\">Alles \u00fcber Tief in Sharn sieht kaum jemand die Sonne, und es gibt immer etwas zu tun f\u00fcr Leute, deren Moralit\u00e4t sich nach dem Auftraggeber richtet.<br \/><\/span><\/p>[\/et_pb_text][\/et_pb_column][et_pb_column type=\"1_2\" _builder_version=\"4.16\" custom_padding=\"|||\" global_colors_info=\"{}\" custom_padding__hover=\"|||\"][\/et_pb_column][\/et_pb_row][et_pb_row admin_label=\"Blog Area\" _builder_version=\"4.16\" background_color=\"rgba(221,0,0,0.53)\" min_height=\"1044.5px\" custom_padding=\"|||\" box_shadow_style=\"preset5\" box_shadow_blur=\"80px\" box_shadow_color=\"#E02B20\" global_colors_info=\"{}\"][et_pb_column type=\"4_4\" _builder_version=\"4.16\" custom_padding=\"|||\" global_colors_info=\"{}\" custom_padding__hover=\"|||\"][et_pb_text _builder_version=\"4.16\" _module_preset=\"default\" header_3_font=\"Roboto Condensed||||||||\" box_shadow_style=\"preset2\" global_colors_info=\"{}\"]<h3 style=\"text-align: center;\"><span style=\"color: #ffffff;\">Abenteuer<\/span><\/h3>[\/et_pb_text][et_pb_blog fullwidth=\"off\" posts_number=\"3\" include_categories=\"864\" show_thumbnail=\"off\" _builder_version=\"4.16\" header_font=\"Poppins|600|||||||\" header_line_height=\"1.2em\" body_font=\"Poppins||||||||\" body_font_size=\"16px\" body_line_height=\"1.8em\" meta_font=\"Poppins||||||||\" meta_text_color=\"#9e9e9e\" meta_font_size=\"16px\" custom_padding=\"|||\" hover_enabled=\"0\" border_radii=\"on|5px|5px|5px|5px\" border_width_all=\"0px\" box_shadow_style=\"preset2\" box_shadow_color=\"#000000\" global_colors_info=\"{}\" sticky_enabled=\"0\"][\/et_pb_blog][et_pb_text _builder_version=\"4.16\" _module_preset=\"default\" header_3_font=\"Roboto Condensed||||||||\" custom_margin=\"||4px|||\" box_shadow_style=\"preset2\" global_colors_info=\"{}\"]<h3 style=\"text-align: center;\"><span style=\"color: #ffffff;\">Charaktere<\/span><\/h3>[\/et_pb_text][et_pb_blog fullwidth=\"off\" posts_number=\"5\" include_categories=\"865\" _builder_version=\"4.16\" header_font=\"Poppins|600|||||||\" header_line_height=\"1.2em\" body_font=\"Poppins||||||||\" body_font_size=\"16px\" body_line_height=\"1.8em\" meta_font=\"Poppins||||||||\" meta_text_color=\"#9e9e9e\" meta_font_size=\"16px\" custom_padding=\"|||\" border_radii=\"on|5px|5px|5px|5px\" border_width_all=\"0px\" box_shadow_style=\"preset2\" box_shadow_color=\"#000000\" global_colors_info=\"{}\"][\/et_pb_blog][\/et_pb_column][\/et_pb_row][et_pb_row admin_label=\"Blog Area\" _builder_version=\"4.16\" background_color=\"rgba(221,0,0,0.53)\" min_height=\"466.5px\" custom_margin=\"|auto|-335px|auto||\" custom_padding=\"||382px|||\" box_shadow_style=\"preset5\" box_shadow_blur=\"80px\" box_shadow_color=\"#E02B20\" locked=\"off\" global_colors_info=\"{}\"][et_pb_column type=\"4_4\" _builder_version=\"4.16\" custom_padding=\"|||\" global_colors_info=\"{}\" custom_padding__hover=\"|||\"][et_pb_text _builder_version=\"4.16\" _module_preset=\"default\" header_3_font=\"Roboto Condensed||||||||\" box_shadow_style=\"preset2\" global_colors_info=\"{}\"]<h3 style=\"text-align: center;\"><span style=\"color: #ffffff;\">Notizen<\/span><\/h3>[\/et_pb_text][et_pb_blog fullwidth=\"off\" posts_number=\"3\" include_categories=\"784\" show_author=\"off\" _builder_version=\"4.16\" header_font=\"Poppins|600|||||||\" header_line_height=\"1.2em\" body_font=\"Poppins||||||||\" body_font_size=\"16px\" body_line_height=\"1.8em\" meta_font=\"Poppins||||||||\" meta_text_color=\"#9e9e9e\" meta_font_size=\"16px\" custom_padding=\"|||\" border_radii=\"on|5px|5px|5px|5px\" border_width_all=\"0px\" box_shadow_style=\"preset2\" box_shadow_color=\"#000000\" global_colors_info=\"{}\"][\/et_pb_blog][\/et_pb_column][\/et_pb_row][et_pb_row admin_label=\"Blog Area\" _builder_version=\"4.16\" background_color=\"rgba(221,0,0,0.53)\" min_height=\"1044.5px\" custom_margin=\"-319px|auto||auto||\" custom_padding=\"|||\" box_shadow_style=\"preset5\" box_shadow_blur=\"80px\" box_shadow_color=\"#E02B20\" locked=\"off\" global_colors_info=\"{}\"][et_pb_column type=\"4_4\" _builder_version=\"4.16\" custom_padding=\"|||\" global_colors_info=\"{}\" custom_padding__hover=\"|||\"][et_pb_text _builder_version=\"4.16\" _module_preset=\"default\" header_3_font=\"Roboto Condensed||||||||\" box_shadow_style=\"preset2\" global_colors_info=\"{}\"]<h3 style=\"text-align: center;\"><span style=\"color: #ffffff;\">Alle Abenteuer der Gruppe<br \/><\/span><\/h3>[\/et_pb_text][et_pb_blog fullwidth=\"off\" posts_number=\"250\" include_categories=\"12,864\" _builder_version=\"4.16\" header_font=\"Poppins|600|||||||\" header_line_height=\"1.2em\" body_font=\"Poppins||||||||\" body_font_size=\"16px\" body_line_height=\"1.8em\" meta_font=\"Poppins||||||||\" meta_text_color=\"#9e9e9e\" meta_font_size=\"16px\" custom_padding=\"|||\" border_radii=\"on|5px|5px|5px|5px\" border_width_all=\"0px\" box_shadow_style=\"preset2\" box_shadow_color=\"#000000\" global_colors_info=\"{}\"][\/et_pb_blog][\/et_pb_column][\/et_pb_row][\/et_pb_section]","_et_gb_content_width":"","jetpack_post_was_ever_published":false,"footnotes":""},"class_list":["post-107239","page","type-page","status-publish","hentry"],"yoast_head":"<!-- This site is optimized with the Yoast SEO plugin v27.3 - https:\/\/yoast.com\/product\/yoast-seo-wordpress\/ -->\n<title>Die Schuppenschl\u00e4chter - RPG-Berlin.de<\/title>\n<meta name=\"robots\" content=\"index, follow, max-snippet:-1, max-image-preview:large, max-video-preview:-1\" \/>\n<link rel=\"canonical\" href=\"https:\/\/rpg-berlin.de\/rpg\/die-schuppenschlaechter\/\" \/>\n<meta property=\"og:locale\" content=\"de_DE\" \/>\n<meta property=\"og:type\" content=\"article\" \/>\n<meta property=\"og:title\" content=\"Die Schuppenschl\u00e4chter - RPG-Berlin.de\" \/>\n<meta property=\"og:description\" content=\"\u00a0Willkommen bei den Schuppenschl\u00e4chtern Hoch in den felsigen Ausl\u00e4ufern der schneebedeckten Schwertberge liegt die Bergbaustadt Phandalin \u2013 eine kleine Siedlung aus einfachen Blockh\u00e4usern, die sich trotzig in die raue Landschaft schmiegt. Umgeben von den \u00dcberresten zerfallender Steinruinen, die einst von einer bl\u00fchenden Stadt k\u00fcndeten, ist Phandalin heute ein Ort der stillen Best\u00e4ndigkeit, wo Geschichte in [&hellip;]\" \/>\n<meta property=\"og:url\" content=\"https:\/\/rpg-berlin.de\/rpg\/die-schuppenschlaechter\/\" \/>\n<meta property=\"og:site_name\" content=\"RPG-Berlin.de\" \/>\n<meta property=\"article:publisher\" content=\"https:\/\/www.facebook.com\/rpg.berlin\/\" \/>\n<meta property=\"article:modified_time\" content=\"2025-10-08T07:07:26+00:00\" \/>\n<meta name=\"twitter:card\" content=\"summary_large_image\" \/>\n<meta name=\"twitter:label1\" content=\"Gesch\u00e4tzte Lesezeit\" \/>\n\t<meta name=\"twitter:data1\" content=\"2\u00a0Minuten\" \/>\n<script type=\"application\/ld+json\" class=\"yoast-schema-graph\">{\"@context\":\"https:\\\/\\\/schema.org\",\"@graph\":[{\"@type\":\"WebPage\",\"@id\":\"https:\\\/\\\/rpg-berlin.de\\\/rpg\\\/die-schuppenschlaechter\\\/\",\"url\":\"https:\\\/\\\/rpg-berlin.de\\\/rpg\\\/die-schuppenschlaechter\\\/\",\"name\":\"Die Schuppenschl\u00e4chter - RPG-Berlin.de\",\"isPartOf\":{\"@id\":\"https:\\\/\\\/rpg-berlin.de\\\/rpg\\\/#website\"},\"datePublished\":\"2025-01-26T09:23:31+00:00\",\"dateModified\":\"2025-10-08T07:07:26+00:00\",\"breadcrumb\":{\"@id\":\"https:\\\/\\\/rpg-berlin.de\\\/rpg\\\/die-schuppenschlaechter\\\/#breadcrumb\"},\"inLanguage\":\"de\",\"potentialAction\":[{\"@type\":\"ReadAction\",\"target\":[\"https:\\\/\\\/rpg-berlin.de\\\/rpg\\\/die-schuppenschlaechter\\\/\"]}]},{\"@type\":\"BreadcrumbList\",\"@id\":\"https:\\\/\\\/rpg-berlin.de\\\/rpg\\\/die-schuppenschlaechter\\\/#breadcrumb\",\"itemListElement\":[{\"@type\":\"ListItem\",\"position\":1,\"name\":\"Startseite\",\"item\":\"https:\\\/\\\/rpg-berlin.de\\\/rpg\\\/\"},{\"@type\":\"ListItem\",\"position\":2,\"name\":\"Die Schuppenschl\u00e4chter\"}]},{\"@type\":\"WebSite\",\"@id\":\"https:\\\/\\\/rpg-berlin.de\\\/rpg\\\/#website\",\"url\":\"https:\\\/\\\/rpg-berlin.de\\\/rpg\\\/\",\"name\":\"RPG-Berlin.de\",\"description\":\"Blog mehrerer D&amp;D 5e Rollenspielergruppen\",\"publisher\":{\"@id\":\"https:\\\/\\\/rpg-berlin.de\\\/rpg\\\/#organization\"},\"potentialAction\":[{\"@type\":\"SearchAction\",\"target\":{\"@type\":\"EntryPoint\",\"urlTemplate\":\"https:\\\/\\\/rpg-berlin.de\\\/rpg\\\/?s={search_term_string}\"},\"query-input\":{\"@type\":\"PropertyValueSpecification\",\"valueRequired\":true,\"valueName\":\"search_term_string\"}}],\"inLanguage\":\"de\"},{\"@type\":\"Organization\",\"@id\":\"https:\\\/\\\/rpg-berlin.de\\\/rpg\\\/#organization\",\"name\":\"RPG-Berlin.de\",\"url\":\"https:\\\/\\\/rpg-berlin.de\\\/rpg\\\/\",\"logo\":{\"@type\":\"ImageObject\",\"inLanguage\":\"de\",\"@id\":\"https:\\\/\\\/rpg-berlin.de\\\/rpg\\\/#\\\/schema\\\/logo\\\/image\\\/\",\"url\":\"https:\\\/\\\/i0.wp.com\\\/rpg-berlin.de\\\/rpg\\\/wp-content\\\/uploads\\\/2019\\\/05\\\/cropped-Ogma4.png?fit=95%2C95&ssl=1\",\"contentUrl\":\"https:\\\/\\\/i0.wp.com\\\/rpg-berlin.de\\\/rpg\\\/wp-content\\\/uploads\\\/2019\\\/05\\\/cropped-Ogma4.png?fit=95%2C95&ssl=1\",\"width\":95,\"height\":95,\"caption\":\"RPG-Berlin.de\"},\"image\":{\"@id\":\"https:\\\/\\\/rpg-berlin.de\\\/rpg\\\/#\\\/schema\\\/logo\\\/image\\\/\"},\"sameAs\":[\"https:\\\/\\\/www.facebook.com\\\/rpg.berlin\\\/\"]}]}<\/script>\n<!-- \/ Yoast SEO plugin. -->","yoast_head_json":{"title":"Die Schuppenschl\u00e4chter - RPG-Berlin.de","robots":{"index":"index","follow":"follow","max-snippet":"max-snippet:-1","max-image-preview":"max-image-preview:large","max-video-preview":"max-video-preview:-1"},"canonical":"https:\/\/rpg-berlin.de\/rpg\/die-schuppenschlaechter\/","og_locale":"de_DE","og_type":"article","og_title":"Die Schuppenschl\u00e4chter - RPG-Berlin.de","og_description":"\u00a0Willkommen bei den Schuppenschl\u00e4chtern Hoch in den felsigen Ausl\u00e4ufern der schneebedeckten Schwertberge liegt die Bergbaustadt Phandalin \u2013 eine kleine Siedlung aus einfachen Blockh\u00e4usern, die sich trotzig in die raue Landschaft schmiegt. Umgeben von den \u00dcberresten zerfallender Steinruinen, die einst von einer bl\u00fchenden Stadt k\u00fcndeten, ist Phandalin heute ein Ort der stillen Best\u00e4ndigkeit, wo Geschichte in [&hellip;]","og_url":"https:\/\/rpg-berlin.de\/rpg\/die-schuppenschlaechter\/","og_site_name":"RPG-Berlin.de","article_publisher":"https:\/\/www.facebook.com\/rpg.berlin\/","article_modified_time":"2025-10-08T07:07:26+00:00","twitter_card":"summary_large_image","twitter_misc":{"Gesch\u00e4tzte Lesezeit":"2\u00a0Minuten"},"schema":{"@context":"https:\/\/schema.org","@graph":[{"@type":"WebPage","@id":"https:\/\/rpg-berlin.de\/rpg\/die-schuppenschlaechter\/","url":"https:\/\/rpg-berlin.de\/rpg\/die-schuppenschlaechter\/","name":"Die Schuppenschl\u00e4chter - RPG-Berlin.de","isPartOf":{"@id":"https:\/\/rpg-berlin.de\/rpg\/#website"},"datePublished":"2025-01-26T09:23:31+00:00","dateModified":"2025-10-08T07:07:26+00:00","breadcrumb":{"@id":"https:\/\/rpg-berlin.de\/rpg\/die-schuppenschlaechter\/#breadcrumb"},"inLanguage":"de","potentialAction":[{"@type":"ReadAction","target":["https:\/\/rpg-berlin.de\/rpg\/die-schuppenschlaechter\/"]}]},{"@type":"BreadcrumbList","@id":"https:\/\/rpg-berlin.de\/rpg\/die-schuppenschlaechter\/#breadcrumb","itemListElement":[{"@type":"ListItem","position":1,"name":"Startseite","item":"https:\/\/rpg-berlin.de\/rpg\/"},{"@type":"ListItem","position":2,"name":"Die Schuppenschl\u00e4chter"}]},{"@type":"WebSite","@id":"https:\/\/rpg-berlin.de\/rpg\/#website","url":"https:\/\/rpg-berlin.de\/rpg\/","name":"RPG-Berlin.de","description":"Blog mehrerer D&amp;D 5e Rollenspielergruppen","publisher":{"@id":"https:\/\/rpg-berlin.de\/rpg\/#organization"},"potentialAction":[{"@type":"SearchAction","target":{"@type":"EntryPoint","urlTemplate":"https:\/\/rpg-berlin.de\/rpg\/?s={search_term_string}"},"query-input":{"@type":"PropertyValueSpecification","valueRequired":true,"valueName":"search_term_string"}}],"inLanguage":"de"},{"@type":"Organization","@id":"https:\/\/rpg-berlin.de\/rpg\/#organization","name":"RPG-Berlin.de","url":"https:\/\/rpg-berlin.de\/rpg\/","logo":{"@type":"ImageObject","inLanguage":"de","@id":"https:\/\/rpg-berlin.de\/rpg\/#\/schema\/logo\/image\/","url":"https:\/\/i0.wp.com\/rpg-berlin.de\/rpg\/wp-content\/uploads\/2019\/05\/cropped-Ogma4.png?fit=95%2C95&ssl=1","contentUrl":"https:\/\/i0.wp.com\/rpg-berlin.de\/rpg\/wp-content\/uploads\/2019\/05\/cropped-Ogma4.png?fit=95%2C95&ssl=1","width":95,"height":95,"caption":"RPG-Berlin.de"},"image":{"@id":"https:\/\/rpg-berlin.de\/rpg\/#\/schema\/logo\/image\/"},"sameAs":["https:\/\/www.facebook.com\/rpg.berlin\/"]}]}},"jetpack_sharing_enabled":true,"jetpack_shortlink":"https:\/\/wp.me\/P4p3r6-rTF","_links":{"self":[{"href":"https:\/\/rpg-berlin.de\/rpg\/wp-json\/wp\/v2\/pages\/107239","targetHints":{"allow":["GET"]}}],"collection":[{"href":"https:\/\/rpg-berlin.de\/rpg\/wp-json\/wp\/v2\/pages"}],"about":[{"href":"https:\/\/rpg-berlin.de\/rpg\/wp-json\/wp\/v2\/types\/page"}],"author":[{"embeddable":true,"href":"https:\/\/rpg-berlin.de\/rpg\/wp-json\/wp\/v2\/users\/1"}],"replies":[{"embeddable":true,"href":"https:\/\/rpg-berlin.de\/rpg\/wp-json\/wp\/v2\/comments?post=107239"}],"version-history":[{"count":13,"href":"https:\/\/rpg-berlin.de\/rpg\/wp-json\/wp\/v2\/pages\/107239\/revisions"}],"predecessor-version":[{"id":109250,"href":"https:\/\/rpg-berlin.de\/rpg\/wp-json\/wp\/v2\/pages\/107239\/revisions\/109250"}],"wp:attachment":[{"href":"https:\/\/rpg-berlin.de\/rpg\/wp-json\/wp\/v2\/media?parent=107239"}],"curies":[{"name":"wp","href":"https:\/\/api.w.org\/{rel}","templated":true}]}}