{"id":104443,"date":"2022-01-28T23:01:10","date_gmt":"2022-01-28T22:01:10","guid":{"rendered":"https:\/\/rpg-berlin.de\/rpg\/?page_id=104443"},"modified":"2025-03-02T15:15:47","modified_gmt":"2025-03-02T14:15:47","slug":"the-legacy-of-the-past","status":"publish","type":"page","link":"https:\/\/rpg-berlin.de\/rpg\/the-legacy-of-the-past\/","title":{"rendered":"The Legacy of the Past"},"content":{"rendered":"<p>[et_pb_section fb_built=&#8220;1&#8243; admin_label=&#8220;Blog Section&#8220; _builder_version=&#8220;4.16&#8243; background_color=&#8220;#000000&#8243; background_color_gradient_start=&#8220;#e02b20&#8243; background_color_gradient_end=&#8220;#000000&#8243; custom_margin=&#8220;|||&#8220; custom_padding=&#8220;0px||105px|||&#8220; global_colors_info=&#8220;{}&#8220;][et_pb_row column_structure=&#8220;1_2,1_2&#8243; admin_label=&#8220;Title Area&#8220; _builder_version=&#8220;4.16&#8243; background_enable_image=&#8220;off&#8220; background_size=&#8220;initial&#8220; min_height=&#8220;338.4px&#8220; custom_padding=&#8220;||12px|||&#8220; box_shadow_style=&#8220;preset1&#8243; box_shadow_vertical=&#8220;80px&#8220; box_shadow_blur=&#8220;77px&#8220; box_shadow_spread=&#8220;-12px&#8220; box_shadow_color=&#8220;#E02B20&#8243; locked=&#8220;off&#8220; global_colors_info=&#8220;{}&#8220;][et_pb_column type=&#8220;1_2&#8243; _builder_version=&#8220;4.16&#8243; _module_preset=&#8220;default&#8220; global_colors_info=&#8220;{}&#8220;][et_pb_image src=&#8220;https:\/\/rpg-berlin.de\/rpg\/wp-content\/uploads\/2025\/02\/Legacy_of_the_Past.webp&#8220; title_text=&#8220;Legacy_of_the_Past&#8220; _builder_version=&#8220;4.27.4&#8243; _module_preset=&#8220;default&#8220; global_colors_info=&#8220;{}&#8220;][\/et_pb_image][\/et_pb_column][et_pb_column type=&#8220;1_2&#8243; _builder_version=&#8220;4.16&#8243; custom_padding=&#8220;|||&#8220; global_colors_info=&#8220;{}&#8220; custom_padding__hover=&#8220;|||&#8220;][et_pb_text admin_label=&#8220;Title&#8220; _builder_version=&#8220;4.27.4&#8243; text_font=&#8220;Roboto Condensed||||||||&#8220; text_text_color=&#8220;#FFFFFF&#8220; text_font_size=&#8220;12px&#8220; text_line_height=&#8220;1.8em&#8220; header_font=&#8220;||||||||&#8220; header_line_height=&#8220;1.2em&#8220; header_2_font=&#8220;Roboto|600|||||||&#8220; header_2_text_align=&#8220;center&#8220; header_2_font_size=&#8220;36px&#8220; header_2_line_height=&#8220;1.4em&#8220; background_color=&#8220;rgba(0,0,0,0.77)&#8220; text_orientation=&#8220;center&#8220; max_width=&#8220;550px&#8220; module_alignment=&#8220;center&#8220; custom_margin=&#8220;||10px|&#8220; custom_padding=&#8220;|20px|9px|20px|false|false&#8220; animation_style=&#8220;slide&#8220; animation_direction=&#8220;top&#8220; animation_intensity_slide=&#8220;10%&#8220; animation_starting_opacity=&#8220;100%&#8220; box_shadow_style=&#8220;preset1&#8243; box_shadow_color=&#8220;rgba(0,0,0,0.73)&#8220; inline_fonts=&#8220;Roboto Condensed,Roboto&#8220; global_colors_info=&#8220;{}&#8220;]<\/p>\n<h1><span style=\"color: #e02b20; font-size: x-large;\"><span style=\"font-family: Roboto Condensed; font-weight: normal;\">Willkommen bei<br \/>\nLegacy of the Past<\/span><br \/>\n<\/span><\/h1>\n<p style=\"text-align: center;\"><span style=\"color: #ffffff; font-family: Roboto Condensed; font-weight: normal; font-size: small;\">In den letzten Tagen ging es bei der Rede von den Stra\u00dfen und Tavernen um den sogenannten Todesfluch: eine Verschwendungskrankheit, die jeden heimsucht, der jemals von den Toten aufgereckt wurde. Die Opfer werden jeden Tag d\u00fcnner und schw\u00e4cher, rutschen langsam aber stetig in Richtung des Todes, den sie einst leugneten. Wenn sie schlie\u00dflich erliegen, k\u00f6nnen sie nicht aufgezogen werden &#8211; und auch niemand sonst, unabh\u00e4ngig davon, ob sie dieses Wunder jemals in der Vergangenheit erhalten haben. Tempel und Gelehrter g\u00f6ttlicher Magie sind ratlos, einen Fluch zu erkl\u00e4ren, der die gesamte Region und m\u00f6glicherweise die ganze Welt beeinflusst hat.<\/span><\/p>\n<p>Sie wurden in das Haus von Syndra Silvane, einem pensionierten Abenteurer und H\u00e4ndler, eingeladen. Ein uniformierter Begleiter f\u00fchrt Sie eine gro\u00dfe Treppe in den dritten Stock und f\u00fchrt Sie dann in einen holzget\u00e4felten Raum mit Kamin, bequemen St\u00fchlen und einem schweren Tisch, der Kelche und Weinflaschen tr\u00e4gt. Die dunkel get\u00e4felten W\u00e4nde sind mit Karten und Meereskarten beh\u00e4ngt. Racks, Regale und Schr\u00e4nke enthalten Hunderte weitere zusammengerollte Karten und Diagramme.<\/p>\n<p>Eine Person sitzt in einem \u00fcberf\u00fcllten Stuhl in der N\u00e4he des Feuers. Man kann kein Geschlecht erkennen, denn nur der Kopf der Person taucht unter einer schweren Decke \u00fcber dem Stuhl drapiert auf, und eine bestickte Kapuze und eine silberne Maske verbergen das Gesicht des Tr\u00e4gers. Selbst die trockene, kratzige Stimme der Person liefert keine Ahnung. &#8222;Helfen Sie, um Wein zu trinken und sich selbst, Freunde zu finden &#8211; ich hoffe, ich m\u00f6chte Sie so nennen.&#8220;<\/p>\n<p style=\"text-align: center;\"><span style=\"color: #ffffff; font-family: Roboto Condensed; font-weight: normal; font-size: small;\">\u00a0<\/span><\/p>\n<p>[\/et_pb_text][\/et_pb_column][\/et_pb_row][et_pb_row admin_label=&#8220;Blog Area&#8220; _builder_version=&#8220;4.16&#8243; background_color=&#8220;rgba(221,0,0,0.53)&#8220; min_height=&#8220;1044.5px&#8220; custom_padding=&#8220;|||&#8220; box_shadow_style=&#8220;preset5&#8243; box_shadow_blur=&#8220;80px&#8220; box_shadow_color=&#8220;#E02B20&#8243; global_colors_info=&#8220;{}&#8220;][et_pb_column type=&#8220;4_4&#8243; _builder_version=&#8220;4.16&#8243; custom_padding=&#8220;|||&#8220; global_colors_info=&#8220;{}&#8220; custom_padding__hover=&#8220;|||&#8220;][et_pb_text _builder_version=&#8220;4.16&#8243; _module_preset=&#8220;default&#8220; header_3_font=&#8220;Roboto Condensed||||||||&#8220; box_shadow_style=&#8220;preset1&#8243; global_colors_info=&#8220;{}&#8220;]<\/p>\n<h3 style=\"text-align: center;\"><span style=\"color: #ffffff;\">Abenteuer<\/span><\/h3>\n<p>[\/et_pb_text][et_pb_blog fullwidth=&#8220;off&#8220; posts_number=&#8220;3&#8243; include_categories=&#8220;620&#8243; show_thumbnail=&#8220;off&#8220; show_more=&#8220;on&#8220; show_author=&#8220;off&#8220; _builder_version=&#8220;4.16&#8243; header_font=&#8220;Poppins|600|||||||&#8220; header_line_height=&#8220;1.2em&#8220; body_font=&#8220;Poppins||||||||&#8220; body_font_size=&#8220;16px&#8220; body_line_height=&#8220;1.8em&#8220; meta_font=&#8220;Poppins||||||||&#8220; meta_text_color=&#8220;#9e9e9e&#8220; meta_font_size=&#8220;16px&#8220; custom_padding=&#8220;|||&#8220; border_radii=&#8220;on|5px|5px|5px|5px&#8220; border_width_all=&#8220;0px&#8220; box_shadow_style=&#8220;preset2&#8243; box_shadow_color=&#8220;#000000&#8243; global_colors_info=&#8220;{}&#8220;][\/et_pb_blog][et_pb_text _builder_version=&#8220;4.16&#8243; _module_preset=&#8220;default&#8220; header_3_font=&#8220;Roboto Condensed||||||||&#8220; custom_margin=&#8220;||4px|||&#8220; box_shadow_style=&#8220;preset1&#8243; global_colors_info=&#8220;{}&#8220;]<\/p>\n<h3 style=\"text-align: center;\"><span style=\"color: #ffffff;\">Charaktere<\/span><\/h3>\n<p>[\/et_pb_text][et_pb_blog fullwidth=&#8220;off&#8220; posts_number=&#8220;6&#8243; include_categories=&#8220;621&#8243; _builder_version=&#8220;4.27.4&#8243; header_font=&#8220;Poppins|600|||||||&#8220; header_line_height=&#8220;1.2em&#8220; body_font=&#8220;Poppins||||||||&#8220; body_font_size=&#8220;16px&#8220; body_line_height=&#8220;1.8em&#8220; meta_font=&#8220;Poppins||||||||&#8220; meta_text_color=&#8220;#9e9e9e&#8220; meta_font_size=&#8220;16px&#8220; custom_padding=&#8220;|||&#8220; hover_enabled=&#8220;0&#8243; border_radii=&#8220;on|5px|5px|5px|5px&#8220; border_width_all=&#8220;0px&#8220; box_shadow_style=&#8220;preset2&#8243; box_shadow_color=&#8220;#000000&#8243; global_colors_info=&#8220;{}&#8220; sticky_enabled=&#8220;0&#8243; show_categories=&#8220;off&#8220; show_pagination=&#8220;off&#8220; show_excerpt=&#8220;off&#8220;][\/et_pb_blog][\/et_pb_column][\/et_pb_row][et_pb_row _builder_version=&#8220;4.16&#8243; _module_preset=&#8220;default&#8220; background_color=&#8220;rgba(221,0,0,0.53)&#8220; box_shadow_style=&#8220;preset1&#8243; box_shadow_blur=&#8220;80px&#8220; box_shadow_spread=&#8220;-2px&#8220; box_shadow_color=&#8220;#E02B20&#8243; global_colors_info=&#8220;{}&#8220;][et_pb_column type=&#8220;4_4&#8243; _builder_version=&#8220;4.16&#8243; _module_preset=&#8220;default&#8220; global_colors_info=&#8220;{}&#8220;][et_pb_text _builder_version=&#8220;4.16&#8243; _module_preset=&#8220;default&#8220; header_3_font=&#8220;Roboto Condensed||||||||&#8220; box_shadow_style=&#8220;preset1&#8243; locked=&#8220;off&#8220; global_colors_info=&#8220;{}&#8220;]<\/p>\n<h3 style=\"text-align: center;\"><span style=\"color: #ffffff;\">Notizen<\/span><\/h3>\n<p>[\/et_pb_text][et_pb_blog fullwidth=&#8220;off&#8220; posts_number=&#8220;1&#8243; include_categories=&#8220;787&#8243; show_thumbnail=&#8220;off&#8220; show_more=&#8220;on&#8220; show_author=&#8220;off&#8220; _builder_version=&#8220;4.27.4&#8243; header_font=&#8220;Poppins|600|||||||&#8220; header_line_height=&#8220;1.2em&#8220; body_font=&#8220;Poppins||||||||&#8220; body_font_size=&#8220;16px&#8220; body_line_height=&#8220;1.8em&#8220; meta_font=&#8220;Poppins||||||||&#8220; meta_text_color=&#8220;#9e9e9e&#8220; meta_font_size=&#8220;16px&#8220; custom_padding=&#8220;|||&#8220; border_radii=&#8220;on|5px|5px|5px|5px&#8220; border_width_all=&#8220;0px&#8220; box_shadow_style=&#8220;preset2&#8243; box_shadow_color=&#8220;#000000&#8243; locked=&#8220;off&#8220; global_colors_info=&#8220;{}&#8220;][\/et_pb_blog][\/et_pb_column][\/et_pb_row][et_pb_row _builder_version=&#8220;4.16&#8243; _module_preset=&#8220;default&#8220; background_color=&#8220;rgba(221,0,0,0.53)&#8220; box_shadow_style=&#8220;preset1&#8243; box_shadow_blur=&#8220;80px&#8220; box_shadow_spread=&#8220;-2px&#8220; box_shadow_color=&#8220;#E02B20&#8243; global_colors_info=&#8220;{}&#8220;][et_pb_column type=&#8220;4_4&#8243; _builder_version=&#8220;4.16&#8243; _module_preset=&#8220;default&#8220; global_colors_info=&#8220;{}&#8220;][et_pb_text _builder_version=&#8220;4.16&#8243; _module_preset=&#8220;default&#8220; text_font=&#8220;Roboto Condensed||||||||&#8220; header_font=&#8220;Roboto Condensed||||||||&#8220; header_text_color=&#8220;RGBA(255,255,255,0)&#8220; header_3_font=&#8220;Roboto Condensed||||||||&#8220; header_3_text_align=&#8220;center&#8220; header_3_text_color=&#8220;RGBA(255,255,255,0)&#8220; background_color=&#8220;#87120c&#8220; custom_margin=&#8220;||50px||false|false&#8220; box_shadow_style=&#8220;preset1&#8243; box_shadow_blur=&#8220;39px&#8220; box_shadow_spread=&#8220;7px&#8220; box_shadow_color=&#8220;#E02B20&#8243; locked=&#8220;off&#8220; global_colors_info=&#8220;{}&#8220;]<\/p>\n<h3 style=\"text-align: center;\"><span style=\"color: #ffffff;\">Alle Abenteuer der Gruppe<br \/><\/span><\/h3>\n<p>[\/et_pb_text][et_pb_blog fullwidth=&#8220;off&#8220; posts_number=&#8220;200&#8243; include_categories=&#8220;620&#8243; use_manual_excerpt=&#8220;off&#8220; show_categories=&#8220;off&#8220; _builder_version=&#8220;4.27.4&#8243; header_level=&#8220;h3&#8243; header_font=&#8220;Roboto Condensed|600|||||||&#8220; header_font_size=&#8220;14px&#8220; header_line_height=&#8220;1.2em&#8220; body_font=&#8220;Roboto Condensed||||||||&#8220; body_font_size=&#8220;16px&#8220; body_line_height=&#8220;1.8em&#8220; meta_font=&#8220;Roboto Condensed||||||||&#8220; meta_text_color=&#8220;#9e9e9e&#8220; meta_font_size=&#8220;14px&#8220; custom_padding=&#8220;|||&#8220; hover_enabled=&#8220;0&#8243; border_radii=&#8220;on|5px|5px|5px|5px&#8220; border_width_all=&#8220;0px&#8220; box_shadow_style=&#8220;preset3&#8243; box_shadow_vertical=&#8220;7px&#8220; box_shadow_blur=&#8220;15px&#8220; box_shadow_spread=&#8220;0px&#8220; box_shadow_color=&#8220;rgba(0,0,0,0.07)&#8220; locked=&#8220;off&#8220; global_colors_info=&#8220;{}&#8220; sticky_enabled=&#8220;0&#8243;][\/et_pb_blog][\/et_pb_column][\/et_pb_row][\/et_pb_section][et_pb_section fb_built=&#8220;1&#8243; _builder_version=&#8220;4.16&#8243; _module_preset=&#8220;default&#8220; background_color=&#8220;#020202&#8243; custom_margin=&#8220;||50px||false|false&#8220; custom_padding=&#8220;||50px||false|false&#8220; global_colors_info=&#8220;{}&#8220;][\/et_pb_section][et_pb_section fb_built=&#8220;1&#8243; admin_label=&#8220;Service Section&#8220; _builder_version=&#8220;4.16&#8243; background_color=&#8220;rgba(2,0,0,0.53)&#8220; background_color_gradient_start=&#8220;#e02b20&#8243; background_color_gradient_end=&#8220;#000000&#8243; background_image=&#8220;https:\/\/rpg-berlin.de\/rpg\/wp-content\/uploads\/2022\/01\/section-bg-triangle-left3-1.png&#8220; background_position=&#8220;top_center&#8220; min_height=&#8220;872px&#8220; custom_margin=&#8220;-17px|||||&#8220; custom_padding=&#8220;2px||90px|0px||&#8220; global_colors_info=&#8220;{}&#8220;][\/et_pb_section]<\/p>\n","protected":false},"excerpt":{"rendered":"<p>Alles \u00fcber diese Gruppe findet Ihr hier.<\/p>\n","protected":false},"author":1,"featured_media":0,"parent":0,"menu_order":0,"comment_status":"closed","ping_status":"closed","template":"","meta":{"_et_pb_use_builder":"on","_et_pb_old_content":"","_et_gb_content_width":"","jetpack_post_was_ever_published":false,"footnotes":""},"class_list":["post-104443","page","type-page","status-publish","hentry"],"yoast_head":"<!-- This site is optimized with the Yoast SEO plugin v27.3 - https:\/\/yoast.com\/product\/yoast-seo-wordpress\/ -->\n<title>The Legacy of the Past - RPG-Berlin.de<\/title>\n<meta name=\"robots\" content=\"index, follow, max-snippet:-1, max-image-preview:large, max-video-preview:-1\" \/>\n<link rel=\"canonical\" href=\"https:\/\/rpg-berlin.de\/rpg\/the-legacy-of-the-past\/\" \/>\n<meta property=\"og:locale\" content=\"de_DE\" \/>\n<meta property=\"og:type\" content=\"article\" \/>\n<meta property=\"og:title\" content=\"The Legacy of the Past - RPG-Berlin.de\" \/>\n<meta property=\"og:description\" content=\"Alles \u00fcber diese Gruppe findet Ihr hier.\" \/>\n<meta property=\"og:url\" content=\"https:\/\/rpg-berlin.de\/rpg\/the-legacy-of-the-past\/\" \/>\n<meta property=\"og:site_name\" content=\"RPG-Berlin.de\" \/>\n<meta property=\"article:publisher\" content=\"https:\/\/www.facebook.com\/rpg.berlin\/\" \/>\n<meta property=\"article:modified_time\" content=\"2025-03-02T14:15:47+00:00\" \/>\n<meta name=\"twitter:card\" content=\"summary_large_image\" \/>\n<meta name=\"twitter:label1\" content=\"Gesch\u00e4tzte Lesezeit\" \/>\n\t<meta name=\"twitter:data1\" content=\"2\u00a0Minuten\" \/>\n<script type=\"application\/ld+json\" class=\"yoast-schema-graph\">{\"@context\":\"https:\\\/\\\/schema.org\",\"@graph\":[{\"@type\":\"WebPage\",\"@id\":\"https:\\\/\\\/rpg-berlin.de\\\/rpg\\\/the-legacy-of-the-past\\\/\",\"url\":\"https:\\\/\\\/rpg-berlin.de\\\/rpg\\\/the-legacy-of-the-past\\\/\",\"name\":\"The Legacy of the Past - RPG-Berlin.de\",\"isPartOf\":{\"@id\":\"https:\\\/\\\/rpg-berlin.de\\\/rpg\\\/#website\"},\"datePublished\":\"2022-01-28T22:01:10+00:00\",\"dateModified\":\"2025-03-02T14:15:47+00:00\",\"breadcrumb\":{\"@id\":\"https:\\\/\\\/rpg-berlin.de\\\/rpg\\\/the-legacy-of-the-past\\\/#breadcrumb\"},\"inLanguage\":\"de\",\"potentialAction\":[{\"@type\":\"ReadAction\",\"target\":[\"https:\\\/\\\/rpg-berlin.de\\\/rpg\\\/the-legacy-of-the-past\\\/\"]}]},{\"@type\":\"BreadcrumbList\",\"@id\":\"https:\\\/\\\/rpg-berlin.de\\\/rpg\\\/the-legacy-of-the-past\\\/#breadcrumb\",\"itemListElement\":[{\"@type\":\"ListItem\",\"position\":1,\"name\":\"Startseite\",\"item\":\"https:\\\/\\\/rpg-berlin.de\\\/rpg\\\/\"},{\"@type\":\"ListItem\",\"position\":2,\"name\":\"The Legacy of the Past\"}]},{\"@type\":\"WebSite\",\"@id\":\"https:\\\/\\\/rpg-berlin.de\\\/rpg\\\/#website\",\"url\":\"https:\\\/\\\/rpg-berlin.de\\\/rpg\\\/\",\"name\":\"RPG-Berlin.de\",\"description\":\"Blog mehrerer D&amp;D 5e Rollenspielergruppen\",\"publisher\":{\"@id\":\"https:\\\/\\\/rpg-berlin.de\\\/rpg\\\/#organization\"},\"potentialAction\":[{\"@type\":\"SearchAction\",\"target\":{\"@type\":\"EntryPoint\",\"urlTemplate\":\"https:\\\/\\\/rpg-berlin.de\\\/rpg\\\/?s={search_term_string}\"},\"query-input\":{\"@type\":\"PropertyValueSpecification\",\"valueRequired\":true,\"valueName\":\"search_term_string\"}}],\"inLanguage\":\"de\"},{\"@type\":\"Organization\",\"@id\":\"https:\\\/\\\/rpg-berlin.de\\\/rpg\\\/#organization\",\"name\":\"RPG-Berlin.de\",\"url\":\"https:\\\/\\\/rpg-berlin.de\\\/rpg\\\/\",\"logo\":{\"@type\":\"ImageObject\",\"inLanguage\":\"de\",\"@id\":\"https:\\\/\\\/rpg-berlin.de\\\/rpg\\\/#\\\/schema\\\/logo\\\/image\\\/\",\"url\":\"https:\\\/\\\/i0.wp.com\\\/rpg-berlin.de\\\/rpg\\\/wp-content\\\/uploads\\\/2019\\\/05\\\/cropped-Ogma4.png?fit=95%2C95&ssl=1\",\"contentUrl\":\"https:\\\/\\\/i0.wp.com\\\/rpg-berlin.de\\\/rpg\\\/wp-content\\\/uploads\\\/2019\\\/05\\\/cropped-Ogma4.png?fit=95%2C95&ssl=1\",\"width\":95,\"height\":95,\"caption\":\"RPG-Berlin.de\"},\"image\":{\"@id\":\"https:\\\/\\\/rpg-berlin.de\\\/rpg\\\/#\\\/schema\\\/logo\\\/image\\\/\"},\"sameAs\":[\"https:\\\/\\\/www.facebook.com\\\/rpg.berlin\\\/\"]}]}<\/script>\n<!-- \/ Yoast SEO plugin. -->","yoast_head_json":{"title":"The Legacy of the Past - RPG-Berlin.de","robots":{"index":"index","follow":"follow","max-snippet":"max-snippet:-1","max-image-preview":"max-image-preview:large","max-video-preview":"max-video-preview:-1"},"canonical":"https:\/\/rpg-berlin.de\/rpg\/the-legacy-of-the-past\/","og_locale":"de_DE","og_type":"article","og_title":"The Legacy of the Past - RPG-Berlin.de","og_description":"Alles \u00fcber diese Gruppe findet Ihr hier.","og_url":"https:\/\/rpg-berlin.de\/rpg\/the-legacy-of-the-past\/","og_site_name":"RPG-Berlin.de","article_publisher":"https:\/\/www.facebook.com\/rpg.berlin\/","article_modified_time":"2025-03-02T14:15:47+00:00","twitter_card":"summary_large_image","twitter_misc":{"Gesch\u00e4tzte Lesezeit":"2\u00a0Minuten"},"schema":{"@context":"https:\/\/schema.org","@graph":[{"@type":"WebPage","@id":"https:\/\/rpg-berlin.de\/rpg\/the-legacy-of-the-past\/","url":"https:\/\/rpg-berlin.de\/rpg\/the-legacy-of-the-past\/","name":"The Legacy of the Past - RPG-Berlin.de","isPartOf":{"@id":"https:\/\/rpg-berlin.de\/rpg\/#website"},"datePublished":"2022-01-28T22:01:10+00:00","dateModified":"2025-03-02T14:15:47+00:00","breadcrumb":{"@id":"https:\/\/rpg-berlin.de\/rpg\/the-legacy-of-the-past\/#breadcrumb"},"inLanguage":"de","potentialAction":[{"@type":"ReadAction","target":["https:\/\/rpg-berlin.de\/rpg\/the-legacy-of-the-past\/"]}]},{"@type":"BreadcrumbList","@id":"https:\/\/rpg-berlin.de\/rpg\/the-legacy-of-the-past\/#breadcrumb","itemListElement":[{"@type":"ListItem","position":1,"name":"Startseite","item":"https:\/\/rpg-berlin.de\/rpg\/"},{"@type":"ListItem","position":2,"name":"The Legacy of the Past"}]},{"@type":"WebSite","@id":"https:\/\/rpg-berlin.de\/rpg\/#website","url":"https:\/\/rpg-berlin.de\/rpg\/","name":"RPG-Berlin.de","description":"Blog mehrerer D&amp;D 5e Rollenspielergruppen","publisher":{"@id":"https:\/\/rpg-berlin.de\/rpg\/#organization"},"potentialAction":[{"@type":"SearchAction","target":{"@type":"EntryPoint","urlTemplate":"https:\/\/rpg-berlin.de\/rpg\/?s={search_term_string}"},"query-input":{"@type":"PropertyValueSpecification","valueRequired":true,"valueName":"search_term_string"}}],"inLanguage":"de"},{"@type":"Organization","@id":"https:\/\/rpg-berlin.de\/rpg\/#organization","name":"RPG-Berlin.de","url":"https:\/\/rpg-berlin.de\/rpg\/","logo":{"@type":"ImageObject","inLanguage":"de","@id":"https:\/\/rpg-berlin.de\/rpg\/#\/schema\/logo\/image\/","url":"https:\/\/i0.wp.com\/rpg-berlin.de\/rpg\/wp-content\/uploads\/2019\/05\/cropped-Ogma4.png?fit=95%2C95&ssl=1","contentUrl":"https:\/\/i0.wp.com\/rpg-berlin.de\/rpg\/wp-content\/uploads\/2019\/05\/cropped-Ogma4.png?fit=95%2C95&ssl=1","width":95,"height":95,"caption":"RPG-Berlin.de"},"image":{"@id":"https:\/\/rpg-berlin.de\/rpg\/#\/schema\/logo\/image\/"},"sameAs":["https:\/\/www.facebook.com\/rpg.berlin\/"]}]}},"jetpack_sharing_enabled":true,"jetpack_shortlink":"https:\/\/wp.me\/P4p3r6-raz","_links":{"self":[{"href":"https:\/\/rpg-berlin.de\/rpg\/wp-json\/wp\/v2\/pages\/104443","targetHints":{"allow":["GET"]}}],"collection":[{"href":"https:\/\/rpg-berlin.de\/rpg\/wp-json\/wp\/v2\/pages"}],"about":[{"href":"https:\/\/rpg-berlin.de\/rpg\/wp-json\/wp\/v2\/types\/page"}],"author":[{"embeddable":true,"href":"https:\/\/rpg-berlin.de\/rpg\/wp-json\/wp\/v2\/users\/1"}],"replies":[{"embeddable":true,"href":"https:\/\/rpg-berlin.de\/rpg\/wp-json\/wp\/v2\/comments?post=104443"}],"version-history":[{"count":7,"href":"https:\/\/rpg-berlin.de\/rpg\/wp-json\/wp\/v2\/pages\/104443\/revisions"}],"predecessor-version":[{"id":107775,"href":"https:\/\/rpg-berlin.de\/rpg\/wp-json\/wp\/v2\/pages\/104443\/revisions\/107775"}],"wp:attachment":[{"href":"https:\/\/rpg-berlin.de\/rpg\/wp-json\/wp\/v2\/media?parent=104443"}],"curies":[{"name":"wp","href":"https:\/\/api.w.org\/{rel}","templated":true}]}}