{"id":104437,"date":"2022-01-28T22:54:45","date_gmt":"2022-01-28T21:54:45","guid":{"rendered":"https:\/\/rpg-berlin.de\/rpg\/?page_id=104437"},"modified":"2025-03-24T22:56:29","modified_gmt":"2025-03-24T21:56:29","slug":"gearpunk","status":"publish","type":"page","link":"https:\/\/rpg-berlin.de\/rpg\/gearpunk\/","title":{"rendered":"Gearpunk"},"content":{"rendered":"<p>[et_pb_section fb_built=&#8220;1&#8243; admin_label=&#8220;Blog Section&#8220; _builder_version=&#8220;4.16&#8243; background_color=&#8220;#000000&#8243; background_color_gradient_start=&#8220;#e02b20&#8243; background_color_gradient_end=&#8220;#000000&#8243; custom_margin=&#8220;|||&#8220; custom_padding=&#8220;0px||90px|||&#8220; global_colors_info=&#8220;{}&#8220;][et_pb_row column_structure=&#8220;1_2,1_2&#8243; admin_label=&#8220;Title Area&#8220; _builder_version=&#8220;4.27.4&#8243; background_image=&#8220;https:\/\/rpg-berlin.de\/rpg\/wp-content\/uploads\/2025\/03\/Gearpunks-300&#215;300.jpg&#8220; background_size=&#8220;initial&#8220; background_position=&#8220;center_right&#8220; min_height=&#8220;338.4px&#8220; custom_padding=&#8220;||12px|||&#8220; hover_enabled=&#8220;0&#8243; box_shadow_style=&#8220;preset2&#8243; box_shadow_color=&#8220;#E02B20&#8243; locked=&#8220;off&#8220; global_colors_info=&#8220;{}&#8220; sticky_enabled=&#8220;0&#8243;][et_pb_column type=&#8220;1_2&#8243; _builder_version=&#8220;4.16&#8243; _module_preset=&#8220;default&#8220; global_colors_info=&#8220;{}&#8220;][et_pb_text admin_label=&#8220;Title&#8220; _builder_version=&#8220;4.27.4&#8243; text_font=&#8220;|300|||||||&#8220; text_line_height=&#8220;1.8em&#8220; header_font=&#8220;||||||||&#8220; header_line_height=&#8220;1.2em&#8220; header_2_font=&#8220;Roboto|600|||||||&#8220; header_2_text_align=&#8220;center&#8220; header_2_font_size=&#8220;36px&#8220; header_2_line_height=&#8220;1.4em&#8220; background_color=&#8220;rgba(0,0,0,0.42)&#8220; text_orientation=&#8220;center&#8220; max_width=&#8220;550px&#8220; module_alignment=&#8220;center&#8220; custom_margin=&#8220;||10px|&#8220; custom_padding=&#8220;||9px|||&#8220; animation_style=&#8220;slide&#8220; animation_direction=&#8220;top&#8220; animation_intensity_slide=&#8220;10%&#8220; animation_starting_opacity=&#8220;100%&#8220; hover_enabled=&#8220;0&#8243; box_shadow_style=&#8220;preset1&#8243; box_shadow_color=&#8220;rgba(0,0,0,0.73)&#8220; inline_fonts=&#8220;Roboto Condensed,Roboto&#8220; global_colors_info=&#8220;{}&#8220; sticky_enabled=&#8220;0&#8243;]<\/p>\n<h1><span style=\"color: #e02b20; font-size: x-large;\">\u00a0<span style=\"font-family: Roboto; font-weight: normal;\">Willkommen bei den<\/span> Gearpunks<br \/><\/span><\/h1>\n<div dir=\"auto\"><span style=\"color: #ffffff;\">Die Gearpunks \u2013 Zahnr\u00e4der, Zorn &amp; Zivilcourage<\/span><\/div>\n<div dir=\"auto\"><\/div>\n<div dir=\"auto\"><span style=\"color: #ffffff;\">In einer Welt, in der Magie und Mechanik aufeinanderprallen, sind sie der Funke im Getriebe der Ver\u00e4nderung. Die Gearpunks \u2013 eine ungleiche Truppe aus Erfindern, Haudegen, Querk\u00f6pfen und Idealisten \u2013 treten dort auf, wo andere l\u00e4ngst aufgegeben haben.<\/span><\/div>\n<div dir=\"auto\"><\/div>\n<div dir=\"auto\"><span style=\"color: #ffffff;\">Bewaffnet mit rostigen Klingen, dampfbetriebenen Apparaten und einem unersch\u00fctterlichen Sinn f\u00fcr Gerechtigkeit, ziehen sie durch die Reiche. Sie entlarven korrupte Gilden, legen sich mit tyrannischen Magiern an und schrecken auch vor g\u00f6ttlichen Uhrwerken nicht zur\u00fcck, wenn deren Zahnr\u00e4der Leben zermahlen.<\/span><\/div>\n<div dir=\"auto\"><\/div>\n<div dir=\"auto\"><span style=\"color: #ffffff;\">Niemand beauftragt sie. Niemand erwartet sie. Doch wenn in dunklen Gassen Zahnr\u00e4der klirren und eine rote Lampe durch den Nebel glimmt, dann wei\u00df man: Die Gearpunks sind da.<\/span><\/div>\n<div dir=\"auto\"><\/div>\n<div dir=\"auto\"><span style=\"color: #ffffff;\">Und nichts l\u00e4uft mehr wie zuvor.<\/span><\/div>\n<p>[\/et_pb_text][\/et_pb_column][et_pb_column type=&#8220;1_2&#8243; _builder_version=&#8220;4.16&#8243; custom_padding=&#8220;|||&#8220; global_colors_info=&#8220;{}&#8220; custom_padding__hover=&#8220;|||&#8220;][\/et_pb_column][\/et_pb_row][et_pb_row admin_label=&#8220;Blog Area&#8220; _builder_version=&#8220;4.16&#8243; background_color=&#8220;rgba(221,0,0,0.53)&#8220; min_height=&#8220;1044.5px&#8220; custom_padding=&#8220;|||&#8220; box_shadow_style=&#8220;preset5&#8243; box_shadow_blur=&#8220;80px&#8220; box_shadow_color=&#8220;#E02B20&#8243; global_colors_info=&#8220;{}&#8220;][et_pb_column type=&#8220;4_4&#8243; _builder_version=&#8220;4.16&#8243; custom_padding=&#8220;|||&#8220; global_colors_info=&#8220;{}&#8220; custom_padding__hover=&#8220;|||&#8220;][et_pb_text _builder_version=&#8220;4.16&#8243; _module_preset=&#8220;default&#8220; header_3_font=&#8220;Roboto Condensed||||||||&#8220; box_shadow_style=&#8220;preset2&#8243; global_colors_info=&#8220;{}&#8220;]<\/p>\n<h3 style=\"text-align: center;\"><span style=\"color: #ffffff;\">Abenteuer<\/span><\/h3>\n<p>[\/et_pb_text][et_pb_blog fullwidth=&#8220;off&#8220; posts_number=&#8220;3&#8243; include_categories=&#8220;842&#8243; show_thumbnail=&#8220;off&#8220; _builder_version=&#8220;4.16&#8243; header_font=&#8220;Poppins|600|||||||&#8220; header_line_height=&#8220;1.2em&#8220; body_font=&#8220;Poppins||||||||&#8220; body_font_size=&#8220;16px&#8220; body_line_height=&#8220;1.8em&#8220; meta_font=&#8220;Poppins||||||||&#8220; meta_text_color=&#8220;#9e9e9e&#8220; meta_font_size=&#8220;16px&#8220; custom_padding=&#8220;|||&#8220; border_radii=&#8220;on|5px|5px|5px|5px&#8220; border_width_all=&#8220;0px&#8220; box_shadow_style=&#8220;preset2&#8243; box_shadow_color=&#8220;#000000&#8243; global_colors_info=&#8220;{}&#8220;][\/et_pb_blog][et_pb_text _builder_version=&#8220;4.16&#8243; _module_preset=&#8220;default&#8220; header_3_font=&#8220;Roboto Condensed||||||||&#8220; custom_margin=&#8220;||4px|||&#8220; box_shadow_style=&#8220;preset2&#8243; global_colors_info=&#8220;{}&#8220;]<\/p>\n<h3 style=\"text-align: center;\"><span style=\"color: #ffffff;\">Charaktere<\/span><\/h3>\n<p>[\/et_pb_text][et_pb_blog fullwidth=&#8220;off&#8220; posts_number=&#8220;6&#8243; include_categories=&#8220;843&#8243; _builder_version=&#8220;4.16&#8243; header_font=&#8220;Poppins|600|||||||&#8220; header_line_height=&#8220;1.2em&#8220; body_font=&#8220;Poppins||||||||&#8220; body_font_size=&#8220;16px&#8220; body_line_height=&#8220;1.8em&#8220; meta_font=&#8220;Poppins||||||||&#8220; meta_text_color=&#8220;#9e9e9e&#8220; meta_font_size=&#8220;16px&#8220; custom_padding=&#8220;|||&#8220; border_radii=&#8220;on|5px|5px|5px|5px&#8220; border_width_all=&#8220;0px&#8220; box_shadow_style=&#8220;preset2&#8243; box_shadow_color=&#8220;#000000&#8243; global_colors_info=&#8220;{}&#8220;][\/et_pb_blog][\/et_pb_column][\/et_pb_row][et_pb_row admin_label=&#8220;Blog Area&#8220; _builder_version=&#8220;4.16&#8243; background_color=&#8220;rgba(221,0,0,0.53)&#8220; min_height=&#8220;466.5px&#8220; custom_margin=&#8220;|auto|-335px|auto||&#8220; custom_padding=&#8220;||382px|||&#8220; box_shadow_style=&#8220;preset5&#8243; box_shadow_blur=&#8220;80px&#8220; box_shadow_color=&#8220;#E02B20&#8243; locked=&#8220;off&#8220; global_colors_info=&#8220;{}&#8220;][et_pb_column type=&#8220;4_4&#8243; _builder_version=&#8220;4.16&#8243; custom_padding=&#8220;|||&#8220; global_colors_info=&#8220;{}&#8220; custom_padding__hover=&#8220;|||&#8220;][et_pb_text _builder_version=&#8220;4.16&#8243; _module_preset=&#8220;default&#8220; header_3_font=&#8220;Roboto Condensed||||||||&#8220; box_shadow_style=&#8220;preset2&#8243; global_colors_info=&#8220;{}&#8220;]<\/p>\n<h3 style=\"text-align: center;\"><span style=\"color: #ffffff;\">Notizen<\/span><\/h3>\n<p>[\/et_pb_text][et_pb_blog fullwidth=&#8220;off&#8220; posts_number=&#8220;3&#8243; include_categories=&#8220;794&#8243; show_author=&#8220;off&#8220; _builder_version=&#8220;4.16&#8243; header_font=&#8220;Poppins|600|||||||&#8220; header_line_height=&#8220;1.2em&#8220; body_font=&#8220;Poppins||||||||&#8220; body_font_size=&#8220;16px&#8220; body_line_height=&#8220;1.8em&#8220; meta_font=&#8220;Poppins||||||||&#8220; meta_text_color=&#8220;#9e9e9e&#8220; meta_font_size=&#8220;16px&#8220; custom_padding=&#8220;|||&#8220; border_radii=&#8220;on|5px|5px|5px|5px&#8220; border_width_all=&#8220;0px&#8220; box_shadow_style=&#8220;preset2&#8243; box_shadow_color=&#8220;#000000&#8243; global_colors_info=&#8220;{}&#8220;][\/et_pb_blog][\/et_pb_column][\/et_pb_row][et_pb_row admin_label=&#8220;Blog Area&#8220; _builder_version=&#8220;4.16&#8243; background_color=&#8220;rgba(221,0,0,0.53)&#8220; min_height=&#8220;1044.5px&#8220; custom_margin=&#8220;-319px|auto||auto||&#8220; custom_padding=&#8220;|||&#8220; box_shadow_style=&#8220;preset5&#8243; box_shadow_blur=&#8220;80px&#8220; box_shadow_color=&#8220;#E02B20&#8243; locked=&#8220;off&#8220; global_colors_info=&#8220;{}&#8220;][et_pb_column type=&#8220;4_4&#8243; _builder_version=&#8220;4.16&#8243; custom_padding=&#8220;|||&#8220; global_colors_info=&#8220;{}&#8220; custom_padding__hover=&#8220;|||&#8220;][et_pb_text _builder_version=&#8220;4.16&#8243; _module_preset=&#8220;default&#8220; header_3_font=&#8220;Roboto Condensed||||||||&#8220; box_shadow_style=&#8220;preset2&#8243; global_colors_info=&#8220;{}&#8220;]<\/p>\n<h3 style=\"text-align: center;\"><span style=\"color: #ffffff;\">Alle Abenteuer der Gruppe<br \/><\/span><\/h3>\n<p>[\/et_pb_text][et_pb_blog fullwidth=&#8220;off&#8220; posts_number=&#8220;250&#8243; include_categories=&#8220;842&#8243; _builder_version=&#8220;4.16&#8243; header_font=&#8220;Poppins|600|||||||&#8220; header_line_height=&#8220;1.2em&#8220; body_font=&#8220;Poppins||||||||&#8220; body_font_size=&#8220;16px&#8220; body_line_height=&#8220;1.8em&#8220; meta_font=&#8220;Poppins||||||||&#8220; meta_text_color=&#8220;#9e9e9e&#8220; meta_font_size=&#8220;16px&#8220; custom_padding=&#8220;|||&#8220; border_radii=&#8220;on|5px|5px|5px|5px&#8220; border_width_all=&#8220;0px&#8220; box_shadow_style=&#8220;preset2&#8243; box_shadow_color=&#8220;#000000&#8243; global_colors_info=&#8220;{}&#8220;][\/et_pb_blog][\/et_pb_column][\/et_pb_row][\/et_pb_section]<\/p>\n","protected":false},"excerpt":{"rendered":"<p>Hier findet Ihr alles \u00fcber die Gruppe die Gearpunks.<\/p>\n","protected":false},"author":1,"featured_media":0,"parent":0,"menu_order":0,"comment_status":"closed","ping_status":"closed","template":"","meta":{"_et_pb_use_builder":"on","_et_pb_old_content":"","_et_gb_content_width":"","jetpack_post_was_ever_published":false,"footnotes":""},"class_list":["post-104437","page","type-page","status-publish","hentry"],"yoast_head":"<!-- This site is optimized with the Yoast SEO plugin v27.4 - https:\/\/yoast.com\/product\/yoast-seo-wordpress\/ -->\n<title>Gearpunk - RPG-Berlin.de<\/title>\n<meta name=\"robots\" content=\"index, follow, max-snippet:-1, max-image-preview:large, max-video-preview:-1\" \/>\n<link rel=\"canonical\" href=\"https:\/\/rpg-berlin.de\/rpg\/gearpunk\/\" \/>\n<meta property=\"og:locale\" content=\"de_DE\" \/>\n<meta property=\"og:type\" content=\"article\" \/>\n<meta property=\"og:title\" content=\"Gearpunk - RPG-Berlin.de\" \/>\n<meta property=\"og:description\" content=\"Hier findet Ihr alles \u00fcber die Gruppe die Gearpunks.\" \/>\n<meta property=\"og:url\" content=\"https:\/\/rpg-berlin.de\/rpg\/gearpunk\/\" \/>\n<meta property=\"og:site_name\" content=\"RPG-Berlin.de\" \/>\n<meta property=\"article:publisher\" content=\"https:\/\/www.facebook.com\/rpg.berlin\/\" \/>\n<meta property=\"article:modified_time\" content=\"2025-03-24T21:56:29+00:00\" \/>\n<meta name=\"twitter:card\" content=\"summary_large_image\" \/>\n<meta name=\"twitter:label1\" content=\"Gesch\u00e4tzte Lesezeit\" \/>\n\t<meta name=\"twitter:data1\" content=\"6\u00a0Minuten\" \/>\n<script type=\"application\/ld+json\" class=\"yoast-schema-graph\">{\"@context\":\"https:\\\/\\\/schema.org\",\"@graph\":[{\"@type\":\"WebPage\",\"@id\":\"https:\\\/\\\/rpg-berlin.de\\\/rpg\\\/gearpunk\\\/\",\"url\":\"https:\\\/\\\/rpg-berlin.de\\\/rpg\\\/gearpunk\\\/\",\"name\":\"Gearpunk - RPG-Berlin.de\",\"isPartOf\":{\"@id\":\"https:\\\/\\\/rpg-berlin.de\\\/rpg\\\/#website\"},\"datePublished\":\"2022-01-28T21:54:45+00:00\",\"dateModified\":\"2025-03-24T21:56:29+00:00\",\"breadcrumb\":{\"@id\":\"https:\\\/\\\/rpg-berlin.de\\\/rpg\\\/gearpunk\\\/#breadcrumb\"},\"inLanguage\":\"de\",\"potentialAction\":[{\"@type\":\"ReadAction\",\"target\":[\"https:\\\/\\\/rpg-berlin.de\\\/rpg\\\/gearpunk\\\/\"]}]},{\"@type\":\"BreadcrumbList\",\"@id\":\"https:\\\/\\\/rpg-berlin.de\\\/rpg\\\/gearpunk\\\/#breadcrumb\",\"itemListElement\":[{\"@type\":\"ListItem\",\"position\":1,\"name\":\"Startseite\",\"item\":\"https:\\\/\\\/rpg-berlin.de\\\/rpg\\\/\"},{\"@type\":\"ListItem\",\"position\":2,\"name\":\"Gearpunk\"}]},{\"@type\":\"WebSite\",\"@id\":\"https:\\\/\\\/rpg-berlin.de\\\/rpg\\\/#website\",\"url\":\"https:\\\/\\\/rpg-berlin.de\\\/rpg\\\/\",\"name\":\"RPG-Berlin.de\",\"description\":\"Blog mehrerer D&amp;D 5e Rollenspielergruppen\",\"publisher\":{\"@id\":\"https:\\\/\\\/rpg-berlin.de\\\/rpg\\\/#organization\"},\"potentialAction\":[{\"@type\":\"SearchAction\",\"target\":{\"@type\":\"EntryPoint\",\"urlTemplate\":\"https:\\\/\\\/rpg-berlin.de\\\/rpg\\\/?s={search_term_string}\"},\"query-input\":{\"@type\":\"PropertyValueSpecification\",\"valueRequired\":true,\"valueName\":\"search_term_string\"}}],\"inLanguage\":\"de\"},{\"@type\":\"Organization\",\"@id\":\"https:\\\/\\\/rpg-berlin.de\\\/rpg\\\/#organization\",\"name\":\"RPG-Berlin.de\",\"url\":\"https:\\\/\\\/rpg-berlin.de\\\/rpg\\\/\",\"logo\":{\"@type\":\"ImageObject\",\"inLanguage\":\"de\",\"@id\":\"https:\\\/\\\/rpg-berlin.de\\\/rpg\\\/#\\\/schema\\\/logo\\\/image\\\/\",\"url\":\"https:\\\/\\\/i0.wp.com\\\/rpg-berlin.de\\\/rpg\\\/wp-content\\\/uploads\\\/2019\\\/05\\\/cropped-Ogma4.png?fit=95%2C95&ssl=1\",\"contentUrl\":\"https:\\\/\\\/i0.wp.com\\\/rpg-berlin.de\\\/rpg\\\/wp-content\\\/uploads\\\/2019\\\/05\\\/cropped-Ogma4.png?fit=95%2C95&ssl=1\",\"width\":95,\"height\":95,\"caption\":\"RPG-Berlin.de\"},\"image\":{\"@id\":\"https:\\\/\\\/rpg-berlin.de\\\/rpg\\\/#\\\/schema\\\/logo\\\/image\\\/\"},\"sameAs\":[\"https:\\\/\\\/www.facebook.com\\\/rpg.berlin\\\/\"]}]}<\/script>\n<!-- \/ Yoast SEO plugin. -->","yoast_head_json":{"title":"Gearpunk - RPG-Berlin.de","robots":{"index":"index","follow":"follow","max-snippet":"max-snippet:-1","max-image-preview":"max-image-preview:large","max-video-preview":"max-video-preview:-1"},"canonical":"https:\/\/rpg-berlin.de\/rpg\/gearpunk\/","og_locale":"de_DE","og_type":"article","og_title":"Gearpunk - RPG-Berlin.de","og_description":"Hier findet Ihr alles \u00fcber die Gruppe die Gearpunks.","og_url":"https:\/\/rpg-berlin.de\/rpg\/gearpunk\/","og_site_name":"RPG-Berlin.de","article_publisher":"https:\/\/www.facebook.com\/rpg.berlin\/","article_modified_time":"2025-03-24T21:56:29+00:00","twitter_card":"summary_large_image","twitter_misc":{"Gesch\u00e4tzte Lesezeit":"6\u00a0Minuten"},"schema":{"@context":"https:\/\/schema.org","@graph":[{"@type":"WebPage","@id":"https:\/\/rpg-berlin.de\/rpg\/gearpunk\/","url":"https:\/\/rpg-berlin.de\/rpg\/gearpunk\/","name":"Gearpunk - RPG-Berlin.de","isPartOf":{"@id":"https:\/\/rpg-berlin.de\/rpg\/#website"},"datePublished":"2022-01-28T21:54:45+00:00","dateModified":"2025-03-24T21:56:29+00:00","breadcrumb":{"@id":"https:\/\/rpg-berlin.de\/rpg\/gearpunk\/#breadcrumb"},"inLanguage":"de","potentialAction":[{"@type":"ReadAction","target":["https:\/\/rpg-berlin.de\/rpg\/gearpunk\/"]}]},{"@type":"BreadcrumbList","@id":"https:\/\/rpg-berlin.de\/rpg\/gearpunk\/#breadcrumb","itemListElement":[{"@type":"ListItem","position":1,"name":"Startseite","item":"https:\/\/rpg-berlin.de\/rpg\/"},{"@type":"ListItem","position":2,"name":"Gearpunk"}]},{"@type":"WebSite","@id":"https:\/\/rpg-berlin.de\/rpg\/#website","url":"https:\/\/rpg-berlin.de\/rpg\/","name":"RPG-Berlin.de","description":"Blog mehrerer D&amp;D 5e Rollenspielergruppen","publisher":{"@id":"https:\/\/rpg-berlin.de\/rpg\/#organization"},"potentialAction":[{"@type":"SearchAction","target":{"@type":"EntryPoint","urlTemplate":"https:\/\/rpg-berlin.de\/rpg\/?s={search_term_string}"},"query-input":{"@type":"PropertyValueSpecification","valueRequired":true,"valueName":"search_term_string"}}],"inLanguage":"de"},{"@type":"Organization","@id":"https:\/\/rpg-berlin.de\/rpg\/#organization","name":"RPG-Berlin.de","url":"https:\/\/rpg-berlin.de\/rpg\/","logo":{"@type":"ImageObject","inLanguage":"de","@id":"https:\/\/rpg-berlin.de\/rpg\/#\/schema\/logo\/image\/","url":"https:\/\/i0.wp.com\/rpg-berlin.de\/rpg\/wp-content\/uploads\/2019\/05\/cropped-Ogma4.png?fit=95%2C95&ssl=1","contentUrl":"https:\/\/i0.wp.com\/rpg-berlin.de\/rpg\/wp-content\/uploads\/2019\/05\/cropped-Ogma4.png?fit=95%2C95&ssl=1","width":95,"height":95,"caption":"RPG-Berlin.de"},"image":{"@id":"https:\/\/rpg-berlin.de\/rpg\/#\/schema\/logo\/image\/"},"sameAs":["https:\/\/www.facebook.com\/rpg.berlin\/"]}]}},"jetpack_sharing_enabled":true,"jetpack_shortlink":"https:\/\/wp.me\/P4p3r6-rat","_links":{"self":[{"href":"https:\/\/rpg-berlin.de\/rpg\/wp-json\/wp\/v2\/pages\/104437","targetHints":{"allow":["GET"]}}],"collection":[{"href":"https:\/\/rpg-berlin.de\/rpg\/wp-json\/wp\/v2\/pages"}],"about":[{"href":"https:\/\/rpg-berlin.de\/rpg\/wp-json\/wp\/v2\/types\/page"}],"author":[{"embeddable":true,"href":"https:\/\/rpg-berlin.de\/rpg\/wp-json\/wp\/v2\/users\/1"}],"replies":[{"embeddable":true,"href":"https:\/\/rpg-berlin.de\/rpg\/wp-json\/wp\/v2\/comments?post=104437"}],"version-history":[{"count":3,"href":"https:\/\/rpg-berlin.de\/rpg\/wp-json\/wp\/v2\/pages\/104437\/revisions"}],"predecessor-version":[{"id":108067,"href":"https:\/\/rpg-berlin.de\/rpg\/wp-json\/wp\/v2\/pages\/104437\/revisions\/108067"}],"wp:attachment":[{"href":"https:\/\/rpg-berlin.de\/rpg\/wp-json\/wp\/v2\/media?parent=104437"}],"curies":[{"name":"wp","href":"https:\/\/api.w.org\/{rel}","templated":true}]}}